{"id":2364,"date":"2023-11-27T17:04:57","date_gmt":"2023-11-27T16:04:57","guid":{"rendered":"https:\/\/andinabyangelica.com\/?page_id=2364"},"modified":"2026-03-12T14:44:31","modified_gmt":"2026-03-12T13:44:31","slug":"about-the-artist","status":"publish","type":"page","link":"https:\/\/andinabyangelica.com\/en\/about-the-artist\/","title":{"rendered":"About Ang\u00e9lica"},"content":{"rendered":"<div class=\"wp-block-uagb-container uagb-block-0acda27a alignfull uagb-is-root-container\">\n<div class=\"wp-block-uagb-container uagb-block-71ede049\">\n<div class=\"wp-block-columns is-layout-flex wp-container-core-columns-is-layout-28f84493 wp-block-columns-is-layout-flex\">\n<div class=\"wp-block-column is-layout-flow wp-block-column-is-layout-flow\">\n<div class=\"wp-block-columns is-layout-flex wp-container-core-columns-is-layout-28f84493 wp-block-columns-is-layout-flex\">\n<div class=\"wp-block-column is-layout-flow wp-block-column-is-layout-flow\"><\/div>\n<\/div>\n<\/div>\n<\/div>\n\n\n\n<div class=\"wp-block-uagb-container uagb-block-7dc582bc\">\n<div class=\"wp-block-columns is-layout-flex wp-container-core-columns-is-layout-28f84493 wp-block-columns-is-layout-flex\">\n<div class=\"wp-block-column is-layout-flow wp-block-column-is-layout-flow\">\n<div class=\"wp-block-uagb-image uagb-block-255b36e5 wp-block-uagb-image--layout-overlay wp-block-uagb-image--effect-static wp-block-uagb-image--align-none animated fadeIn slow\"><figure class=\"wp-block-uagb-image__figure\"><img decoding=\"async\" srcset=\"https:\/\/andinabyangelica.com\/wp-content\/uploads\/2025\/09\/IMG_5039-1024x609.jpeg ,https:\/\/andinabyangelica.com\/wp-content\/uploads\/2025\/09\/IMG_5039.jpeg 780w, https:\/\/andinabyangelica.com\/wp-content\/uploads\/2025\/09\/IMG_5039.jpeg 360w\" sizes=\"auto, (max-width: 480px) 150px\" src=\"https:\/\/andinabyangelica.com\/wp-content\/uploads\/2025\/09\/IMG_5039-1024x609.jpeg\" alt=\"Illustration Artist. Ang\u00e9lica, creadora de Andina, pintando un mural de flores tropicales en su jard\u00edn m\u00e1gico.\" class=\"uag-image-6048\" width=\"1024\" height=\"609\" title=\"Andina by Angelica\u2019s founder\" loading=\"lazy\" role=\"img\"\/><div class=\"wp-block-uagb-image--layout-overlay__color-wrapper\"><\/div><div class=\"wp-block-uagb-image--layout-overlay__inner center-center\"><h1 class=\"uagb-image-heading\">About the artist<\/h1><\/div><\/figure><\/div>\n<\/div>\n<\/div>\n<\/div>\n\n\n\n<div class=\"wp-block-uagb-container uagb-block-c5a6153c\">\n<div class=\"wp-block-columns is-layout-flex wp-container-core-columns-is-layout-28f84493 wp-block-columns-is-layout-flex\">\n<div class=\"wp-block-column is-layout-flow wp-block-column-is-layout-flow\"><\/div>\n<\/div>\n<\/div>\n\n\n\n<div class=\"wp-block-uagb-container uagb-block-cfa15617\">\n<div class=\"wp-block-columns is-layout-flex wp-container-core-columns-is-layout-28f84493 wp-block-columns-is-layout-flex\">\n<div class=\"wp-block-column is-layout-flow wp-block-column-is-layout-flow\">\n<div class=\"wp-block-uagb-info-box uagb-block-f4712c88 uagb-infobox__content-wrap  uagb-infobox-icon-above-title uagb-infobox-image-valign-top wp-block-uagb-info-box--has-margin animated fadeIn slower delay-100ms\"><div class=\"uagb-infobox-margin-wrapper\"><div class=\"uagb-ifb-content\"><div class=\"uagb-ifb-title-wrap\"><h1 class=\"uagb-ifb-title\"><strong>The Heart Behind the Brush: Ang\u00e9lica<\/strong><\/h1><\/div><p class=\"uagb-ifb-desc\">I am a fashion illustrator, a businesswoman, and a dreamer. <br>With every stroke, I seek to empower, <br>inspire, and build bridges.&nbsp;<br><br>My background in business and international trade <br>has allowed me to dream boldly, <br>honoring my roots while unfolding them with sensitivity across diverse spaces. <br><br><\/p><\/div><\/div><\/div>\n\n\n\n<div class=\"wp-block-uagb-info-box uagb-block-b3788271 uagb-infobox__content-wrap  uagb-infobox-icon-above-title uagb-infobox-image-valign-top wp-block-uagb-info-box--has-margin animated fadeIn slower delay-100ms\"><div class=\"uagb-infobox-margin-wrapper\"><div class=\"uagb-ifb-content\"><div class=\"uagb-ifb-title-wrap\"><h2 class=\"uagb-ifb-title\"><strong><strong>Born from Andean Roots and Artisan Hands: <\/strong><\/strong><br><strong><strong>My Journey into <a href=\"https:\/\/andinabyangelica.com\/en\/happy-couture-2\/\" title=\"Happy Couture\">Happy Couture<\/a><\/strong><\/strong><\/h2><\/div><p class=\"uagb-ifb-desc\"><br>Through respectful cultural exchange, I share my art as a bridge <br>between the local and the global.<br><br><\/p><\/div><\/div><\/div>\n\n\n\n<div class=\"wp-block-uagb-info-box uagb-block-3c0f861f uagb-infobox__content-wrap  uagb-infobox-icon-above-title uagb-infobox-image-valign-top wp-block-uagb-info-box--has-margin animated fadeIn slower delay-100ms\"><div class=\"uagb-infobox-margin-wrapper\"><div class=\"uagb-ifb-content\"><div class=\"uagb-ifb-title-wrap\"><h3 class=\"uagb-ifb-title\"><strong>The Technique:<\/strong> <strong>A Bridge Between Ancestral Tradition and a Refined Cosmopolitan Spirit<\/strong><\/h3><\/div><p class=\"uagb-ifb-desc\">I compose visual poems where every brushstroke is a gesture of passion for art and life. I turn every reclaimed material into a treasure that blooms again; I choose unconventional pieces, visible only to the eyes of the soul, that are reborn through my creative vision and come to life as Las Chicas, the characters who inhabit each accessory.<\/p><\/div><\/div><\/div>\n<\/div>\n<\/div>\n<\/div>\n\n\n\n<div class=\"wp-block-uagb-container uagb-block-fc27bad0\">\n<div class=\"wp-block-uagb-info-box uagb-block-adbcabd2 uagb-infobox__content-wrap  uagb-infobox-icon-above-title uagb-infobox-image-valign-top\"><div class=\"uagb-ifb-content\"><div class=\"uagb-ifb-title-wrap\"><\/div><\/div><\/div>\n\n\n\n<div class=\"wp-block-uagb-info-box uagb-block-848d1c0a uagb-infobox__content-wrap  uagb-infobox-icon-above-title uagb-infobox-image-valign-top wp-block-uagb-info-box--has-margin animated fadeIn delay-200ms slower\"><div class=\"uagb-infobox-margin-wrapper\"><div class=\"uagb-ifb-content\"><div class=\"uagb-ifb-title-wrap\"><h2 class=\"uagb-ifb-title\"><strong>Creating a Magical Universe for <a href=\"https:\/\/andinabyangelica.com\/en\/las-chicas\/\" title=\"Las Chicas\">Las Chicas<\/a> My Guiding Conviction<\/strong><\/h2><\/div><p class=\"uagb-ifb-desc\">\u201cMy purpose is to shape art into a language of authenticity and confidence <br>for women around the globe\u201c<\/p><\/div><\/div><\/div>\n<\/div>\n<\/div>\n<\/div>\n\n\n\n<div class=\"wp-block-uagb-container uagb-block-ea2b8f66 alignwide uagb-is-root-container\">\n<div class=\"wp-block-uagb-container uagb-block-f9672cc2\">\n<div class=\"wp-block-uagb-container uagb-block-7bec3232\">\n<div class=\"wp-block-uagb-container uagb-block-65ee8b58\">\n<div class=\"wp-block-columns is-layout-flex wp-container-core-columns-is-layout-28f84493 wp-block-columns-is-layout-flex\">\n<div class=\"wp-block-column is-layout-flow wp-block-column-is-layout-flow\">\n<div class=\"wp-block-columns is-layout-flex wp-container-core-columns-is-layout-28f84493 wp-block-columns-is-layout-flex\">\n<div class=\"wp-block-column has-medium-font-size is-layout-flow wp-block-column-is-layout-flow\">\n<h3 class=\"wp-block-heading has-text-align-center has-ast-global-color-3-color has-text-color has-link-color has-large-font-size wp-elements-cbb1d82b5a10bd5a66d7c2a3eb5356ed\" style=\"font-style:normal;font-weight:600\">Explore Your Story<\/h3>\n<\/div>\n<\/div>\n<\/div>\n<\/div>\n<\/div>\n<\/div>\n<\/div>\n\n\n\n<div class=\"wp-block-uagb-container uagb-block-e5d2310e\">\n<div class=\"wp-block-uagb-info-box uagb-block-9aa7d058 uagb-infobox__content-wrap  uagb-infobox-icon-above-title uagb-infobox-image-valign-top wp-block-uagb-info-box--has-margin animated fadeIn delay-500ms slower\"><div class=\"uagb-infobox-margin-wrapper\"><div class=\"uagb-ifb-content\"><div class=\"uagb-ifb-title-wrap\"><div class=\"uagb-ifb-separator\"><\/div><h4 class=\"uagb-ifb-title\"><a href=\"https:\/\/andinabyangelica.com\/en\/las-chicas\/\" title=\"Las Chicas\">Shop | Art &amp; Collection<\/a><\/h4><\/div><\/div><\/div><\/div>\n<\/div>\n\n\n\n<div class=\"wp-block-uagb-container uagb-block-0d8aac3f\"><\/div>\n\n\n\n<div class=\"wp-block-uagb-container uagb-block-8c8fb617\">\n<div class=\"wp-block-uagb-info-box uagb-block-39da8ac8 uagb-infobox__content-wrap  uagb-infobox-icon-above-title uagb-infobox-image-valign-top wp-block-uagb-info-box--has-margin\"><div class=\"uagb-infobox-margin-wrapper\"><div class=\"uagb-ifb-content\"><div class=\"uagb-ifb-title-wrap\"><h4 class=\"uagb-ifb-title\"><strong>And<\/strong> <strong>follow us so you can keep traveling with us through this creative universe *<\/strong><\/h4><\/div><\/div><\/div><\/div>\n<\/div>\n\n\n\n<div class=\"wp-block-uagb-container uagb-block-1e2579a9\">\n<ul class=\"wp-block-social-links has-large-icon-size has-icon-color has-icon-background-color is-content-justification-center is-layout-flex wp-container-core-social-links-is-layout-a89b3969 wp-block-social-links-is-layout-flex\"><li style=\"color:var(--ast-global-color-7);background-color:var(--ast-global-color-6);\" class=\"wp-social-link wp-social-link-instagram has-ast-global-color-7-color has-ast-global-color-6-background-color wp-block-social-link\"><a rel=\"noopener nofollow\" target=\"_blank\" href=\"https:\/\/www.instagram.com\/andinabyangelica?igsh=MTV6bjJzMXNndG84OQ%3D%3D&#038;utm_source=qr\" class=\"wp-block-social-link-anchor\"><svg width=\"24\" height=\"24\" viewbox=\"0 0 24 24\" version=\"1.1\" xmlns=\"http:\/\/www.w3.org\/2000\/svg\" aria-hidden=\"true\" focusable=\"false\"><path d=\"M12,4.622c2.403,0,2.688,0.009,3.637,0.052c0.877,0.04,1.354,0.187,1.671,0.31c0.42,0.163,0.72,0.358,1.035,0.673 c0.315,0.315,0.51,0.615,0.673,1.035c0.123,0.317,0.27,0.794,0.31,1.671c0.043,0.949,0.052,1.234,0.052,3.637 s-0.009,2.688-0.052,3.637c-0.04,0.877-0.187,1.354-0.31,1.671c-0.163,0.42-0.358,0.72-0.673,1.035 c-0.315,0.315-0.615,0.51-1.035,0.673c-0.317,0.123-0.794,0.27-1.671,0.31c-0.949,0.043-1.233,0.052-3.637,0.052 s-2.688-0.009-3.637-0.052c-0.877-0.04-1.354-0.187-1.671-0.31c-0.42-0.163-0.72-0.358-1.035-0.673 c-0.315-0.315-0.51-0.615-0.673-1.035c-0.123-0.317-0.27-0.794-0.31-1.671C4.631,14.688,4.622,14.403,4.622,12 s0.009-2.688,0.052-3.637c0.04-0.877,0.187-1.354,0.31-1.671c0.163-0.42,0.358-0.72,0.673-1.035 c0.315-0.315,0.615-0.51,1.035-0.673c0.317-0.123,0.794-0.27,1.671-0.31C9.312,4.631,9.597,4.622,12,4.622 M12,3 C9.556,3,9.249,3.01,8.289,3.054C7.331,3.098,6.677,3.25,6.105,3.472C5.513,3.702,5.011,4.01,4.511,4.511 c-0.5,0.5-0.808,1.002-1.038,1.594C3.25,6.677,3.098,7.331,3.054,8.289C3.01,9.249,3,9.556,3,12c0,2.444,0.01,2.751,0.054,3.711 c0.044,0.958,0.196,1.612,0.418,2.185c0.23,0.592,0.538,1.094,1.038,1.594c0.5,0.5,1.002,0.808,1.594,1.038 c0.572,0.222,1.227,0.375,2.185,0.418C9.249,20.99,9.556,21,12,21s2.751-0.01,3.711-0.054c0.958-0.044,1.612-0.196,2.185-0.418 c0.592-0.23,1.094-0.538,1.594-1.038c0.5-0.5,0.808-1.002,1.038-1.594c0.222-0.572,0.375-1.227,0.418-2.185 C20.99,14.751,21,14.444,21,12s-0.01-2.751-0.054-3.711c-0.044-0.958-0.196-1.612-0.418-2.185c-0.23-0.592-0.538-1.094-1.038-1.594 c-0.5-0.5-1.002-0.808-1.594-1.038c-0.572-0.222-1.227-0.375-2.185-0.418C14.751,3.01,14.444,3,12,3L12,3z M12,7.378 c-2.552,0-4.622,2.069-4.622,4.622S9.448,16.622,12,16.622s4.622-2.069,4.622-4.622S14.552,7.378,12,7.378z M12,15 c-1.657,0-3-1.343-3-3s1.343-3,3-3s3,1.343,3,3S13.657,15,12,15z M16.804,6.116c-0.596,0-1.08,0.484-1.08,1.08 s0.484,1.08,1.08,1.08c0.596,0,1.08-0.484,1.08-1.08S17.401,6.116,16.804,6.116z\"><\/path><\/svg><span class=\"wp-block-social-link-label screen-reader-text\">Instagram<\/span><\/a><\/li>\n\n<li style=\"color:var(--ast-global-color-7);background-color:var(--ast-global-color-6);\" class=\"wp-social-link wp-social-link-pinterest has-ast-global-color-7-color has-ast-global-color-6-background-color wp-block-social-link\"><a rel=\"noopener nofollow\" target=\"_blank\" href=\"https:\/\/pin.it\/1rpntUVRe\" class=\"wp-block-social-link-anchor\"><svg width=\"24\" height=\"24\" viewbox=\"0 0 24 24\" version=\"1.1\" xmlns=\"http:\/\/www.w3.org\/2000\/svg\" aria-hidden=\"true\" focusable=\"false\"><path d=\"M12.289,2C6.617,2,3.606,5.648,3.606,9.622c0,1.846,1.025,4.146,2.666,4.878c0.25,0.111,0.381,0.063,0.439-0.169 c0.044-0.175,0.267-1.029,0.365-1.428c0.032-0.128,0.017-0.237-0.091-0.362C6.445,11.911,6.01,10.75,6.01,9.668 c0-2.777,2.194-5.464,5.933-5.464c3.23,0,5.49,2.108,5.49,5.122c0,3.407-1.794,5.768-4.13,5.768c-1.291,0-2.257-1.021-1.948-2.277 c0.372-1.495,1.089-3.112,1.089-4.191c0-0.967-0.542-1.775-1.663-1.775c-1.319,0-2.379,1.309-2.379,3.059 c0,1.115,0.394,1.869,0.394,1.869s-1.302,5.279-1.54,6.261c-0.405,1.666,0.053,4.368,0.094,4.604 c0.021,0.126,0.167,0.169,0.25,0.063c0.129-0.165,1.699-2.419,2.142-4.051c0.158-0.59,0.817-2.995,0.817-2.995 c0.43,0.784,1.681,1.446,3.013,1.446c3.963,0,6.822-3.494,6.822-7.833C20.394,5.112,16.849,2,12.289,2\"><\/path><\/svg><span class=\"wp-block-social-link-label screen-reader-text\">Pinterest<\/span><\/a><\/li>\n\n<li style=\"color:var(--ast-global-color-7);background-color:var(--ast-global-color-6);\" class=\"wp-social-link wp-social-link-facebook has-ast-global-color-7-color has-ast-global-color-6-background-color wp-block-social-link\"><a rel=\"noopener nofollow\" target=\"_blank\" href=\"https:\/\/www.facebook.com\/andinabyangelica?\" class=\"wp-block-social-link-anchor\"><svg width=\"24\" height=\"24\" viewbox=\"0 0 24 24\" version=\"1.1\" xmlns=\"http:\/\/www.w3.org\/2000\/svg\" aria-hidden=\"true\" focusable=\"false\"><path d=\"M12 2C6.5 2 2 6.5 2 12c0 5 3.7 9.1 8.4 9.9v-7H7.9V12h2.5V9.8c0-2.5 1.5-3.9 3.8-3.9 1.1 0 2.2.2 2.2.2v2.5h-1.3c-1.2 0-1.6.8-1.6 1.6V12h2.8l-.4 2.9h-2.3v7C18.3 21.1 22 17 22 12c0-5.5-4.5-10-10-10z\"><\/path><\/svg><span class=\"wp-block-social-link-label screen-reader-text\">Facebook<\/span><\/a><\/li><\/ul>\n<\/div>\n<\/div>\n\n\n\n<p><\/p>","protected":false},"excerpt":{"rendered":"<p>Explore Your Story<\/p>","protected":false},"author":1,"featured_media":0,"parent":0,"menu_order":0,"comment_status":"closed","ping_status":"closed","template":"","meta":{"_uag_custom_page_level_css":"","site-sidebar-layout":"default","site-content-layout":"page-builder","ast-site-content-layout":"full-width-container","site-content-style":"unboxed","site-sidebar-style":"unboxed","ast-global-header-display":"","ast-banner-title-visibility":"","ast-main-header-display":"","ast-hfb-above-header-display":"","ast-hfb-below-header-display":"","ast-hfb-mobile-header-display":"","site-post-title":"disabled","ast-breadcrumbs-content":"","ast-featured-img":"","footer-sml-layout":"","ast-disable-related-posts":"","theme-transparent-header-meta":"","adv-header-id-meta":"","stick-header-meta":"","header-above-stick-meta":"","header-main-stick-meta":"","header-below-stick-meta":"","astra-migrate-meta-layouts":"set","ast-page-background-enabled":"default","ast-page-background-meta":{"desktop":{"background-color":"","background-image":"","background-repeat":"repeat","background-position":"center center","background-size":"auto","background-attachment":"scroll","background-type":"","background-media":"","overlay-type":"","overlay-color":"","overlay-opacity":"","overlay-gradient":""},"tablet":{"background-color":"","background-image":"","background-repeat":"repeat","background-position":"center center","background-size":"auto","background-attachment":"scroll","background-type":"","background-media":"","overlay-type":"","overlay-color":"","overlay-opacity":"","overlay-gradient":""},"mobile":{"background-color":"","background-image":"","background-repeat":"repeat","background-position":"center center","background-size":"auto","background-attachment":"scroll","background-type":"","background-media":"","overlay-type":"","overlay-color":"","overlay-opacity":"","overlay-gradient":""}},"ast-content-background-meta":{"desktop":{"background-color":"var(--ast-global-color-5)","background-image":"","background-repeat":"repeat","background-position":"center center","background-size":"auto","background-attachment":"scroll","background-type":"","background-media":"","overlay-type":"","overlay-color":"","overlay-opacity":"","overlay-gradient":""},"tablet":{"background-color":"var(--ast-global-color-5)","background-image":"","background-repeat":"repeat","background-position":"center center","background-size":"auto","background-attachment":"scroll","background-type":"","background-media":"","overlay-type":"","overlay-color":"","overlay-opacity":"","overlay-gradient":""},"mobile":{"background-color":"var(--ast-global-color-5)","background-image":"","background-repeat":"repeat","background-position":"center center","background-size":"auto","background-attachment":"scroll","background-type":"","background-media":"","overlay-type":"","overlay-color":"","overlay-opacity":"","overlay-gradient":""}},"jetpack_post_was_ever_published":false,"footnotes":""},"class_list":["post-2364","page","type-page","status-publish","hentry"],"aioseo_notices":[],"_hostinger_reach_plugin_has_subscription_block":false,"_hostinger_reach_plugin_is_elementor":false,"uagb_featured_image_src":{"full":false,"thumbnail":false,"medium":false,"medium_large":false,"large":false,"1536x1536":false,"2048x2048":false,"trp-custom-language-flag":false,"mailpoet_newsletter_max":false,"woocommerce_thumbnail":false,"woocommerce_single":false,"woocommerce_gallery_thumbnail":false},"uagb_author_info":{"display_name":"andinabyangelica.com","author_link":"https:\/\/andinabyangelica.com\/en\/author\/andinabyangelica-com\/"},"uagb_comment_info":0,"uagb_excerpt":"Explora tu historia","jetpack-related-posts":[{"id":2269,"url":"https:\/\/andinabyangelica.com\/en\/","url_meta":{"origin":2364,"position":0},"title":"Home","author":"andinabyangelica.com","date":"17 October 2022","format":false,"excerpt":"En este universo Creamos arte para usar y arte mural; el color florece.un puente entre la feminidad y la eternidad. Las ChicasFlores tropicales alrededor del mundo HappyCoutureArte para vestir disponible en nuestra Shop Art & Collection MagazinePostales del Mundo e Historias Compartidas Un puntico m\u00e1s felices * En el lienzo\u2026","rel":"","context":"Similar post","block_context":{"text":"Similar post","link":""},"img":{"alt_text":"Portada de Art Magazine \u2018Cartas del Universo\u2019, edici\u00f3n especial de Andina by Ang\u00e9lica. Ilustraci\u00f3n art\u00edstica que celebra la conexi\u00f3n entre el arte, la feminidad y la inspiraci\u00f3n c\u00f3smica. Un objeto de colecci\u00f3n para amantes de la moda po\u00e9tica y el lujo artesanal.","src":"https:\/\/i0.wp.com\/andinabyangelica.com\/wp-content\/uploads\/2025\/09\/Magazines.zip-1.png?resize=350%2C200&ssl=1","width":350,"height":200,"srcset":"https:\/\/i0.wp.com\/andinabyangelica.com\/wp-content\/uploads\/2025\/09\/Magazines.zip-1.png?resize=350%2C200&ssl=1 1x, https:\/\/i0.wp.com\/andinabyangelica.com\/wp-content\/uploads\/2025\/09\/Magazines.zip-1.png?resize=525%2C300&ssl=1 1.5x, https:\/\/i0.wp.com\/andinabyangelica.com\/wp-content\/uploads\/2025\/09\/Magazines.zip-1.png?resize=700%2C400&ssl=1 2x, https:\/\/i0.wp.com\/andinabyangelica.com\/wp-content\/uploads\/2025\/09\/Magazines.zip-1.png?resize=1050%2C600&ssl=1 3x, https:\/\/i0.wp.com\/andinabyangelica.com\/wp-content\/uploads\/2025\/09\/Magazines.zip-1.png?resize=1400%2C800&ssl=1 4x"},"classes":[]},{"id":2283,"url":"https:\/\/andinabyangelica.com\/en\/sobre-nosotros\/","url_meta":{"origin":2364,"position":1},"title":"About Andina by Ang\u00e9lica","author":"andinabyangelica.com","date":"28 November 2023","format":false,"excerpt":"\"Cada trazo honra lo que fuimos, celebra lo que somos y sue\u00f1a con lo que seremos.\"El arte se convierte en joya Empoderamos a mujeres a trav\u00e9s de la ilustraci\u00f3n de moda y dise\u00f1os de Happy CoutureCreando historias para almas cosmopolitas Piezas \u00fanicas pintadas bajo la luz del sol Personajes que\u2026","rel":"","context":"Similar post","block_context":{"text":"Similar post","link":""},"img":{"alt_text":"","src":"https:\/\/i0.wp.com\/andinabyangelica.com\/wp-content\/uploads\/2025\/09\/2024_0914_17074000-1-576x1024.jpeg?resize=350%2C200&ssl=1","width":350,"height":200,"srcset":"https:\/\/i0.wp.com\/andinabyangelica.com\/wp-content\/uploads\/2025\/09\/2024_0914_17074000-1-576x1024.jpeg?resize=350%2C200&ssl=1 1x, https:\/\/i0.wp.com\/andinabyangelica.com\/wp-content\/uploads\/2025\/09\/2024_0914_17074000-1-576x1024.jpeg?resize=525%2C300&ssl=1 1.5x"},"classes":[]},{"id":6727,"url":"https:\/\/andinabyangelica.com\/en\/magazine\/","url_meta":{"origin":2364,"position":2},"title":"Magazine","author":"andinabyangelica.com","date":"19 November 2025","format":false,"excerpt":"Magazine: Las Chicas visten arte y su feminidad florece Poes\u00eda Visual & Arte para Usar Nuestra nueva colecci\u00f3n empieza aqu\u00ed * Leer m\u00e1s Cinco musas. Cinco fuerzas. Una editorial que anuncia el inicio de un viaje atemporal,donde el arte se convierte en piel y la moda en poes\u00eda.Florencia, Luz, Maya,\u2026","rel":"","context":"Similar post","block_context":{"text":"Similar post","link":""},"img":{"alt_text":"Portada de Art Magazine \u2018Cartas del Universo\u2019, edici\u00f3n especial de Andina by Ang\u00e9lica. Ilustraci\u00f3n art\u00edstica que celebra la conexi\u00f3n entre el arte, la feminidad y la inspiraci\u00f3n c\u00f3smica. Un objeto de colecci\u00f3n para amantes de la moda po\u00e9tica y el lujo artesanal.","src":"https:\/\/i0.wp.com\/andinabyangelica.com\/wp-content\/uploads\/2025\/09\/Magazines.zip-1.png?resize=350%2C200&ssl=1","width":350,"height":200,"srcset":"https:\/\/i0.wp.com\/andinabyangelica.com\/wp-content\/uploads\/2025\/09\/Magazines.zip-1.png?resize=350%2C200&ssl=1 1x, https:\/\/i0.wp.com\/andinabyangelica.com\/wp-content\/uploads\/2025\/09\/Magazines.zip-1.png?resize=525%2C300&ssl=1 1.5x, https:\/\/i0.wp.com\/andinabyangelica.com\/wp-content\/uploads\/2025\/09\/Magazines.zip-1.png?resize=700%2C400&ssl=1 2x, https:\/\/i0.wp.com\/andinabyangelica.com\/wp-content\/uploads\/2025\/09\/Magazines.zip-1.png?resize=1050%2C600&ssl=1 3x, https:\/\/i0.wp.com\/andinabyangelica.com\/wp-content\/uploads\/2025\/09\/Magazines.zip-1.png?resize=1400%2C800&ssl=1 4x"},"classes":[]},{"id":5191,"url":"https:\/\/andinabyangelica.com\/en\/necesito-ayuda-con-mi-look\/experiencias-servicios\/","url_meta":{"origin":2364,"position":3},"title":"Experiences &amp; Services","author":"andinabyangelica.com","date":"9 September 2024","format":false,"excerpt":"Servicios de Co\u2011creaci\u00f3n \u2014 El arte de Las Chicas para tu marca Experiencias sensoriales premium: catas, rituales y arte a medidaCreamos experiencias sensoriales premium donde sabores delicados \u2014vino, cacao y otras exquisiteces\u2014 dialogan con la ilustraci\u00f3n de Las Chicas. Dise\u00f1amos catas y rituales a medida que integran la imagen de\u2026","rel":"","context":"Similar post","block_context":{"text":"Similar post","link":""},"img":{"alt_text":"Vino, chocolates y acuarela en Valencia, Espa\u00f1a","src":"https:\/\/i0.wp.com\/andinabyangelica.com\/wp-content\/uploads\/2025\/10\/Magazines-724x1024.png?resize=350%2C200&ssl=1","width":350,"height":200,"srcset":"https:\/\/i0.wp.com\/andinabyangelica.com\/wp-content\/uploads\/2025\/10\/Magazines-724x1024.png?resize=350%2C200&ssl=1 1x, https:\/\/i0.wp.com\/andinabyangelica.com\/wp-content\/uploads\/2025\/10\/Magazines-724x1024.png?resize=525%2C300&ssl=1 1.5x, https:\/\/i0.wp.com\/andinabyangelica.com\/wp-content\/uploads\/2025\/10\/Magazines-724x1024.png?resize=700%2C400&ssl=1 2x"},"classes":[]},{"id":2748,"url":"https:\/\/andinabyangelica.com\/en\/politica-de-privacidad\/","url_meta":{"origin":2364,"position":4},"title":"Pol\u00edtica de privacidad de Andina By Ang\u00e9lica","author":"andinabyangelica.com","date":"10 December 2023","format":false,"excerpt":"Esta Pol\u00edtica de privacidad describe c\u00f3mo se recopila, utiliza y comparte su informaci\u00f3n personal cuando visita o hace una compra en\u00a0www.andinabyangelica.com\u00a0(denominado en lo sucesivo el \u201cSitio\u201d).\u00a0INFORMACI\u00d3N PERSONAL QUE RECOPILAMOS\u00a0Cuando visita el Sitio, recopilamos autom\u00e1ticamente cierta informaci\u00f3n sobre su dispositivo, incluida informaci\u00f3n sobre su navegador web, direcci\u00f3n IP, zona horaria y\u2026","rel":"","context":"Similar post","block_context":{"text":"Similar post","link":""},"img":{"alt_text":"","src":"","width":0,"height":0},"classes":[]},{"id":2758,"url":"https:\/\/andinabyangelica.com\/en\/terminos-y-condiciones\/","url_meta":{"origin":2364,"position":5},"title":"Terms &amp; Conditions","author":"andinabyangelica.com","date":"10 December 2023","format":false,"excerpt":"Derechos de Autor\u00a0El contenido, las obras y los dise\u00f1os de esta p\u00e1gina, creados por los operadores del sitio, est\u00e1n sujetos a las leyes de Derechos de Autor de Am\u00e9rica Latina y Europa.\u00a0La reproducci\u00f3n, procesamiento, distribuci\u00f3n y cualquier tipo de explotaci\u00f3n fuera de los l\u00edmites de la ley de derechos de\u2026","rel":"","context":"Similar post","block_context":{"text":"Similar post","link":""},"img":{"alt_text":"","src":"","width":0,"height":0},"classes":[]}],"jetpack_likes_enabled":true,"jetpack_sharing_enabled":true,"_links":{"self":[{"href":"https:\/\/andinabyangelica.com\/en\/wp-json\/wp\/v2\/pages\/2364","targetHints":{"allow":["GET"]}}],"collection":[{"href":"https:\/\/andinabyangelica.com\/en\/wp-json\/wp\/v2\/pages"}],"about":[{"href":"https:\/\/andinabyangelica.com\/en\/wp-json\/wp\/v2\/types\/page"}],"author":[{"embeddable":true,"href":"https:\/\/andinabyangelica.com\/en\/wp-json\/wp\/v2\/users\/1"}],"replies":[{"embeddable":true,"href":"https:\/\/andinabyangelica.com\/en\/wp-json\/wp\/v2\/comments?post=2364"}],"version-history":[{"count":145,"href":"https:\/\/andinabyangelica.com\/en\/wp-json\/wp\/v2\/pages\/2364\/revisions"}],"predecessor-version":[{"id":7796,"href":"https:\/\/andinabyangelica.com\/en\/wp-json\/wp\/v2\/pages\/2364\/revisions\/7796"}],"wp:attachment":[{"href":"https:\/\/andinabyangelica.com\/en\/wp-json\/wp\/v2\/media?parent=2364"}],"curies":[{"name":"wp","href":"https:\/\/api.w.org\/{rel}","templated":true}]}}