{"id":2663,"date":"2023-12-09T21:38:13","date_gmt":"2023-12-09T20:38:13","guid":{"rendered":"https:\/\/andinabyangelica.com\/?page_id=2663"},"modified":"2024-02-12T23:28:50","modified_gmt":"2024-02-12T22:28:50","slug":"contacto-corporativo","status":"publish","type":"page","link":"https:\/\/andinabyangelica.com\/en\/contacto-corporativo\/","title":{"rendered":"Cooperation Enquiries"},"content":{"rendered":"\n<div class=\"wp-block-uagb-container uagb-block-b882a8ad default uagb-is-root-container\">\n<div class=\"wp-block-uagb-container uagb-block-7e0c3602\">\n<div class=\"wp-block-uagb-info-box uagb-block-204c450c uagb-infobox__content-wrap  uagb-infobox-icon-above-title uagb-infobox-image-valign-top\"><div class=\"uagb-ifb-content\"><div class=\"uagb-ifb-title-wrap\"><h3 class=\"uagb-ifb-title\">Trabajemos juntos<\/h3><\/div><p class=\"uagb-ifb-desc\">Inspiremos al mundo<\/p><\/div><\/div>\n<\/div>\n<\/div>\n\n\n\n<div class=\"wp-block-uagb-container uagb-block-441526d5 alignwide uagb-is-root-container\"><div class=\"uagb-container__shape uagb-container__shape-top\"><svg xmlns=\"https:\/\/www.w3.org\/2000\/svg\" viewBox=\"0 0 1000 100\" preserveAspectRatio=\"none\"><path class=\"uagb-container__shape-fill\" d=\"M761.9,44.1L643.1,27.2L333.8,98L0,3.8V0l1000,0v3.9\"><\/path><\/svg><\/div>\n<div class=\"wp-block-columns is-layout-flex wp-container-core-columns-is-layout-28f84493 wp-block-columns-is-layout-flex\">\n<div class=\"wp-block-column is-layout-flow wp-block-column-is-layout-flow\" style=\"flex-basis:83.33%\">\n<div class=\"wp-block-columns alignwide is-not-stacked-on-mobile is-layout-flex wp-container-core-columns-is-layout-28f84493 wp-block-columns-is-layout-flex\">\n<div class=\"wp-block-column is-vertically-aligned-stretch is-layout-constrained wp-container-core-column-is-layout-5a14e55e wp-block-column-is-layout-constrained\" style=\"border-style:none;border-width:0px;padding-top:var(--wp--preset--spacing--20);padding-right:var(--wp--preset--spacing--20);padding-bottom:var(--wp--preset--spacing--30);padding-left:var(--wp--preset--spacing--30);flex-basis:100%\">\n<div class=\"wp-block-uagb-container uagb-block-dee8a597\">\n<h5 class=\"wp-block-heading has-text-align-left has-medium-font-size\" style=\"font-style:normal;font-weight:500\">Publicidad &amp; Cooperaciones <\/h5>\n\n\n  \n  \n  <div class=\"\n    mailpoet_form_popup_overlay\n      \"><\/div>\n  <div\n    id=\"mailpoet_form_3\"\n    class=\"\n      mailpoet_form\n      mailpoet_form_shortcode\n      mailpoet_form_position_\n      mailpoet_form_animation_\n    \"\n      >\n\n    <style type=\"text\/css\">\n     #mailpoet_form_3 .mailpoet_form {  }\n#mailpoet_form_3 form { margin-bottom: 0; }\n#mailpoet_form_3 .mailpoet_column_with_background { padding: 0px; }\n#mailpoet_form_3 .wp-block-column:not(:first-child), #mailpoet_form_3 .mailpoet_form_column:not(:first-child) { padding: 0 20px; }\n#mailpoet_form_3 .mailpoet_form_column:not(:first-child) { margin-left: 0; }\n#mailpoet_form_3 h2.mailpoet-heading { margin: 0 0 20px 0; }\n#mailpoet_form_3 .mailpoet_paragraph { line-height: 20px; margin-bottom: 20px; }\n#mailpoet_form_3 .mailpoet_segment_label, #mailpoet_form_3 .mailpoet_text_label, #mailpoet_form_3 .mailpoet_textarea_label, #mailpoet_form_3 .mailpoet_select_label, #mailpoet_form_3 .mailpoet_radio_label, #mailpoet_form_3 .mailpoet_checkbox_label, #mailpoet_form_3 .mailpoet_list_label, #mailpoet_form_3 .mailpoet_date_label { display: block; font-weight: normal; }\n#mailpoet_form_3 .mailpoet_text, #mailpoet_form_3 .mailpoet_textarea, #mailpoet_form_3 .mailpoet_select, #mailpoet_form_3 .mailpoet_date_month, #mailpoet_form_3 .mailpoet_date_day, #mailpoet_form_3 .mailpoet_date_year, #mailpoet_form_3 .mailpoet_date { display: block; }\n#mailpoet_form_3 .mailpoet_text, #mailpoet_form_3 .mailpoet_textarea { width: 200px; }\n#mailpoet_form_3 .mailpoet_checkbox {  }\n#mailpoet_form_3 .mailpoet_submit {  }\n#mailpoet_form_3 .mailpoet_divider {  }\n#mailpoet_form_3 .mailpoet_message {  }\n#mailpoet_form_3 .mailpoet_form_loading { width: 30px; text-align: center; line-height: normal; }\n#mailpoet_form_3 .mailpoet_form_loading > span { width: 5px; height: 5px; background-color: #5b5b5b; }#mailpoet_form_3{border: 10px solid #000000;border-radius: 4px;background: #000000;color: #ffffff;text-align: left;}#mailpoet_form_3 form.mailpoet_form {padding: 10px;}#mailpoet_form_3{width: 100%;}#mailpoet_form_3 .mailpoet_message {margin: 0; padding: 0 20px;}\n        #mailpoet_form_3 .mailpoet_validate_success {color: #00d084}\n        #mailpoet_form_3 input.parsley-success {color: #00d084}\n        #mailpoet_form_3 select.parsley-success {color: #00d084}\n        #mailpoet_form_3 textarea.parsley-success {color: #00d084}\n      \n        #mailpoet_form_3 .mailpoet_validate_error {color: #f78da7}\n        #mailpoet_form_3 input.parsley-error {color: #f78da7}\n        #mailpoet_form_3 select.parsley-error {color: #f78da7}\n        #mailpoet_form_3 textarea.textarea.parsley-error {color: #f78da7}\n        #mailpoet_form_3 .parsley-errors-list {color: #f78da7}\n        #mailpoet_form_3 .parsley-required {color: #f78da7}\n        #mailpoet_form_3 .parsley-custom-error-message {color: #f78da7}\n      #mailpoet_form_3 .mailpoet_paragraph.last {margin-bottom: 0} @media (max-width: 500px) {#mailpoet_form_3 {background: #000000;}} @media (min-width: 500px) {#mailpoet_form_3 .last .mailpoet_paragraph:last-child {margin-bottom: 0}}  @media (max-width: 500px) {#mailpoet_form_3 .mailpoet_form_column:last-child .mailpoet_paragraph:last-child {margin-bottom: 0}} \n    <\/style>\n\n    <form\n      target=\"_self\"\n      method=\"post\"\n      action=\"https:\/\/andinabyangelica.com\/wp-admin\/admin-post.php?action=mailpoet_subscription_form\"\n      class=\"mailpoet_form mailpoet_form_form mailpoet_form_shortcode\"\n      novalidate\n      data-delay=\"\"\n      data-exit-intent-enabled=\"\"\n      data-font-family=\"\"\n      data-cookie-expiration-time=\"\"\n    >\n      <input type=\"hidden\" name=\"data[form_id]\" value=\"3\" \/>\n      <input type=\"hidden\" name=\"token\" value=\"473ded91db\" \/>\n      <input type=\"hidden\" name=\"api_version\" value=\"v1\" \/>\n      <input type=\"hidden\" name=\"endpoint\" value=\"subscribers\" \/>\n      <input type=\"hidden\" name=\"mailpoet_method\" value=\"subscribe\" \/>\n\n      <label class=\"mailpoet_hp_email_label\" style=\"display: none !important;\">Please leave this field empty<input type=\"email\" name=\"data[email]\"\/><\/label><div class='mailpoet_form_columns_container'><div class=\"mailpoet_form_columns mailpoet_paragraph mailpoet_vertically_align_center mailpoet_column_with_background mailpoet_stack_on_mobile\" style=\"background-color:#000000;\"><div class=\"mailpoet_form_column mailpoet_vertically_align_center\" style=\"flex-basis:50%;\"><div class='mailpoet_spacer' style='height: 10px;'><\/div>\n<h2 class=\"mailpoet-heading  mailpoet-has-font-size\" style=\"text-align: center; color: #ffffff; font-size: 24px\"><span style=\"font-family: Nothing You Could Do\" data-font=\"Nothing You Could Do\" class=\"mailpoet-has-font\"><strong>Dise\u00f1emos tu experiencia juntos<\/strong><\/span><\/h2>\n<div class=\"mailpoet_paragraph \"><style>input[name=\"data[form_field_NmNmNTg3ZDM3YTMxX2VtYWls]\"]::placeholder{color:#ffffff;opacity: 1;}<\/style><input type=\"email\" autocomplete=\"email\" class=\"mailpoet_text\" id=\"form_email_3\" name=\"data[form_field_NmNmNTg3ZDM3YTMxX2VtYWls]\" title=\"Direcci\u00f3n de correo electr\u00f3nico\" value=\"\" style=\"width:100%;box-sizing:border-box;background-color:#000000;border-style:solid;border-radius:5px !important;border-width:1px;border-color:#9b51e0;padding:7px;margin: 0 auto 0 0;font-family:&#039;Indie Flower&#039;;font-size:15px;line-height:1.5;height:auto;color:#ffffff;\" data-automation-id=\"form_email\"  placeholder=\"Direcci\u00f3n de correo electr\u00f3nico *\" aria-label=\"Direcci\u00f3n de correo electr\u00f3nico *\" data-parsley-errors-container=\".mailpoet_error_y3s2f\" data-parsley-required=\"true\" required aria-required=\"true\" data-parsley-minlength=\"6\" data-parsley-maxlength=\"150\" data-parsley-type-message=\"This value should be a valid email.\" data-parsley-required-message=\"This field is required.\"\/><span class=\"mailpoet_error_y3s2f\"><\/span><\/div>\n<div class=\"mailpoet_paragraph \"><style>input[name=\"data[form_field_YTZhYThiZDRlZTYyX2ZpcnN0X25hbWU=]\"]::placeholder{color:#ffffff;opacity: 1;}<\/style><input type=\"text\" autocomplete=\"given-name\" class=\"mailpoet_text\" id=\"form_first_name_3\" name=\"data[form_field_YTZhYThiZDRlZTYyX2ZpcnN0X25hbWU=]\" title=\"Nombre Completo\" value=\"\" style=\"width:100%;box-sizing:border-box;background-color:#000000;border-style:solid;border-radius:5px !important;border-width:1px;border-color:#9b51e0;padding:7px;margin: 0 auto 0 0;font-family:&#039;Indie Flower&#039;;font-size:15px;line-height:1.5;height:auto;color:#ffffff;\" data-automation-id=\"form_first_name\"  placeholder=\"Nombre Completo *\" aria-label=\"Nombre Completo *\" data-parsley-errors-container=\".mailpoet_error_nburk\" data-parsley-names='[&quot;Please specify a valid name.&quot;,&quot;Addresses in names are not permitted, please add your name instead.&quot;]' data-parsley-required=\"true\" required aria-required=\"true\" data-parsley-required-message=\"This field is required.\"\/><span class=\"mailpoet_error_nburk\"><\/span><\/div>\n<div class=\"mailpoet_paragraph \"><style>input[name=\"data[form_field_Y2Q2Yjc3MjA3ZDU3X2xhc3RfbmFtZQ==]\"]::placeholder{color:#ffffff;opacity: 1;}<\/style><input type=\"text\" autocomplete=\"family-name\" class=\"mailpoet_text\" id=\"form_last_name_3\" name=\"data[form_field_Y2Q2Yjc3MjA3ZDU3X2xhc3RfbmFtZQ==]\" title=\"Tel\u00e9fono de contacto\" value=\"\" style=\"width:100%;box-sizing:border-box;background-color:#000000;border-style:solid;border-radius:5px !important;border-width:1px;border-color:#9b51e0;padding:7px;margin: 0 auto 0 0;font-family:&#039;Indie Flower&#039;;font-size:15px;line-height:1.5;height:auto;color:#ffffff;\" data-automation-id=\"form_last_name\"  placeholder=\"Tel\u00e9fono de contacto *\" aria-label=\"Tel\u00e9fono de contacto *\" data-parsley-errors-container=\".mailpoet_error_im3yr\" data-parsley-names='[&quot;Please specify a valid name.&quot;,&quot;Addresses in names are not permitted, please add your name instead.&quot;]' data-parsley-required=\"true\" required aria-required=\"true\" data-parsley-required-message=\"This field is required.\"\/><span class=\"mailpoet_error_im3yr\"><\/span><\/div>\n<div class=\"mailpoet_paragraph \"><style>textarea[name=\"data[cf_1]\"]::placeholder{color:#ffffff;opacity: 1;}<\/style><textarea class=\"mailpoet_textarea\" data-automation-id=\"form_custom_text_area\" rows=\"5\" name=\"data[cf_1]\" placeholder=\"Mensaje *\" aria-label=\"Mensaje *\" data-parsley-errors-container=\".mailpoet_error_keqji\" data-parsley-required=\"true\" required aria-required=\"true\" data-parsley-required-message=\"This field is required.\" data-parsley-type=\"alphanum\" data-parsley-error-message=\"This value should be alphanumeric.\"style=\"width:100%;box-sizing:border-box;background-color:#000000;border-style:solid;border-radius:5px !important;border-width:1px;border-color:#9b51e0;padding:7px;margin: 0 auto 0 0;font-family:&#039;Indie Flower&#039;;font-size:15px;line-height:1.5;height:auto;color:#ffffff;\" ><\/textarea><span class=\"mailpoet_error_keqji\"><\/span><\/div>\n<div class=\"mailpoet_paragraph \"><fieldset><legend class=\"mailpoet_segment_label\" style=\"font-size: 15px;line-height: 1.2;\">Selecciona una opci\u00f3n:<\/legend><label class=\"mailpoet_checkbox_label\" for=\"mailpoet_segment_2\" style=\"font-size: 15px;line-height: 1.2;\"><input type=\"checkbox\" class=\"mailpoet_checkbox\" id=\"mailpoet_segment_2\" name=\"data[form_field_Y2Y0NDZmODJiYjgxX3NlZ21lbnRz][]\" value=\"3\"  data-parsley-errors-container=\".mailpoet_error_19vat\" data-parsley-required=\"true\" required aria-required=\"true\" data-parsley-group=\"segments\" data-parsley-required-message=\"Please select a list.\" \/> Espa\u00f1ol<\/label><label class=\"mailpoet_checkbox_label\" for=\"mailpoet_segment_3\" style=\"font-size: 15px;line-height: 1.2;\"><input type=\"checkbox\" class=\"mailpoet_checkbox\" id=\"mailpoet_segment_3\" name=\"data[form_field_Y2Y0NDZmODJiYjgxX3NlZ21lbnRz][]\" value=\"4\"  data-parsley-errors-container=\".mailpoet_error_19vat\" data-parsley-required=\"true\" required aria-required=\"true\" data-parsley-group=\"segments\" data-parsley-required-message=\"Please select a list.\" \/> English<\/label><span class=\"mailpoet_error_19vat\"><\/span><\/fieldset><\/div>\n<div class=\"mailpoet_paragraph \"><input type=\"submit\" class=\"mailpoet_submit\" value=\"\u00a1Inspiremos juntos!\" data-automation-id=\"subscribe-submit-button\" data-font-family='Shadows Into Light' style=\"width:100%;box-sizing:border-box;background-color:#9b51e0;border-style:solid;border-radius:5px !important;border-width:0px;border-color:#9b51e0;padding:10px;margin: 0 auto 0 0;font-family:&#039;Shadows Into Light&#039;;font-size:15px;line-height:1.5;height:auto;color:#ffffff;font-weight:bold;\" \/><span class=\"mailpoet_form_loading\"><span class=\"mailpoet_bounce1\"><\/span><span class=\"mailpoet_bounce2\"><\/span><span class=\"mailpoet_bounce3\"><\/span><\/span><\/div>\n<p class=\"mailpoet_form_paragraph  mailpoet-has-font-size\" style=\"text-align: center; color: #ffffff; font-size: 15px\"><span style=\"font-family: Karla\" data-font=\"Karla\" class=\"mailpoet-has-font\">\u00a1No hacemos spam! Hacemos estas preguntas para clasificar tu mensaje y mejorar a la hora de comunicarnos contigo. Lee nuestra <a href=\"https:\/\/andinabyangelica.com\/politica-de-privacidad\/\" target=\"_blank\">pol\u00edtica de privacidad<\/a> para obtener m\u00e1s informaci\u00f3n.<\/span><\/p>\n<\/div>\n<\/div><\/div>\n\n      <div class=\"mailpoet_message\">\n        <p class=\"mailpoet_validate_success\"\n                style=\"display:none;\"\n                >Nos pondremos en contacto contigo en breve!\n        <\/p>\n        <p class=\"mailpoet_validate_error\"\n                style=\"display:none;\"\n                >        <\/p>\n      <\/div>\n    <\/form>\n\n      <\/div>\n\n  \n<\/div>\n<\/div>\n<\/div>\n<\/div>\n\n\n\n<div class=\"wp-block-column is-layout-flow wp-block-column-is-layout-flow\" style=\"flex-basis:16.67%\"><\/div>\n<\/div>\n<\/div>\n","protected":false},"excerpt":{"rendered":"<p>Advertising &amp; Cooperation<\/p>","protected":false},"author":1,"featured_media":0,"parent":0,"menu_order":0,"comment_status":"closed","ping_status":"closed","template":"","meta":{"_uag_custom_page_level_css":"","site-sidebar-layout":"default","site-content-layout":"page-builder","ast-site-content-layout":"full-width-container","site-content-style":"unboxed","site-sidebar-style":"unboxed","ast-global-header-display":"","ast-banner-title-visibility":"","ast-main-header-display":"","ast-hfb-above-header-display":"","ast-hfb-below-header-display":"","ast-hfb-mobile-header-display":"","site-post-title":"disabled","ast-breadcrumbs-content":"","ast-featured-img":"","footer-sml-layout":"","ast-disable-related-posts":"","theme-transparent-header-meta":"","adv-header-id-meta":"","stick-header-meta":"","header-above-stick-meta":"","header-main-stick-meta":"","header-below-stick-meta":"","astra-migrate-meta-layouts":"set","ast-page-background-enabled":"default","ast-page-background-meta":{"desktop":{"background-color":"","background-image":"","background-repeat":"repeat","background-position":"center center","background-size":"auto","background-attachment":"scroll","background-type":"","background-media":"","overlay-type":"","overlay-color":"","overlay-opacity":"","overlay-gradient":""},"tablet":{"background-color":"","background-image":"","background-repeat":"repeat","background-position":"center center","background-size":"auto","background-attachment":"scroll","background-type":"","background-media":"","overlay-type":"","overlay-color":"","overlay-opacity":"","overlay-gradient":""},"mobile":{"background-color":"","background-image":"","background-repeat":"repeat","background-position":"center center","background-size":"auto","background-attachment":"scroll","background-type":"","background-media":"","overlay-type":"","overlay-color":"","overlay-opacity":"","overlay-gradient":""}},"ast-content-background-meta":{"desktop":{"background-color":"var(--ast-global-color-5)","background-image":"","background-repeat":"repeat","background-position":"center center","background-size":"auto","background-attachment":"scroll","background-type":"","background-media":"","overlay-type":"","overlay-color":"","overlay-opacity":"","overlay-gradient":""},"tablet":{"background-color":"var(--ast-global-color-5)","background-image":"","background-repeat":"repeat","background-position":"center center","background-size":"auto","background-attachment":"scroll","background-type":"","background-media":"","overlay-type":"","overlay-color":"","overlay-opacity":"","overlay-gradient":""},"mobile":{"background-color":"var(--ast-global-color-5)","background-image":"","background-repeat":"repeat","background-position":"center center","background-size":"auto","background-attachment":"scroll","background-type":"","background-media":"","overlay-type":"","overlay-color":"","overlay-opacity":"","overlay-gradient":""}},"jetpack_post_was_ever_published":false,"footnotes":""},"class_list":["post-2663","page","type-page","status-publish","hentry"],"aioseo_notices":[],"_hostinger_reach_plugin_has_subscription_block":false,"_hostinger_reach_plugin_is_elementor":false,"uagb_featured_image_src":{"full":false,"thumbnail":false,"medium":false,"medium_large":false,"large":false,"1536x1536":false,"2048x2048":false,"trp-custom-language-flag":false,"mailpoet_newsletter_max":false,"woocommerce_thumbnail":false,"woocommerce_single":false,"woocommerce_gallery_thumbnail":false},"uagb_author_info":{"display_name":"andinabyangelica.com","author_link":"https:\/\/andinabyangelica.com\/en\/author\/andinabyangelica-com\/"},"uagb_comment_info":0,"uagb_excerpt":"Publicidad &amp; Cooperaciones","jetpack-related-posts":[{"id":2667,"url":"https:\/\/andinabyangelica.com\/en\/necesito-ayuda-con-mi-look\/","url_meta":{"origin":2663,"position":0},"title":"Contact","author":"andinabyangelica.com","date":"9 December 2023","format":false,"excerpt":"Let us know how we can help you or help that person whom you want to surprise","rel":"","context":"Similar post","block_context":{"text":"Similar post","link":""},"img":{"alt_text":"","src":"","width":0,"height":0},"classes":[]},{"id":2758,"url":"https:\/\/andinabyangelica.com\/en\/terminos-y-condiciones\/","url_meta":{"origin":2663,"position":1},"title":"Terms &amp; Conditions","author":"andinabyangelica.com","date":"10 December 2023","format":false,"excerpt":"Derechos de Autor\u00a0El contenido, las obras y los dise\u00f1os de esta p\u00e1gina, creados por los operadores del sitio, est\u00e1n sujetos a las leyes de Derechos de Autor de Am\u00e9rica Latina y Europa.\u00a0La reproducci\u00f3n, procesamiento, distribuci\u00f3n y cualquier tipo de explotaci\u00f3n fuera de los l\u00edmites de la ley de derechos de\u2026","rel":"","context":"Similar post","block_context":{"text":"Similar post","link":""},"img":{"alt_text":"","src":"","width":0,"height":0},"classes":[]},{"id":2748,"url":"https:\/\/andinabyangelica.com\/en\/politica-de-privacidad\/","url_meta":{"origin":2663,"position":2},"title":"Pol\u00edtica de privacidad de Andina By Ang\u00e9lica","author":"andinabyangelica.com","date":"10 December 2023","format":false,"excerpt":"Esta Pol\u00edtica de privacidad describe c\u00f3mo se recopila, utiliza y comparte su informaci\u00f3n personal cuando visita o hace una compra en\u00a0www.andinabyangelica.com\u00a0(denominado en lo sucesivo el \u201cSitio\u201d).\u00a0INFORMACI\u00d3N PERSONAL QUE RECOPILAMOS\u00a0Cuando visita el Sitio, recopilamos autom\u00e1ticamente cierta informaci\u00f3n sobre su dispositivo, incluida informaci\u00f3n sobre su navegador web, direcci\u00f3n IP, zona horaria y\u2026","rel":"","context":"Similar post","block_context":{"text":"Similar post","link":""},"img":{"alt_text":"","src":"","width":0,"height":0},"classes":[]}],"jetpack_likes_enabled":true,"jetpack_sharing_enabled":true,"_links":{"self":[{"href":"https:\/\/andinabyangelica.com\/en\/wp-json\/wp\/v2\/pages\/2663","targetHints":{"allow":["GET"]}}],"collection":[{"href":"https:\/\/andinabyangelica.com\/en\/wp-json\/wp\/v2\/pages"}],"about":[{"href":"https:\/\/andinabyangelica.com\/en\/wp-json\/wp\/v2\/types\/page"}],"author":[{"embeddable":true,"href":"https:\/\/andinabyangelica.com\/en\/wp-json\/wp\/v2\/users\/1"}],"replies":[{"embeddable":true,"href":"https:\/\/andinabyangelica.com\/en\/wp-json\/wp\/v2\/comments?post=2663"}],"version-history":[{"count":16,"href":"https:\/\/andinabyangelica.com\/en\/wp-json\/wp\/v2\/pages\/2663\/revisions"}],"predecessor-version":[{"id":4662,"href":"https:\/\/andinabyangelica.com\/en\/wp-json\/wp\/v2\/pages\/2663\/revisions\/4662"}],"wp:attachment":[{"href":"https:\/\/andinabyangelica.com\/en\/wp-json\/wp\/v2\/media?parent=2663"}],"curies":[{"name":"wp","href":"https:\/\/api.w.org\/{rel}","templated":true}]}}