{"id":2889,"date":"2024-01-13T19:35:26","date_gmt":"2024-01-13T18:35:26","guid":{"rendered":"https:\/\/andinabyangelica.com\/?post_type=product&#038;p=2889"},"modified":"2024-01-14T17:56:05","modified_gmt":"2024-01-14T16:56:05","slug":"pendientes-flores-del-mar","status":"publish","type":"product","link":"https:\/\/andinabyangelica.com\/en\/productos\/pendientes-flores-del-mar\/","title":{"rendered":"Floral Caribbean Sea Earrings"},"content":{"rendered":"<p style=\"font-weight: 400;\"><em><strong>Blue flowers designed while remembering that tropical paradise. The only place on the planet where the mountain of ice meets the hot beach...<\/strong><\/em><\/p>\n<p style=\"font-weight: 400;\"><em><strong>Right where a sorceress predicted Christopher Columbus would reach paradise when referring to Tayrona Park.<\/strong><\/em><br \/>\n<em><strong><span style=\"font-size: 16px; -webkit-text-size-adjust: 100%;\">In this region called Sierra Nevada, all the climates of the world are summarized.<br \/>\nIt is located in Colombia, South America. \ud83e\ude84\u2728\ud83c\udf0e<\/span><\/strong><\/em><\/p>\n<p><em><strong>Handmade earrings made in my art studio, hand-painted with  hooks 18 Kt gold covered of 1.2 mm.<\/strong><\/em><\/p>\n<p>Altura aproximadas de las flores 5 cm. Pasantes 4.5 cm.<\/p>\n<p><strong>Opciones de materiales;<\/strong><\/p>\n<ul>\n<li>Brass<\/li>\n<li>Lat\u00f3n ba\u00f1ado en oro de 18 kt. (La parte redonda dorada del arete lleva el ba\u00f1o en oro)<\/li>\n<\/ul>\n<p><strong>Notes*<\/strong><\/p>\n<p>Even the Brass option has 18 Kt 1.2mm gold hooks.<\/p>\n<p>If you want to customize some detail of the earrings let us know and we will be happy to make the corresponding modifications.<\/p>\n<p><strong>Care of the jewels*<\/strong> The jewels are hand painted therefore, the colour and\/or enamel should avoid being wet or scratched abruptly as they could be removed.<\/p>\n<p><strong><em>Time of Production\u00a0<\/em><\/strong><\/p>\n<p style=\"font-weight: 400;\">Products are made to order due to our sustainability purpose.<\/p>\n<p>Our jewels are handcrafted and are unique creations as each brush stroke and cut is hand-crafted, resulting in variations in color, size and shape, ensuring that no two pieces are completely alike.<\/p>\n<p>Please note that there may be minor differences due to the methods described above.<\/p>\n<p>In case your order is for a gift, let us know that super special message you want us to convey for you. We will be happy to transcribe it on a very special card.<\/p>\n<p style=\"font-weight: 400;\">The approximate production time is 15 days. We maintain a small production margin. In case the product is already in stock, this time would not be necessary but is subject to notification.<\/p>\n<p style=\"font-weight: 400;\">In case the product is not in stock but the urgency is because you forgot a special occasion, and the gift is for the love of your life, message us, We will let you know if we manage to run to have the product on time, since we understand how difficult it is to find love \u2763\ufe0f.\u2763\ufe0f<\/p>\n<p style=\"font-weight: 400;\"><strong><em>Express Production<\/em><\/strong><\/p>\n<p style=\"font-weight: 400;\">We know that emergencies of emergencies can arise, because of this, we have an express production option. The production time is 4 days with an additional cost of 22\u20ac.<\/p>\n<p>&nbsp;<\/p>\n<h3>\u00bfFAQ?<\/h3>\n<p>&nbsp;<\/p>\n<p><strong>* \u00bfWhen and how to use this product?<\/strong><\/p>\n<ul>\n<li>Our products are designed to brighten your look as well as your mood. We believe in the little details of life and therefore, that every second in our life is a super special occasion to be radiant! Take them to that special trip, to your friends' wedding or bring them to that romantic dinner. Even when you\u2019re home and you just want to remind yourself how beautiful you are \u2728<\/li>\n<\/ul>\n<p>&nbsp;<\/p>","protected":false},"excerpt":{"rendered":"<p>Handmade earrings, meticulously painted by hand, fusing art and luxury in every detail.<\/p>","protected":false},"featured_media":2996,"template":"","meta":{"_uag_custom_page_level_css":"","site-sidebar-layout":"default","site-content-layout":"","ast-site-content-layout":"default","site-content-style":"default","site-sidebar-style":"default","ast-global-header-display":"","ast-banner-title-visibility":"","ast-main-header-display":"","ast-hfb-above-header-display":"","ast-hfb-below-header-display":"","ast-hfb-mobile-header-display":"","site-post-title":"","ast-breadcrumbs-content":"","ast-featured-img":"","footer-sml-layout":"","ast-disable-related-posts":"","theme-transparent-header-meta":"default","adv-header-id-meta":"","stick-header-meta":"","header-above-stick-meta":"","header-main-stick-meta":"","header-below-stick-meta":"","astra-migrate-meta-layouts":"set","ast-page-background-enabled":"default","ast-page-background-meta":{"desktop":{"background-color":"","background-image":"","background-repeat":"repeat","background-position":"center center","background-size":"auto","background-attachment":"scroll","background-type":"","background-media":"","overlay-type":"","overlay-color":"","overlay-opacity":"","overlay-gradient":""},"tablet":{"background-color":"","background-image":"","background-repeat":"repeat","background-position":"center center","background-size":"auto","background-attachment":"scroll","background-type":"","background-media":"","overlay-type":"","overlay-color":"","overlay-opacity":"","overlay-gradient":""},"mobile":{"background-color":"","background-image":"","background-repeat":"repeat","background-position":"center center","background-size":"auto","background-attachment":"scroll","background-type":"","background-media":"","overlay-type":"","overlay-color":"","overlay-opacity":"","overlay-gradient":""}},"ast-content-background-meta":{"desktop":{"background-color":"var(--ast-global-color-5)","background-image":"","background-repeat":"repeat","background-position":"center center","background-size":"auto","background-attachment":"scroll","background-type":"","background-media":"","overlay-type":"","overlay-color":"","overlay-opacity":"","overlay-gradient":""},"tablet":{"background-color":"var(--ast-global-color-5)","background-image":"","background-repeat":"repeat","background-position":"center center","background-size":"auto","background-attachment":"scroll","background-type":"","background-media":"","overlay-type":"","overlay-color":"","overlay-opacity":"","overlay-gradient":""},"mobile":{"background-color":"var(--ast-global-color-5)","background-image":"","background-repeat":"repeat","background-position":"center center","background-size":"auto","background-attachment":"scroll","background-type":"","background-media":"","overlay-type":"","overlay-color":"","overlay-opacity":"","overlay-gradient":""}},"jetpack_post_was_ever_published":false},"product_brand":[],"product_cat":[60,37,61],"product_tag":[38,44],"class_list":{"0":"post-2889","1":"product","2":"type-product","3":"status-publish","4":"has-post-thumbnail","6":"product_cat-accesorios","7":"product_cat-flores","8":"product_cat-pendientes","9":"product_tag-flores-laton","10":"product_tag-laton-bano-oro","11":"desktop-align-center","12":"tablet-align-left","13":"mobile-align-left","15":"first","16":"instock","17":"featured","18":"shipping-taxable","19":"purchasable","20":"product-type-variable","21":"has-default-attributes"},"aioseo_notices":[],"uagb_featured_image_src":{"full":["https:\/\/andinabyangelica.com\/wp-content\/uploads\/2023\/12\/2023_1218_14130600_1-e1702910969168.jpg",1678,1149,false],"thumbnail":["https:\/\/andinabyangelica.com\/wp-content\/uploads\/2023\/12\/2023_1218_14130600_1-e1702910969168-150x150.jpg",150,150,true],"medium":["https:\/\/andinabyangelica.com\/wp-content\/uploads\/2023\/12\/2023_1218_14130600_1-e1702910969168-300x205.jpg",300,205,true],"medium_large":["https:\/\/andinabyangelica.com\/wp-content\/uploads\/2023\/12\/2023_1218_14130600_1-e1702910969168-768x526.jpg",768,526,true],"large":["https:\/\/andinabyangelica.com\/wp-content\/uploads\/2023\/12\/2023_1218_14130600_1-e1702910969168-1024x701.jpg",1024,701,true],"1536x1536":["https:\/\/andinabyangelica.com\/wp-content\/uploads\/2023\/12\/2023_1218_14130600_1-e1702910969168-1536x1052.jpg",1536,1052,true],"2048x2048":["https:\/\/andinabyangelica.com\/wp-content\/uploads\/2023\/12\/2023_1218_14130600_1-e1702910969168.jpg",1678,1149,false],"trp-custom-language-flag":["https:\/\/andinabyangelica.com\/wp-content\/uploads\/2023\/12\/2023_1218_14130600_1-e1702910969168.jpg",18,12,false],"mailpoet_newsletter_max":["https:\/\/andinabyangelica.com\/wp-content\/uploads\/2023\/12\/2023_1218_14130600_1-e1702910969168-1320x904.jpg",1320,904,true],"woocommerce_thumbnail":["https:\/\/andinabyangelica.com\/wp-content\/uploads\/2023\/12\/2023_1218_14130600_1-e1702910969168-300x300.jpg",300,300,true],"woocommerce_single":["https:\/\/andinabyangelica.com\/wp-content\/uploads\/2023\/12\/2023_1218_14130600_1-e1702910969168-600x411.jpg",600,411,true],"woocommerce_gallery_thumbnail":["https:\/\/andinabyangelica.com\/wp-content\/uploads\/2023\/12\/2023_1218_14130600_1-e1702910969168-100x100.jpg",100,100,true]},"uagb_author_info":{"display_name":"andinabyangelica.com","author_link":"https:\/\/andinabyangelica.com\/en\/author\/"},"uagb_comment_info":0,"uagb_excerpt":"Pendientes artesanales, meticulosamente pintados a mano, fusionando arte y lujo en cada detalle.","jetpack-related-posts":[{"id":3383,"url":"https:\/\/andinabyangelica.com\/en\/productos\/pendientes-flores-del-mar-copia-2\/","url_meta":{"origin":2889,"position":0},"title":"The Earrings of the Queen","author":"andinabyangelica.com","date":"13 January 2024","format":false,"excerpt":"Handmade earrings, meticulously painted by hand, fusing art and luxury in every detail.","rel":"","context":"Similar post","block_context":{"text":"Similar post","link":""},"img":{"alt_text":"Pendientes de flores artesanales pintados a mano, inspirados en la flora de Pasto, Colombia.","src":"https:\/\/i0.wp.com\/andinabyangelica.com\/wp-content\/uploads\/2023\/12\/IMG_20230913_1757132_1.jpg?resize=350%2C200&ssl=1","width":350,"height":200,"srcset":"https:\/\/i0.wp.com\/andinabyangelica.com\/wp-content\/uploads\/2023\/12\/IMG_20230913_1757132_1.jpg?resize=350%2C200&ssl=1 1x, https:\/\/i0.wp.com\/andinabyangelica.com\/wp-content\/uploads\/2023\/12\/IMG_20230913_1757132_1.jpg?resize=525%2C300&ssl=1 1.5x, https:\/\/i0.wp.com\/andinabyangelica.com\/wp-content\/uploads\/2023\/12\/IMG_20230913_1757132_1.jpg?resize=700%2C400&ssl=1 2x, https:\/\/i0.wp.com\/andinabyangelica.com\/wp-content\/uploads\/2023\/12\/IMG_20230913_1757132_1.jpg?resize=1050%2C600&ssl=1 3x, https:\/\/i0.wp.com\/andinabyangelica.com\/wp-content\/uploads\/2023\/12\/IMG_20230913_1757132_1.jpg?resize=1400%2C800&ssl=1 4x"},"classes":[]},{"id":5196,"url":"https:\/\/andinabyangelica.com\/en\/productos\/pendientes-flores-verde-azul-turquesa\/","url_meta":{"origin":2889,"position":1},"title":"Earrings: Flowers Green Blue Turquoise","author":"andinabyangelica.com","date":"14 October 2024","format":false,"excerpt":"Handmade earrings, meticulously painted by hand, fusing art and luxury in every detail.","rel":"","context":"Similar post","block_context":{"text":"Similar post","link":""},"img":{"alt_text":"Chica de Andina by Ang\u00e9lica usando Pendientes artesanales en forma de flores pintados a mano con degradados en verde, azul turquesa y detalles en oro, inspirados en la naturaleza","src":"https:\/\/i0.wp.com\/andinabyangelica.com\/wp-content\/uploads\/2024\/10\/IMG_7094_1.jpeg?resize=350%2C200&ssl=1","width":350,"height":200,"srcset":"https:\/\/i0.wp.com\/andinabyangelica.com\/wp-content\/uploads\/2024\/10\/IMG_7094_1.jpeg?resize=350%2C200&ssl=1 1x, https:\/\/i0.wp.com\/andinabyangelica.com\/wp-content\/uploads\/2024\/10\/IMG_7094_1.jpeg?resize=525%2C300&ssl=1 1.5x, https:\/\/i0.wp.com\/andinabyangelica.com\/wp-content\/uploads\/2024\/10\/IMG_7094_1.jpeg?resize=700%2C400&ssl=1 2x, https:\/\/i0.wp.com\/andinabyangelica.com\/wp-content\/uploads\/2024\/10\/IMG_7094_1.jpeg?resize=1050%2C600&ssl=1 3x"},"classes":[]},{"id":3438,"url":"https:\/\/andinabyangelica.com\/en\/productos\/pendientes-tucan-esmeralda\/","url_meta":{"origin":2889,"position":2},"title":"Earrings Emerald Toucanet","author":"andinabyangelica.com","date":"14 January 2024","format":false,"excerpt":"Handmade earrings, meticulously painted by hand, fusing art and luxury in every detail.","rel":"","context":"Similar post","block_context":{"text":"Similar post","link":""},"img":{"alt_text":"Pendientes elaborados de manera artesanal pintados a mano de Tuc\u00e1n Esmeralda pintados a mano con pasantes chapados en oro de 18 Kt inspirados en la Fauna Colombiana","src":"https:\/\/i0.wp.com\/andinabyangelica.com\/wp-content\/uploads\/2023\/12\/2023_1218_14124500_1-1.jpg?resize=350%2C200&ssl=1","width":350,"height":200,"srcset":"https:\/\/i0.wp.com\/andinabyangelica.com\/wp-content\/uploads\/2023\/12\/2023_1218_14124500_1-1.jpg?resize=350%2C200&ssl=1 1x, https:\/\/i0.wp.com\/andinabyangelica.com\/wp-content\/uploads\/2023\/12\/2023_1218_14124500_1-1.jpg?resize=525%2C300&ssl=1 1.5x, https:\/\/i0.wp.com\/andinabyangelica.com\/wp-content\/uploads\/2023\/12\/2023_1218_14124500_1-1.jpg?resize=700%2C400&ssl=1 2x, https:\/\/i0.wp.com\/andinabyangelica.com\/wp-content\/uploads\/2023\/12\/2023_1218_14124500_1-1.jpg?resize=1050%2C600&ssl=1 3x, https:\/\/i0.wp.com\/andinabyangelica.com\/wp-content\/uploads\/2023\/12\/2023_1218_14124500_1-1.jpg?resize=1400%2C800&ssl=1 4x"},"classes":[]},{"id":3451,"url":"https:\/\/andinabyangelica.com\/en\/productos\/pendientes-guacamayas-enamorados\/","url_meta":{"origin":2889,"position":3},"title":"Earrings In love Guacamayas","author":"andinabyangelica.com","date":"14 January 2024","format":false,"excerpt":"Handmade earrings, meticulously painted by hand, fusing art and luxury in every detail.","rel":"","context":"Similar post","block_context":{"text":"Similar post","link":""},"img":{"alt_text":"Pendientes de las Guacamayas azul y roja elaboradas de manera artesanal pintados a mano con pasantes chapados en oro de 18 Kt inspirados en la fauna Colombiana","src":"https:\/\/i0.wp.com\/andinabyangelica.com\/wp-content\/uploads\/2024\/01\/2023_1210_18270300.jpeg?resize=350%2C200&ssl=1","width":350,"height":200,"srcset":"https:\/\/i0.wp.com\/andinabyangelica.com\/wp-content\/uploads\/2024\/01\/2023_1210_18270300.jpeg?resize=350%2C200&ssl=1 1x, https:\/\/i0.wp.com\/andinabyangelica.com\/wp-content\/uploads\/2024\/01\/2023_1210_18270300.jpeg?resize=525%2C300&ssl=1 1.5x, https:\/\/i0.wp.com\/andinabyangelica.com\/wp-content\/uploads\/2024\/01\/2023_1210_18270300.jpeg?resize=700%2C400&ssl=1 2x, https:\/\/i0.wp.com\/andinabyangelica.com\/wp-content\/uploads\/2024\/01\/2023_1210_18270300.jpeg?resize=1050%2C600&ssl=1 3x"},"classes":[]},{"id":3443,"url":"https:\/\/andinabyangelica.com\/en\/productos\/pendientes-guacharaca-caribena\/","url_meta":{"origin":2889,"position":4},"title":"Caribbean Guacharaca Earrings","author":"andinabyangelica.com","date":"14 January 2024","format":false,"excerpt":"Handmade earrings, meticulously painted by hand, fusing art and luxury in every detail.","rel":"","context":"Similar post","block_context":{"text":"Similar post","link":""},"img":{"alt_text":"Pendientes Paujil Pico Azul elaborados de manera artesanal pintados a mano con pasantes chapados en oro de 18 Kt inspirados en la fauna Colombiana","src":"https:\/\/i0.wp.com\/andinabyangelica.com\/wp-content\/uploads\/2023\/12\/2023_1210_18274700-1.jpeg?resize=350%2C200&ssl=1","width":350,"height":200,"srcset":"https:\/\/i0.wp.com\/andinabyangelica.com\/wp-content\/uploads\/2023\/12\/2023_1210_18274700-1.jpeg?resize=350%2C200&ssl=1 1x, https:\/\/i0.wp.com\/andinabyangelica.com\/wp-content\/uploads\/2023\/12\/2023_1210_18274700-1.jpeg?resize=525%2C300&ssl=1 1.5x, https:\/\/i0.wp.com\/andinabyangelica.com\/wp-content\/uploads\/2023\/12\/2023_1210_18274700-1.jpeg?resize=700%2C400&ssl=1 2x, https:\/\/i0.wp.com\/andinabyangelica.com\/wp-content\/uploads\/2023\/12\/2023_1210_18274700-1.jpeg?resize=1050%2C600&ssl=1 3x, https:\/\/i0.wp.com\/andinabyangelica.com\/wp-content\/uploads\/2023\/12\/2023_1210_18274700-1.jpeg?resize=1400%2C800&ssl=1 4x"},"classes":[]},{"id":3378,"url":"https:\/\/andinabyangelica.com\/en\/productos\/pendientes-pajaros-de-colores-copia\/","url_meta":{"origin":2889,"position":5},"title":"Earrings Birds Pearl Colours","author":"andinabyangelica.com","date":"13 January 2024","format":false,"excerpt":"Handmade earrings, meticulously painted by hand, fusing art and luxury in every detail.","rel":"","context":"Similar post","block_context":{"text":"Similar post","link":""},"img":{"alt_text":"Pendientes de p\u00e1jaros elaborados de forma artesanal en lat\u00f3n pintados a mano con terminaciones de oro de 18 Kt inspirados en la fauna Colombiana","src":"https:\/\/i0.wp.com\/andinabyangelica.com\/wp-content\/uploads\/2024\/01\/2024_0513_152901003.jpg?resize=350%2C200&ssl=1","width":350,"height":200,"srcset":"https:\/\/i0.wp.com\/andinabyangelica.com\/wp-content\/uploads\/2024\/01\/2024_0513_152901003.jpg?resize=350%2C200&ssl=1 1x, https:\/\/i0.wp.com\/andinabyangelica.com\/wp-content\/uploads\/2024\/01\/2024_0513_152901003.jpg?resize=525%2C300&ssl=1 1.5x, https:\/\/i0.wp.com\/andinabyangelica.com\/wp-content\/uploads\/2024\/01\/2024_0513_152901003.jpg?resize=700%2C400&ssl=1 2x"},"classes":[]}],"jetpack_likes_enabled":true,"jetpack_sharing_enabled":true,"_links":{"self":[{"href":"https:\/\/andinabyangelica.com\/en\/wp-json\/wp\/v2\/product\/2889","targetHints":{"allow":["GET"]}}],"collection":[{"href":"https:\/\/andinabyangelica.com\/en\/wp-json\/wp\/v2\/product"}],"about":[{"href":"https:\/\/andinabyangelica.com\/en\/wp-json\/wp\/v2\/types\/product"}],"wp:featuredmedia":[{"embeddable":true,"href":"https:\/\/andinabyangelica.com\/en\/wp-json\/wp\/v2\/media\/2996"}],"wp:attachment":[{"href":"https:\/\/andinabyangelica.com\/en\/wp-json\/wp\/v2\/media?parent=2889"}],"wp:term":[{"taxonomy":"product_brand","embeddable":true,"href":"https:\/\/andinabyangelica.com\/en\/wp-json\/wp\/v2\/product_brand?post=2889"},{"taxonomy":"product_cat","embeddable":true,"href":"https:\/\/andinabyangelica.com\/en\/wp-json\/wp\/v2\/product_cat?post=2889"},{"taxonomy":"product_tag","embeddable":true,"href":"https:\/\/andinabyangelica.com\/en\/wp-json\/wp\/v2\/product_tag?post=2889"}],"curies":[{"name":"wp","href":"https:\/\/api.w.org\/{rel}","templated":true}]}}