{"id":3502,"date":"2024-01-14T13:46:54","date_gmt":"2024-01-14T12:46:54","guid":{"rendered":"https:\/\/andinabyangelica.com\/?post_type=product&#038;p=3502"},"modified":"2024-05-12T18:21:19","modified_gmt":"2024-05-12T16:21:19","slug":"travel-poster-tu-y-yo-piensalo","status":"publish","type":"product","link":"https:\/\/andinabyangelica.com\/en\/productos\/travel-poster-tu-y-yo-piensalo\/","title":{"rendered":"Poster You and I \u2026 Think about it"},"content":{"rendered":"<p><b>Immerse yourself in artistic sophistication. The exceptional magic of inspiration through this travelling poster.<\/b><\/p>\n<p><b>Strokes born of a simple sketch are transformed into a work of art. The mixed techniques used, where the depth of charcoal merges with the exquisite delicacy of gouache, give life to an inspiring representation of Paris.<\/b><\/p>\n<p><b>This art corner invites you to explore the charm of the City of Light from the comfort of your space, awakening the desire for adventure and taking you on a visual journey through the most emblematic corners of the world having a picnic. \ud83e\uddfa \ud83e\udd42\ud83d\uddfa\ufe0f<\/b><\/p>\n<p><em><strong>Painting made in my art studio while remembering the beautiful moments that Paris has offered me \ud83e\ude84\u2728<\/strong><\/em><\/p>\n<p><strong>Posters sizes available<\/strong><\/p>\n<ul>\n<li>70x 100 cm (B1 poster)<\/li>\n<li>60 x 84 cm (A1 poster)<\/li>\n<li>29,7 x 42 cm (Poster A3)<\/li>\n<\/ul>\n<p><strong>Descripci\u00f3n:\u00a0<\/strong><\/p>\n<p>Art print on 135 gr Couche paper<\/p>\n<p>* The poster bears the letterhead of the visible mark printed on the bottom and the certificate of authenticity.<\/p>\n<p><strong><em>Time of Production\u00a0<\/em><\/strong><\/p>\n<p style=\"font-weight: 400;\">Products are made to order due to our sustainability purpose.<\/p>\n<p>In case your order is for a gift, let us know that super special message you want us to convey for you. We will be happy to transcribe it on a very special card.<\/p>\n<p style=\"font-weight: 400;\">El tiempo de producci\u00f3n aproximado es de 4 d\u00edas. Mantenemos un peque\u00f1o margen de producci\u00f3n. En caso de que el producto ya se encuentre en inventario, este tiempo no ser\u00eda necesario pero esta sujeto a notificaci\u00f3n.<\/p>\n<p style=\"font-weight: 400;\">In case the product is not in stock but the urgency is because you forgot a special occasion, and the gift is for the love of your life, message us, We will let you know if We manage to run to have the product on time, since we understand how difficult it is to find love \u2763\ufe0f.\u2763\ufe0f<\/p>\n<p>&nbsp;<\/p>\n<h3>\u00bfFAQ?<\/h3>\n<p>&nbsp;<\/p>\n<p><strong>* \u00bfWhen and how to use this product?<\/strong><\/p>\n<ul>\n<li>Nuestros P\u00f3sters son pinceladas de luz y color que transformar\u00e1n tus espacios en refugios de elegancia con un toque de fantas\u00eda. Cada imagen es una ventana a la inspiraci\u00f3n, record\u00e1ndote momentos especiales o transport\u00e1ndote a destinos m\u00e1gicos que aguardan ser explorados. Con su estilo distintivo, estos dise\u00f1os no solo adornan tus espacios, sino que tambi\u00e9n despiertan una sensaci\u00f3n de aspiraci\u00f3n, inst\u00e1ndote a perseguir nuevos horizontes y experiencias extraordinarias \u2026<\/li>\n<\/ul>\n<p>&nbsp;<\/p>","protected":false},"excerpt":{"rendered":"<p>Impresi\u00f3n Art\u00edstica. T\u00e9cnica mixta carboncillo &amp; gouache.<\/p>","protected":false},"featured_media":3505,"template":"","meta":{"_uag_custom_page_level_css":"","site-sidebar-layout":"default","site-content-layout":"","ast-site-content-layout":"default","site-content-style":"default","site-sidebar-style":"default","ast-global-header-display":"","ast-banner-title-visibility":"","ast-main-header-display":"","ast-hfb-above-header-display":"","ast-hfb-below-header-display":"","ast-hfb-mobile-header-display":"","site-post-title":"","ast-breadcrumbs-content":"","ast-featured-img":"","footer-sml-layout":"","ast-disable-related-posts":"","theme-transparent-header-meta":"default","adv-header-id-meta":"","stick-header-meta":"","header-above-stick-meta":"","header-main-stick-meta":"","header-below-stick-meta":"","astra-migrate-meta-layouts":"set","ast-page-background-enabled":"default","ast-page-background-meta":{"desktop":{"background-color":"","background-image":"","background-repeat":"repeat","background-position":"center center","background-size":"auto","background-attachment":"scroll","background-type":"","background-media":"","overlay-type":"","overlay-color":"","overlay-opacity":"","overlay-gradient":""},"tablet":{"background-color":"","background-image":"","background-repeat":"repeat","background-position":"center center","background-size":"auto","background-attachment":"scroll","background-type":"","background-media":"","overlay-type":"","overlay-color":"","overlay-opacity":"","overlay-gradient":""},"mobile":{"background-color":"","background-image":"","background-repeat":"repeat","background-position":"center center","background-size":"auto","background-attachment":"scroll","background-type":"","background-media":"","overlay-type":"","overlay-color":"","overlay-opacity":"","overlay-gradient":""}},"ast-content-background-meta":{"desktop":{"background-color":"var(--ast-global-color-5)","background-image":"","background-repeat":"repeat","background-position":"center center","background-size":"auto","background-attachment":"scroll","background-type":"","background-media":"","overlay-type":"","overlay-color":"","overlay-opacity":"","overlay-gradient":""},"tablet":{"background-color":"var(--ast-global-color-5)","background-image":"","background-repeat":"repeat","background-position":"center center","background-size":"auto","background-attachment":"scroll","background-type":"","background-media":"","overlay-type":"","overlay-color":"","overlay-opacity":"","overlay-gradient":""},"mobile":{"background-color":"var(--ast-global-color-5)","background-image":"","background-repeat":"repeat","background-position":"center center","background-size":"auto","background-attachment":"scroll","background-type":"","background-media":"","overlay-type":"","overlay-color":"","overlay-opacity":"","overlay-gradient":""}},"jetpack_post_was_ever_published":false},"product_brand":[],"product_cat":[115,42],"product_tag":[51,50,49,48],"class_list":{"0":"post-3502","1":"product","2":"type-product","3":"status-publish","4":"has-post-thumbnail","6":"product_cat-deco","7":"product_cat-posters","8":"product_tag-art","9":"product_tag-arte","10":"product_tag-prints","11":"product_tag-travel-posters","12":"desktop-align-center","13":"tablet-align-left","14":"mobile-align-left","16":"first","17":"instock","18":"shipping-taxable","19":"purchasable","20":"product-type-variable"},"aioseo_notices":[],"uagb_featured_image_src":{"full":["https:\/\/andinabyangelica.com\/wp-content\/uploads\/2023\/12\/IMG_2335.jpeg",2048,1365,false],"thumbnail":["https:\/\/andinabyangelica.com\/wp-content\/uploads\/2023\/12\/IMG_2335-150x150.jpeg",150,150,true],"medium":["https:\/\/andinabyangelica.com\/wp-content\/uploads\/2023\/12\/IMG_2335-300x200.jpeg",300,200,true],"medium_large":["https:\/\/andinabyangelica.com\/wp-content\/uploads\/2023\/12\/IMG_2335-768x512.jpeg",768,512,true],"large":["https:\/\/andinabyangelica.com\/wp-content\/uploads\/2023\/12\/IMG_2335-1024x683.jpeg",1024,683,true],"1536x1536":["https:\/\/andinabyangelica.com\/wp-content\/uploads\/2023\/12\/IMG_2335-1536x1024.jpeg",1536,1024,true],"2048x2048":["https:\/\/andinabyangelica.com\/wp-content\/uploads\/2023\/12\/IMG_2335.jpeg",2048,1365,false],"trp-custom-language-flag":["https:\/\/andinabyangelica.com\/wp-content\/uploads\/2023\/12\/IMG_2335.jpeg",18,12,false],"mailpoet_newsletter_max":["https:\/\/andinabyangelica.com\/wp-content\/uploads\/2023\/12\/IMG_2335-1320x880.jpeg",1320,880,true],"woocommerce_thumbnail":["https:\/\/andinabyangelica.com\/wp-content\/uploads\/2023\/12\/IMG_2335-300x300.jpeg",300,300,true],"woocommerce_single":["https:\/\/andinabyangelica.com\/wp-content\/uploads\/2023\/12\/IMG_2335-600x400.jpeg",600,400,true],"woocommerce_gallery_thumbnail":["https:\/\/andinabyangelica.com\/wp-content\/uploads\/2023\/12\/IMG_2335-100x100.jpeg",100,100,true]},"uagb_author_info":{"display_name":"andinabyangelica.com","author_link":"https:\/\/andinabyangelica.com\/en\/author\/"},"uagb_comment_info":0,"uagb_excerpt":"Impresi\u00f3n Art\u00edstica. T\u00e9cnica mixta carboncillo &amp; gouache.","jetpack-related-posts":[{"id":3547,"url":"https:\/\/andinabyangelica.com\/en\/productos\/poster-del-tropico-a-mi-vestido\/","url_meta":{"origin":3502,"position":0},"title":"Poster From Tropic to My Dress","author":"andinabyangelica.com","date":"14 January 2023","format":false,"excerpt":"Impresi\u00f3n Art\u00edstica. T\u00e9cnica mixta gouache, acr\u00edlicos, carboncillos & pasteles.","rel":"","context":"Similar post","block_context":{"text":"Similar post","link":""},"img":{"alt_text":"P\u00f3ster Ilustraci\u00f3n de moda para decoraci\u00f3n de dise\u00f1o de interiores. Fantas\u00eda y elegancia. Espacios \u00fanicos. Dise\u00f1os de autor. Aspiraci\u00f3n e inspiraci\u00f3n","src":"https:\/\/i0.wp.com\/andinabyangelica.com\/wp-content\/uploads\/2023\/12\/IMG_2333.jpeg?resize=350%2C200&ssl=1","width":350,"height":200,"srcset":"https:\/\/i0.wp.com\/andinabyangelica.com\/wp-content\/uploads\/2023\/12\/IMG_2333.jpeg?resize=350%2C200&ssl=1 1x, https:\/\/i0.wp.com\/andinabyangelica.com\/wp-content\/uploads\/2023\/12\/IMG_2333.jpeg?resize=525%2C300&ssl=1 1.5x, https:\/\/i0.wp.com\/andinabyangelica.com\/wp-content\/uploads\/2023\/12\/IMG_2333.jpeg?resize=700%2C400&ssl=1 2x, https:\/\/i0.wp.com\/andinabyangelica.com\/wp-content\/uploads\/2023\/12\/IMG_2333.jpeg?resize=1050%2C600&ssl=1 3x"},"classes":[]},{"id":3538,"url":"https:\/\/andinabyangelica.com\/en\/productos\/poster-la-luna\/","url_meta":{"origin":3502,"position":1},"title":"Poster The Moon","author":"andinabyangelica.com","date":"14 January 2024","format":false,"excerpt":"Impresi\u00f3n Art\u00edstica. T\u00e9cnica mixta gouache & acr\u00edlicos.","rel":"","context":"Similar post","block_context":{"text":"Similar post","link":""},"img":{"alt_text":"P\u00f3ster inspiraci\u00f3n La Luna, ilustraci\u00f3n de moda, t\u00e9cnica mixta gouache, acr\u00edlico. Decoraci\u00f3n dise\u00f1o de interiores","src":"https:\/\/i0.wp.com\/andinabyangelica.com\/wp-content\/uploads\/2023\/12\/IMG_2336-e1703707159288.jpeg?resize=350%2C200&ssl=1","width":350,"height":200,"srcset":"https:\/\/i0.wp.com\/andinabyangelica.com\/wp-content\/uploads\/2023\/12\/IMG_2336-e1703707159288.jpeg?resize=350%2C200&ssl=1 1x, https:\/\/i0.wp.com\/andinabyangelica.com\/wp-content\/uploads\/2023\/12\/IMG_2336-e1703707159288.jpeg?resize=525%2C300&ssl=1 1.5x, https:\/\/i0.wp.com\/andinabyangelica.com\/wp-content\/uploads\/2023\/12\/IMG_2336-e1703707159288.jpeg?resize=700%2C400&ssl=1 2x, https:\/\/i0.wp.com\/andinabyangelica.com\/wp-content\/uploads\/2023\/12\/IMG_2336-e1703707159288.jpeg?resize=1050%2C600&ssl=1 3x, https:\/\/i0.wp.com\/andinabyangelica.com\/wp-content\/uploads\/2023\/12\/IMG_2336-e1703707159288.jpeg?resize=1400%2C800&ssl=1 4x"},"classes":[]},{"id":4695,"url":"https:\/\/andinabyangelica.com\/en\/productos\/poster-elegancia-alada-la-belleza-organica-de-la-felicidad\/","url_meta":{"origin":3502,"position":2},"title":"Poster Elegancia Alada: La Belleza Org\u00e1nica de la Felicidad","author":"andinabyangelica.com","date":"1 March 2024","format":false,"excerpt":"Impresi\u00f3n Art\u00edstica. T\u00e9cnica digital.","rel":"","context":"Similar post","block_context":{"text":"Similar post","link":""},"img":{"alt_text":"Poster art\u00edstico de ilustraci\u00f3n de moda de mujer femenina y alegre usando un sombrero de alta costura de colibr\u00edes y flores","src":"https:\/\/i0.wp.com\/andinabyangelica.com\/wp-content\/uploads\/2024\/03\/IMG_3530.png?resize=350%2C200&ssl=1","width":350,"height":200,"srcset":"https:\/\/i0.wp.com\/andinabyangelica.com\/wp-content\/uploads\/2024\/03\/IMG_3530.png?resize=350%2C200&ssl=1 1x, https:\/\/i0.wp.com\/andinabyangelica.com\/wp-content\/uploads\/2024\/03\/IMG_3530.png?resize=525%2C300&ssl=1 1.5x, https:\/\/i0.wp.com\/andinabyangelica.com\/wp-content\/uploads\/2024\/03\/IMG_3530.png?resize=700%2C400&ssl=1 2x, https:\/\/i0.wp.com\/andinabyangelica.com\/wp-content\/uploads\/2024\/03\/IMG_3530.png?resize=1050%2C600&ssl=1 3x"},"classes":[]},{"id":4702,"url":"https:\/\/andinabyangelica.com\/en\/productos\/poster-sonriendo-la-belleza-organica-de-la-felicidad\/","url_meta":{"origin":3502,"position":3},"title":"Smiling Poster: The Organic Beauty of Happiness","author":"andinabyangelica.com","date":"3 March 2024","format":false,"excerpt":"Impresi\u00f3n Art\u00edstica. T\u00e9cnica digital.","rel":"","context":"Similar post","block_context":{"text":"Similar post","link":""},"img":{"alt_text":"Ilustraci\u00f3n de moda mujer femenina feliz sonriendo usando un sombrero de alta costura bordado con colibr\u00edes inspirados en la fauna Colombiana","src":"https:\/\/i0.wp.com\/andinabyangelica.com\/wp-content\/uploads\/2024\/03\/FE4572AF-F2B7-4B0E-80FA-4EE22EA6E8FB.png?resize=350%2C200&ssl=1","width":350,"height":200,"srcset":"https:\/\/i0.wp.com\/andinabyangelica.com\/wp-content\/uploads\/2024\/03\/FE4572AF-F2B7-4B0E-80FA-4EE22EA6E8FB.png?resize=350%2C200&ssl=1 1x, https:\/\/i0.wp.com\/andinabyangelica.com\/wp-content\/uploads\/2024\/03\/FE4572AF-F2B7-4B0E-80FA-4EE22EA6E8FB.png?resize=525%2C300&ssl=1 1.5x, https:\/\/i0.wp.com\/andinabyangelica.com\/wp-content\/uploads\/2024\/03\/FE4572AF-F2B7-4B0E-80FA-4EE22EA6E8FB.png?resize=700%2C400&ssl=1 2x, https:\/\/i0.wp.com\/andinabyangelica.com\/wp-content\/uploads\/2024\/03\/FE4572AF-F2B7-4B0E-80FA-4EE22EA6E8FB.png?resize=1050%2C600&ssl=1 3x"},"classes":[]},{"id":4156,"url":"https:\/\/andinabyangelica.com\/en\/productos\/poster-del-tropico-a-mi-vestido-copia\/","url_meta":{"origin":3502,"position":4},"title":"Poster and\/or Kimono Hummingbirds","author":"andinabyangelica.com","date":"14 January 2024","format":false,"excerpt":"Poster print Artistic digital technique and\/or Silk Velvet Kimono with hummingbird print\u00a0","rel":"","context":"Similar post","block_context":{"text":"Similar post","link":""},"img":{"alt_text":"P\u00f3ster de ilustraci\u00f3n de moda digital con mujer de belleza \u00fanica, cabello negro y facciones marcadas. El kimono que lleva puesto se puede realizar bajo pedido previo en tela de Seda de Sat\u00e9n Natural estampado con colibr\u00edes de colores inspirados en la fauna Colombiana. Las Chicas.","src":"https:\/\/i0.wp.com\/andinabyangelica.com\/wp-content\/uploads\/2024\/01\/IMG_2475.png?resize=350%2C200&ssl=1","width":350,"height":200,"srcset":"https:\/\/i0.wp.com\/andinabyangelica.com\/wp-content\/uploads\/2024\/01\/IMG_2475.png?resize=350%2C200&ssl=1 1x, https:\/\/i0.wp.com\/andinabyangelica.com\/wp-content\/uploads\/2024\/01\/IMG_2475.png?resize=525%2C300&ssl=1 1.5x, https:\/\/i0.wp.com\/andinabyangelica.com\/wp-content\/uploads\/2024\/01\/IMG_2475.png?resize=700%2C400&ssl=1 2x, https:\/\/i0.wp.com\/andinabyangelica.com\/wp-content\/uploads\/2024\/01\/IMG_2475.png?resize=1050%2C600&ssl=1 3x, https:\/\/i0.wp.com\/andinabyangelica.com\/wp-content\/uploads\/2024\/01\/IMG_2475.png?resize=1400%2C800&ssl=1 4x"},"classes":[]},{"id":4250,"url":"https:\/\/andinabyangelica.com\/en\/productos\/poster-y-o-mono-enterizo-estampado-titi-copia\/","url_meta":{"origin":3502,"position":5},"title":"Women\u2019s wide silhouette Shirt with orchids print \ud83c\udf3a and\/or Poster","author":"andinabyangelica.com","date":"14 January 2024","format":false,"excerpt":"Poster print Artistic digital technique and\/or Shirt silhouette wide medium sleeves for women with orchids print","rel":"","context":"Similar post","block_context":{"text":"Similar post","link":""},"img":{"alt_text":"P\u00f3ster de ilustraci\u00f3n de moda de mujer elegante con camisa de silueta amplia y estampado de orqu\u00eddeas colombianas, dise\u00f1o de autor de Andina by Ang\u00e9lica.","src":"https:\/\/i0.wp.com\/andinabyangelica.com\/wp-content\/uploads\/2024\/01\/IMG_2480.png?resize=350%2C200&ssl=1","width":350,"height":200,"srcset":"https:\/\/i0.wp.com\/andinabyangelica.com\/wp-content\/uploads\/2024\/01\/IMG_2480.png?resize=350%2C200&ssl=1 1x, https:\/\/i0.wp.com\/andinabyangelica.com\/wp-content\/uploads\/2024\/01\/IMG_2480.png?resize=525%2C300&ssl=1 1.5x, https:\/\/i0.wp.com\/andinabyangelica.com\/wp-content\/uploads\/2024\/01\/IMG_2480.png?resize=700%2C400&ssl=1 2x, https:\/\/i0.wp.com\/andinabyangelica.com\/wp-content\/uploads\/2024\/01\/IMG_2480.png?resize=1050%2C600&ssl=1 3x, https:\/\/i0.wp.com\/andinabyangelica.com\/wp-content\/uploads\/2024\/01\/IMG_2480.png?resize=1400%2C800&ssl=1 4x"},"classes":[]}],"jetpack_likes_enabled":true,"jetpack_sharing_enabled":true,"_links":{"self":[{"href":"https:\/\/andinabyangelica.com\/en\/wp-json\/wp\/v2\/product\/3502","targetHints":{"allow":["GET"]}}],"collection":[{"href":"https:\/\/andinabyangelica.com\/en\/wp-json\/wp\/v2\/product"}],"about":[{"href":"https:\/\/andinabyangelica.com\/en\/wp-json\/wp\/v2\/types\/product"}],"wp:featuredmedia":[{"embeddable":true,"href":"https:\/\/andinabyangelica.com\/en\/wp-json\/wp\/v2\/media\/3505"}],"wp:attachment":[{"href":"https:\/\/andinabyangelica.com\/en\/wp-json\/wp\/v2\/media?parent=3502"}],"wp:term":[{"taxonomy":"product_brand","embeddable":true,"href":"https:\/\/andinabyangelica.com\/en\/wp-json\/wp\/v2\/product_brand?post=3502"},{"taxonomy":"product_cat","embeddable":true,"href":"https:\/\/andinabyangelica.com\/en\/wp-json\/wp\/v2\/product_cat?post=3502"},{"taxonomy":"product_tag","embeddable":true,"href":"https:\/\/andinabyangelica.com\/en\/wp-json\/wp\/v2\/product_tag?post=3502"}],"curies":[{"name":"wp","href":"https:\/\/api.w.org\/{rel}","templated":true}]}}