{"id":3547,"date":"2023-01-14T18:00:17","date_gmt":"2023-01-14T17:00:17","guid":{"rendered":"https:\/\/andinabyangelica.com\/?post_type=product&#038;p=3547"},"modified":"2025-11-23T14:01:19","modified_gmt":"2025-11-23T13:01:19","slug":"poster-del-tropico-a-mi-vestido","status":"publish","type":"product","link":"https:\/\/andinabyangelica.com\/en\/productos\/poster-del-tropico-a-mi-vestido\/","title":{"rendered":"Poster From Tropic to My Dress"},"content":{"rendered":"<p><strong>This printed poster fuses mixed techniques to give life to a work of art inspired by fashion, specifically in a dress that reflects the vibrant colors of the Colombian tropics. The illustration captivates elegance, adding a touch of fantasy to any interior design space. This striking tribute to Colombia\u2019s rich colours not only beautifies, but also inspires those contemplating it to explore the wonderful destinations this paradisiacal place has to offer. A visual affirmation of the connection between fashion, art and inspiration in a canvas that transcends simple decoration.<\/strong><\/p>\n<p><strong>Posters sizes available<\/strong><\/p>\n<ul>\n<li>70x 100 cm (B1 poster)<\/li>\n<li>60 x 84 cm (A1 poster)<\/li>\n<li>29,7 x 42 cm (Poster A3)<\/li>\n<\/ul>\n<p><strong>Descripci\u00f3n:\u00a0<\/strong><\/p>\n<p>Art print on 135 gr Couche paper<\/p>\n<p>* The poster bears the letterhead of the visible mark printed on the bottom and the certificate of authenticity.<\/p>\n<p><strong><em>Time of Production\u00a0<\/em><\/strong><\/p>\n<p style=\"font-weight: 400;\">Products are made to order due to our sustainability purpose.<\/p>\n<p>In case your order is for a gift, let us know that super special message you want us to convey for you. We will be happy to transcribe it on a very special card.<\/p>\n<p style=\"font-weight: 400;\">El tiempo de producci\u00f3n aproximado es de 4 d\u00edas. Mantenemos un peque\u00f1o margen de producci\u00f3n. En caso de que el producto ya se encuentre en inventario, este tiempo no ser\u00eda necesario pero esta sujeto a notificaci\u00f3n.<\/p>\n<p style=\"font-weight: 400;\">In case the product is not in stock but the urgency is because you forgot a special occasion, and the gift is for the love of your life, message us, We will let you know if We manage to run to have the product on time, since we understand how difficult it is to find love \u2763\ufe0f.\u2763\ufe0f<\/p>\n<p>&nbsp;<\/p>\n<h3>\u00bfFAQ?<\/h3>\n<p>&nbsp;<\/p>\n<p><strong>* \u00bfWhen and how to use this product?<\/strong><\/p>\n<ul>\n<li>Nuestros P\u00f3sters son pinceladas de luz y color que transformar\u00e1n tus espacios en refugios de elegancia con un toque de fantas\u00eda. Cada imagen es una ventana a la inspiraci\u00f3n, record\u00e1ndote momentos especiales o transport\u00e1ndote a destinos m\u00e1gicos que aguardan ser explorados. Con su estilo distintivo, estos dise\u00f1os no solo adornan tus espacios, sino que tambi\u00e9n despiertan una sensaci\u00f3n de aspiraci\u00f3n, inst\u00e1ndote a perseguir nuevos horizontes y experiencias extraordinarias \u2026<\/li>\n<\/ul>\n<p>&nbsp;<\/p>","protected":false},"excerpt":{"rendered":"<p>Impresi\u00f3n Art\u00edstica. T\u00e9cnica mixta gouache, acr\u00edlicos, carboncillos &amp; pasteles.<\/p>","protected":false},"featured_media":3551,"template":"","meta":{"_uag_custom_page_level_css":"","site-sidebar-layout":"default","site-content-layout":"","ast-site-content-layout":"default","site-content-style":"default","site-sidebar-style":"default","ast-global-header-display":"","ast-banner-title-visibility":"","ast-main-header-display":"","ast-hfb-above-header-display":"","ast-hfb-below-header-display":"","ast-hfb-mobile-header-display":"","site-post-title":"","ast-breadcrumbs-content":"","ast-featured-img":"","footer-sml-layout":"","ast-disable-related-posts":"","theme-transparent-header-meta":"default","adv-header-id-meta":"","stick-header-meta":"","header-above-stick-meta":"","header-main-stick-meta":"","header-below-stick-meta":"","astra-migrate-meta-layouts":"set","ast-page-background-enabled":"default","ast-page-background-meta":{"desktop":{"background-color":"","background-image":"","background-repeat":"repeat","background-position":"center center","background-size":"auto","background-attachment":"scroll","background-type":"","background-media":"","overlay-type":"","overlay-color":"","overlay-opacity":"","overlay-gradient":""},"tablet":{"background-color":"","background-image":"","background-repeat":"repeat","background-position":"center center","background-size":"auto","background-attachment":"scroll","background-type":"","background-media":"","overlay-type":"","overlay-color":"","overlay-opacity":"","overlay-gradient":""},"mobile":{"background-color":"","background-image":"","background-repeat":"repeat","background-position":"center center","background-size":"auto","background-attachment":"scroll","background-type":"","background-media":"","overlay-type":"","overlay-color":"","overlay-opacity":"","overlay-gradient":""}},"ast-content-background-meta":{"desktop":{"background-color":"var(--ast-global-color-5)","background-image":"","background-repeat":"repeat","background-position":"center center","background-size":"auto","background-attachment":"scroll","background-type":"","background-media":"","overlay-type":"","overlay-color":"","overlay-opacity":"","overlay-gradient":""},"tablet":{"background-color":"var(--ast-global-color-5)","background-image":"","background-repeat":"repeat","background-position":"center center","background-size":"auto","background-attachment":"scroll","background-type":"","background-media":"","overlay-type":"","overlay-color":"","overlay-opacity":"","overlay-gradient":""},"mobile":{"background-color":"var(--ast-global-color-5)","background-image":"","background-repeat":"repeat","background-position":"center center","background-size":"auto","background-attachment":"scroll","background-type":"","background-media":"","overlay-type":"","overlay-color":"","overlay-opacity":"","overlay-gradient":""}},"jetpack_post_was_ever_published":false},"product_brand":[],"product_cat":[115,42],"product_tag":[51,50,52,49],"class_list":{"0":"post-3547","1":"product","2":"type-product","3":"status-publish","4":"has-post-thumbnail","6":"product_cat-deco","7":"product_cat-posters","8":"product_tag-art","9":"product_tag-arte","10":"product_tag-poster-inspirador","11":"product_tag-prints","12":"desktop-align-center","13":"tablet-align-left","14":"mobile-align-left","16":"first","17":"instock","18":"shipping-taxable","19":"purchasable","20":"product-type-variable"},"aioseo_notices":[],"uagb_featured_image_src":{"full":["https:\/\/andinabyangelica.com\/wp-content\/uploads\/2023\/12\/IMG_2333.jpeg",1134,656,false],"thumbnail":["https:\/\/andinabyangelica.com\/wp-content\/uploads\/2023\/12\/IMG_2333-150x150.jpeg",150,150,true],"medium":["https:\/\/andinabyangelica.com\/wp-content\/uploads\/2023\/12\/IMG_2333-300x174.jpeg",300,174,true],"medium_large":["https:\/\/andinabyangelica.com\/wp-content\/uploads\/2023\/12\/IMG_2333-768x444.jpeg",768,444,true],"large":["https:\/\/andinabyangelica.com\/wp-content\/uploads\/2023\/12\/IMG_2333-1024x592.jpeg",1024,592,true],"1536x1536":["https:\/\/andinabyangelica.com\/wp-content\/uploads\/2023\/12\/IMG_2333.jpeg",1134,656,false],"2048x2048":["https:\/\/andinabyangelica.com\/wp-content\/uploads\/2023\/12\/IMG_2333.jpeg",1134,656,false],"trp-custom-language-flag":["https:\/\/andinabyangelica.com\/wp-content\/uploads\/2023\/12\/IMG_2333.jpeg",18,10,false],"mailpoet_newsletter_max":["https:\/\/andinabyangelica.com\/wp-content\/uploads\/2023\/12\/IMG_2333.jpeg",1134,656,false],"woocommerce_thumbnail":["https:\/\/andinabyangelica.com\/wp-content\/uploads\/2023\/12\/IMG_2333-300x300.jpeg",300,300,true],"woocommerce_single":["https:\/\/andinabyangelica.com\/wp-content\/uploads\/2023\/12\/IMG_2333-600x347.jpeg",600,347,true],"woocommerce_gallery_thumbnail":["https:\/\/andinabyangelica.com\/wp-content\/uploads\/2023\/12\/IMG_2333-100x100.jpeg",100,100,true]},"uagb_author_info":{"display_name":"andinabyangelica.com","author_link":"https:\/\/andinabyangelica.com\/en\/author\/"},"uagb_comment_info":0,"uagb_excerpt":"Impresi\u00f3n Art\u00edstica. T\u00e9cnica mixta gouache, acr\u00edlicos, carboncillos &amp; pasteles.","jetpack-related-posts":[{"id":4156,"url":"https:\/\/andinabyangelica.com\/en\/productos\/poster-del-tropico-a-mi-vestido-copia\/","url_meta":{"origin":3547,"position":0},"title":"Poster and\/or Kimono Hummingbirds","author":"andinabyangelica.com","date":"14 January 2024","format":false,"excerpt":"Poster print Artistic digital technique and\/or Silk Velvet Kimono with hummingbird print\u00a0","rel":"","context":"Similar post","block_context":{"text":"Similar post","link":""},"img":{"alt_text":"P\u00f3ster de ilustraci\u00f3n de moda digital con mujer de belleza \u00fanica, cabello negro y facciones marcadas. El kimono que lleva puesto se puede realizar bajo pedido previo en tela de Seda de Sat\u00e9n Natural estampado con colibr\u00edes de colores inspirados en la fauna Colombiana. Las Chicas.","src":"https:\/\/i0.wp.com\/andinabyangelica.com\/wp-content\/uploads\/2024\/01\/IMG_2475.png?resize=350%2C200&ssl=1","width":350,"height":200,"srcset":"https:\/\/i0.wp.com\/andinabyangelica.com\/wp-content\/uploads\/2024\/01\/IMG_2475.png?resize=350%2C200&ssl=1 1x, https:\/\/i0.wp.com\/andinabyangelica.com\/wp-content\/uploads\/2024\/01\/IMG_2475.png?resize=525%2C300&ssl=1 1.5x, https:\/\/i0.wp.com\/andinabyangelica.com\/wp-content\/uploads\/2024\/01\/IMG_2475.png?resize=700%2C400&ssl=1 2x, https:\/\/i0.wp.com\/andinabyangelica.com\/wp-content\/uploads\/2024\/01\/IMG_2475.png?resize=1050%2C600&ssl=1 3x, https:\/\/i0.wp.com\/andinabyangelica.com\/wp-content\/uploads\/2024\/01\/IMG_2475.png?resize=1400%2C800&ssl=1 4x"},"classes":[]},{"id":3538,"url":"https:\/\/andinabyangelica.com\/en\/productos\/poster-la-luna\/","url_meta":{"origin":3547,"position":1},"title":"Poster The Moon","author":"andinabyangelica.com","date":"14 January 2024","format":false,"excerpt":"Impresi\u00f3n Art\u00edstica. T\u00e9cnica mixta gouache & acr\u00edlicos.","rel":"","context":"Similar post","block_context":{"text":"Similar post","link":""},"img":{"alt_text":"P\u00f3ster inspiraci\u00f3n La Luna, ilustraci\u00f3n de moda, t\u00e9cnica mixta gouache, acr\u00edlico. Decoraci\u00f3n dise\u00f1o de interiores","src":"https:\/\/i0.wp.com\/andinabyangelica.com\/wp-content\/uploads\/2023\/12\/IMG_2336-e1703707159288.jpeg?resize=350%2C200&ssl=1","width":350,"height":200,"srcset":"https:\/\/i0.wp.com\/andinabyangelica.com\/wp-content\/uploads\/2023\/12\/IMG_2336-e1703707159288.jpeg?resize=350%2C200&ssl=1 1x, https:\/\/i0.wp.com\/andinabyangelica.com\/wp-content\/uploads\/2023\/12\/IMG_2336-e1703707159288.jpeg?resize=525%2C300&ssl=1 1.5x, https:\/\/i0.wp.com\/andinabyangelica.com\/wp-content\/uploads\/2023\/12\/IMG_2336-e1703707159288.jpeg?resize=700%2C400&ssl=1 2x, https:\/\/i0.wp.com\/andinabyangelica.com\/wp-content\/uploads\/2023\/12\/IMG_2336-e1703707159288.jpeg?resize=1050%2C600&ssl=1 3x, https:\/\/i0.wp.com\/andinabyangelica.com\/wp-content\/uploads\/2023\/12\/IMG_2336-e1703707159288.jpeg?resize=1400%2C800&ssl=1 4x"},"classes":[]},{"id":3502,"url":"https:\/\/andinabyangelica.com\/en\/productos\/travel-poster-tu-y-yo-piensalo\/","url_meta":{"origin":3547,"position":2},"title":"Poster You and I \u2026 Think about it","author":"andinabyangelica.com","date":"14 January 2024","format":false,"excerpt":"Impresi\u00f3n Art\u00edstica. T\u00e9cnica mixta carboncillo & gouache.","rel":"","context":"Similar post","block_context":{"text":"Similar post","link":""},"img":{"alt_text":"Travel Poster. Ilustraci\u00f3n picnic en Paris frente a torre eiffel. Decoraci\u00f3n, para dise\u00f1o de interiores","src":"https:\/\/i0.wp.com\/andinabyangelica.com\/wp-content\/uploads\/2023\/12\/IMG_2335.jpeg?resize=350%2C200&ssl=1","width":350,"height":200,"srcset":"https:\/\/i0.wp.com\/andinabyangelica.com\/wp-content\/uploads\/2023\/12\/IMG_2335.jpeg?resize=350%2C200&ssl=1 1x, https:\/\/i0.wp.com\/andinabyangelica.com\/wp-content\/uploads\/2023\/12\/IMG_2335.jpeg?resize=525%2C300&ssl=1 1.5x, https:\/\/i0.wp.com\/andinabyangelica.com\/wp-content\/uploads\/2023\/12\/IMG_2335.jpeg?resize=700%2C400&ssl=1 2x, https:\/\/i0.wp.com\/andinabyangelica.com\/wp-content\/uploads\/2023\/12\/IMG_2335.jpeg?resize=1050%2C600&ssl=1 3x, https:\/\/i0.wp.com\/andinabyangelica.com\/wp-content\/uploads\/2023\/12\/IMG_2335.jpeg?resize=1400%2C800&ssl=1 4x"},"classes":[]},{"id":4250,"url":"https:\/\/andinabyangelica.com\/en\/productos\/poster-y-o-mono-enterizo-estampado-titi-copia\/","url_meta":{"origin":3547,"position":3},"title":"Women\u2019s wide silhouette Shirt with orchids print \ud83c\udf3a and\/or Poster","author":"andinabyangelica.com","date":"14 January 2024","format":false,"excerpt":"Poster print Artistic digital technique and\/or Shirt silhouette wide medium sleeves for women with orchids print","rel":"","context":"Similar post","block_context":{"text":"Similar post","link":""},"img":{"alt_text":"P\u00f3ster de ilustraci\u00f3n de moda de mujer elegante con camisa de silueta amplia y estampado de orqu\u00eddeas colombianas, dise\u00f1o de autor de Andina by Ang\u00e9lica.","src":"https:\/\/i0.wp.com\/andinabyangelica.com\/wp-content\/uploads\/2024\/01\/IMG_2480.png?resize=350%2C200&ssl=1","width":350,"height":200,"srcset":"https:\/\/i0.wp.com\/andinabyangelica.com\/wp-content\/uploads\/2024\/01\/IMG_2480.png?resize=350%2C200&ssl=1 1x, https:\/\/i0.wp.com\/andinabyangelica.com\/wp-content\/uploads\/2024\/01\/IMG_2480.png?resize=525%2C300&ssl=1 1.5x, https:\/\/i0.wp.com\/andinabyangelica.com\/wp-content\/uploads\/2024\/01\/IMG_2480.png?resize=700%2C400&ssl=1 2x, https:\/\/i0.wp.com\/andinabyangelica.com\/wp-content\/uploads\/2024\/01\/IMG_2480.png?resize=1050%2C600&ssl=1 3x, https:\/\/i0.wp.com\/andinabyangelica.com\/wp-content\/uploads\/2024\/01\/IMG_2480.png?resize=1400%2C800&ssl=1 4x"},"classes":[]},{"id":4270,"url":"https:\/\/andinabyangelica.com\/en\/productos\/poster-y-o-camisa-silueta-amplia-para-mujer-con-estampado-de-flores-tropicales\/","url_meta":{"origin":3547,"position":4},"title":"Women\u2019s wide silhouette Shirt with tropical flower print and\/or Poster","author":"andinabyangelica.com","date":"14 January 2024","format":false,"excerpt":"Poster print Artistic digital technique and\/or Shirt silhouette wide long sleeves for women with tropical flower print","rel":"","context":"Similar post","block_context":{"text":"Similar post","link":""},"img":{"alt_text":"P\u00f3ster de ilustraci\u00f3n de moda de mujer rubia con camisa de silueta amplia y estampado floral colorido en fibras naturales, dise\u00f1o de Andina by Ang\u00e9lica.","src":"https:\/\/i0.wp.com\/andinabyangelica.com\/wp-content\/uploads\/2024\/01\/IMG_2520-2.png?resize=350%2C200&ssl=1","width":350,"height":200,"srcset":"https:\/\/i0.wp.com\/andinabyangelica.com\/wp-content\/uploads\/2024\/01\/IMG_2520-2.png?resize=350%2C200&ssl=1 1x, https:\/\/i0.wp.com\/andinabyangelica.com\/wp-content\/uploads\/2024\/01\/IMG_2520-2.png?resize=525%2C300&ssl=1 1.5x, https:\/\/i0.wp.com\/andinabyangelica.com\/wp-content\/uploads\/2024\/01\/IMG_2520-2.png?resize=700%2C400&ssl=1 2x, https:\/\/i0.wp.com\/andinabyangelica.com\/wp-content\/uploads\/2024\/01\/IMG_2520-2.png?resize=1050%2C600&ssl=1 3x, https:\/\/i0.wp.com\/andinabyangelica.com\/wp-content\/uploads\/2024\/01\/IMG_2520-2.png?resize=1400%2C800&ssl=1 4x"},"classes":[]},{"id":4702,"url":"https:\/\/andinabyangelica.com\/en\/productos\/poster-sonriendo-la-belleza-organica-de-la-felicidad\/","url_meta":{"origin":3547,"position":5},"title":"Smiling Poster: The Organic Beauty of Happiness","author":"andinabyangelica.com","date":"3 March 2024","format":false,"excerpt":"Impresi\u00f3n Art\u00edstica. T\u00e9cnica digital.","rel":"","context":"Similar post","block_context":{"text":"Similar post","link":""},"img":{"alt_text":"Ilustraci\u00f3n de moda mujer femenina feliz sonriendo usando un sombrero de alta costura bordado con colibr\u00edes inspirados en la fauna Colombiana","src":"https:\/\/i0.wp.com\/andinabyangelica.com\/wp-content\/uploads\/2024\/03\/FE4572AF-F2B7-4B0E-80FA-4EE22EA6E8FB.png?resize=350%2C200&ssl=1","width":350,"height":200,"srcset":"https:\/\/i0.wp.com\/andinabyangelica.com\/wp-content\/uploads\/2024\/03\/FE4572AF-F2B7-4B0E-80FA-4EE22EA6E8FB.png?resize=350%2C200&ssl=1 1x, https:\/\/i0.wp.com\/andinabyangelica.com\/wp-content\/uploads\/2024\/03\/FE4572AF-F2B7-4B0E-80FA-4EE22EA6E8FB.png?resize=525%2C300&ssl=1 1.5x, https:\/\/i0.wp.com\/andinabyangelica.com\/wp-content\/uploads\/2024\/03\/FE4572AF-F2B7-4B0E-80FA-4EE22EA6E8FB.png?resize=700%2C400&ssl=1 2x, https:\/\/i0.wp.com\/andinabyangelica.com\/wp-content\/uploads\/2024\/03\/FE4572AF-F2B7-4B0E-80FA-4EE22EA6E8FB.png?resize=1050%2C600&ssl=1 3x"},"classes":[]}],"jetpack_likes_enabled":true,"jetpack_sharing_enabled":true,"_links":{"self":[{"href":"https:\/\/andinabyangelica.com\/en\/wp-json\/wp\/v2\/product\/3547","targetHints":{"allow":["GET"]}}],"collection":[{"href":"https:\/\/andinabyangelica.com\/en\/wp-json\/wp\/v2\/product"}],"about":[{"href":"https:\/\/andinabyangelica.com\/en\/wp-json\/wp\/v2\/types\/product"}],"wp:featuredmedia":[{"embeddable":true,"href":"https:\/\/andinabyangelica.com\/en\/wp-json\/wp\/v2\/media\/3551"}],"wp:attachment":[{"href":"https:\/\/andinabyangelica.com\/en\/wp-json\/wp\/v2\/media?parent=3547"}],"wp:term":[{"taxonomy":"product_brand","embeddable":true,"href":"https:\/\/andinabyangelica.com\/en\/wp-json\/wp\/v2\/product_brand?post=3547"},{"taxonomy":"product_cat","embeddable":true,"href":"https:\/\/andinabyangelica.com\/en\/wp-json\/wp\/v2\/product_cat?post=3547"},{"taxonomy":"product_tag","embeddable":true,"href":"https:\/\/andinabyangelica.com\/en\/wp-json\/wp\/v2\/product_tag?post=3547"}],"curies":[{"name":"wp","href":"https:\/\/api.w.org\/{rel}","templated":true}]}}