{"id":4156,"date":"2024-01-14T18:00:49","date_gmt":"2024-01-14T17:00:49","guid":{"rendered":"https:\/\/andinabyangelica.com\/?post_type=product&#038;p=4156"},"modified":"2024-08-30T20:39:44","modified_gmt":"2024-08-30T18:39:44","slug":"poster-del-tropico-a-mi-vestido-copia","status":"publish","type":"product","link":"https:\/\/andinabyangelica.com\/en\/productos\/poster-del-tropico-a-mi-vestido-copia\/","title":{"rendered":"Poster and\/or Kimono Hummingbirds"},"content":{"rendered":"<p><strong>In this captivating digital fashion illustration, women emerge as exquisite tropical flowers, highlighting the diversity of personalities and unique beauties. Each one dresses in author\u2019s designer garments, which can also be purchased on pre-order. The colors of their outfits celebrate the joy of Colombian culture and vibrant colors. This visual representation not only adds a touch of elegance to the interior design, but also the cultural richness and individuality of each woman and you can wear it!<\/strong><\/p>\n<p><strong>Pattern designed as I remembered the hummingbirds I observed through my window. My granny used to say that every time a hummingbird came, we\u2019d get a visitor.<br \/>\n<\/strong><\/p>\n<p><strong>Hummingbirds flap their wings 60 times per second and visit 2,000 to 5,000 flowers per day. \ud83c\udf38\ud83d\udc26\u200d\u2b1b<\/strong><\/p>\n<p><strong><br \/>\nPosters sizes available<br \/>\n<\/strong><\/p>\n<ul>\n<li>70x 100 cm (B1 poster)<\/li>\n<li>60 x 84 cm (A1 poster)<\/li>\n<li>29,7 x 42 cm (Poster A3)<\/li>\n<\/ul>\n<p><strong style=\"font-size: 16px; -webkit-text-size-adjust: 100%;\">Poster Description\u00a0<\/strong><\/p>\n<p>Art print on 135 gr Couche paper<\/p>\n<p>* The poster bears the letterhead of the visible mark printed on the bottom and the certificate of authenticity.<\/p>\n<p><strong>Description and measurement of kimono;<\/strong><\/p>\n<p lang=\"es\">Silk velvet printed kimono, a must-have look that can be worn in all seasons!<\/p>\n<p lang=\"es\">It\u2019s hummingbird design has started organically through hand-painted canvases with gouache and dry pastels, then printed on the fabric. Its changing taffeta lining is a precious complement to this creation.<\/p>\n<p><b>Size Guide<\/b><\/p>\n<table width=\"369\">\n<colgroup>\n<col width=\"51\" \/>\n<col width=\"76\" \/>\n<col width=\"115\" \/>\n<col width=\"80\" \/>\n<col width=\"47\" \/><\/colgroup>\n<tbody>\n<tr>\n<td class=\"xl151\" width=\"51\" height=\"40\"><strong>Size<\/strong><\/td>\n<td class=\"xl59\" width=\"76\"><strong>Chest (cm)<\/strong><\/td>\n<td class=\"xl59\" width=\"115\"><strong>Length of the sleeve (cm)<\/strong><\/td>\n<td class=\"xl59\" width=\"80\"><strong>Shoulder (cm)<\/strong><\/td>\n<td class=\"xl152\" width=\"47\"><strong>Lenght<\/strong><\/td>\n<\/tr>\n<tr>\n<td class=\"xl153\" width=\"51\" height=\"40\">S<\/td>\n<td class=\"xl62\" align=\"right\" width=\"76\">54<\/td>\n<td class=\"xl62\" width=\"115\">33.5<\/td>\n<td class=\"xl69\" width=\"80\">52<\/td>\n<td class=\"xl154\" align=\"right\" width=\"47\">120<\/td>\n<\/tr>\n<tr>\n<td class=\"xl155\" width=\"51\" height=\"40\">M<\/td>\n<td class=\"xl65\" align=\"right\" width=\"76\">56<\/td>\n<td class=\"xl65\" width=\"115\">34.5<\/td>\n<td class=\"xl70\" width=\"80\">55<\/td>\n<td class=\"xl156\" align=\"right\" width=\"47\">120<\/td>\n<\/tr>\n<tr>\n<td class=\"xl153\" width=\"51\" height=\"40\">L<\/td>\n<td class=\"xl62\" align=\"right\" width=\"76\">59<\/td>\n<td class=\"xl69\" width=\"115\">35.56<\/td>\n<td class=\"xl69\" width=\"80\">57.9<\/td>\n<td class=\"xl154\" align=\"right\" width=\"47\">122<\/td>\n<\/tr>\n<tr>\n<td class=\"xl155\" width=\"51\" height=\"40\">XL<\/td>\n<td class=\"xl65\" align=\"right\" width=\"76\">62<\/td>\n<td class=\"xl65\" width=\"115\">36.5<\/td>\n<td class=\"xl70\" width=\"80\">60.9<\/td>\n<td class=\"xl156\" align=\"right\" width=\"47\">125<\/td>\n<\/tr>\n<tr>\n<td class=\"xl157\" width=\"51\" height=\"40\">2XL<\/td>\n<td class=\"xl158\" align=\"right\" width=\"76\">66<\/td>\n<td class=\"xl158\" width=\"115\">36.5<\/td>\n<td class=\"xl159\" width=\"80\">64.5<\/td>\n<td class=\"xl160\" align=\"right\" width=\"47\">125<\/td>\n<\/tr>\n<\/tbody>\n<\/table>\n<p><em>* Photo of the model taken from NbPrintex<\/em><\/p>\n<p><strong style=\"font-size: 16px; -webkit-text-size-adjust: 100%;\"><em>Time of Production\u00a0<\/em><\/strong><\/p>\n<p>Products are made to order due to our sustainability purpose.<\/p>\n<p style=\"font-weight: 400;\">The approximate production time of the posters is 4 days. The production time of the Kimonos is 30 days. We maintain a small margin of production. In case the product is already in stock, this time would not be necessary but is subject to notification.<\/p>\n<p>In case your order is for a gift, let us know that super special message you want us to convey for you. We will be happy to transcribe it on a very special card.<\/p>\n<p style=\"font-weight: 400;\">In case the product is not in stock but the urgency is because you forgot a special occasion, and the gift is for the love of your life, message us, We will let you know if we manage to run to have the product on time, since we understand how difficult it is to find love \u2763\ufe0f.\u2763\ufe0f<\/p>\n<p>&nbsp;<\/p>\n<h3>\u00bfFAQ?<\/h3>\n<p>&nbsp;<\/p>\n<p><strong>* \u00bfWhen and how to use this product?<\/strong><\/p>\n<ul>\n<li>Our posters and designer clothing are brushstrokes of light and colour that will transform your spaces and\/or closet into elegant shelters with a touch of fantasy. Each stroke is a window to inspiration, reminding you of special moments or transporting you to magical destinations that await exploration. With its distinctive style, these designs not only adorn your spaces, or enhance your beauty, but also awaken a sense of aspiration, urging you to pursue new horizons and extraordinary experiences, while taking care of yourself ...\u2728<\/li>\n<\/ul>\n<p>&nbsp;<\/p>","protected":false},"excerpt":{"rendered":"<p><em>Poster print Artistic digital technique and\/or Silk Velvet Kimono with hummingbird print\u00a0<\/em><\/p>","protected":false},"featured_media":4192,"template":"","meta":{"_uag_custom_page_level_css":"","site-sidebar-layout":"default","site-content-layout":"","ast-site-content-layout":"default","site-content-style":"default","site-sidebar-style":"default","ast-global-header-display":"","ast-banner-title-visibility":"","ast-main-header-display":"","ast-hfb-above-header-display":"","ast-hfb-below-header-display":"","ast-hfb-mobile-header-display":"","site-post-title":"","ast-breadcrumbs-content":"","ast-featured-img":"","footer-sml-layout":"","ast-disable-related-posts":"","theme-transparent-header-meta":"default","adv-header-id-meta":"","stick-header-meta":"","header-above-stick-meta":"","header-main-stick-meta":"","header-below-stick-meta":"","astra-migrate-meta-layouts":"set","ast-page-background-enabled":"default","ast-page-background-meta":{"desktop":{"background-color":"","background-image":"","background-repeat":"repeat","background-position":"center center","background-size":"auto","background-attachment":"scroll","background-type":"","background-media":"","overlay-type":"","overlay-color":"","overlay-opacity":"","overlay-gradient":""},"tablet":{"background-color":"","background-image":"","background-repeat":"repeat","background-position":"center center","background-size":"auto","background-attachment":"scroll","background-type":"","background-media":"","overlay-type":"","overlay-color":"","overlay-opacity":"","overlay-gradient":""},"mobile":{"background-color":"","background-image":"","background-repeat":"repeat","background-position":"center center","background-size":"auto","background-attachment":"scroll","background-type":"","background-media":"","overlay-type":"","overlay-color":"","overlay-opacity":"","overlay-gradient":""}},"ast-content-background-meta":{"desktop":{"background-color":"var(--ast-global-color-5)","background-image":"","background-repeat":"repeat","background-position":"center center","background-size":"auto","background-attachment":"scroll","background-type":"","background-media":"","overlay-type":"","overlay-color":"","overlay-opacity":"","overlay-gradient":""},"tablet":{"background-color":"var(--ast-global-color-5)","background-image":"","background-repeat":"repeat","background-position":"center center","background-size":"auto","background-attachment":"scroll","background-type":"","background-media":"","overlay-type":"","overlay-color":"","overlay-opacity":"","overlay-gradient":""},"mobile":{"background-color":"var(--ast-global-color-5)","background-image":"","background-repeat":"repeat","background-position":"center center","background-size":"auto","background-attachment":"scroll","background-type":"","background-media":"","overlay-type":"","overlay-color":"","overlay-opacity":"","overlay-gradient":""}},"jetpack_post_was_ever_published":false},"product_brand":[],"product_cat":[115,41,42,116],"product_tag":[51,50,58,52,49],"class_list":{"0":"post-4156","1":"product","2":"type-product","3":"status-publish","4":"has-post-thumbnail","6":"product_cat-deco","7":"product_cat-estampados","8":"product_cat-posters","9":"product_cat-textiles","10":"product_tag-art","11":"product_tag-arte","12":"product_tag-kimono-estampado","13":"product_tag-poster-inspirador","14":"product_tag-prints","15":"desktop-align-center","16":"tablet-align-left","17":"mobile-align-left","19":"first","20":"instock","21":"shipping-taxable","22":"purchasable","23":"product-type-variable"},"aioseo_notices":[],"uagb_featured_image_src":{"full":["https:\/\/andinabyangelica.com\/wp-content\/uploads\/2024\/01\/IMG_2475.png",2048,2048,false],"thumbnail":["https:\/\/andinabyangelica.com\/wp-content\/uploads\/2024\/01\/IMG_2475-150x150.png",150,150,true],"medium":["https:\/\/andinabyangelica.com\/wp-content\/uploads\/2024\/01\/IMG_2475-300x300.png",300,300,true],"medium_large":["https:\/\/andinabyangelica.com\/wp-content\/uploads\/2024\/01\/IMG_2475-768x768.png",768,768,true],"large":["https:\/\/andinabyangelica.com\/wp-content\/uploads\/2024\/01\/IMG_2475-1024x1024.png",1024,1024,true],"1536x1536":["https:\/\/andinabyangelica.com\/wp-content\/uploads\/2024\/01\/IMG_2475-1536x1536.png",1536,1536,true],"2048x2048":["https:\/\/andinabyangelica.com\/wp-content\/uploads\/2024\/01\/IMG_2475.png",2048,2048,false],"trp-custom-language-flag":["https:\/\/andinabyangelica.com\/wp-content\/uploads\/2024\/01\/IMG_2475.png",12,12,false],"mailpoet_newsletter_max":["https:\/\/andinabyangelica.com\/wp-content\/uploads\/2024\/01\/IMG_2475-1320x1320.png",1320,1320,true],"woocommerce_thumbnail":["https:\/\/andinabyangelica.com\/wp-content\/uploads\/2024\/01\/IMG_2475-300x300.png",300,300,true],"woocommerce_single":["https:\/\/andinabyangelica.com\/wp-content\/uploads\/2024\/01\/IMG_2475-600x600.png",600,600,true],"woocommerce_gallery_thumbnail":["https:\/\/andinabyangelica.com\/wp-content\/uploads\/2024\/01\/IMG_2475-100x100.png",100,100,true]},"uagb_author_info":{"display_name":"andinabyangelica.com","author_link":"https:\/\/andinabyangelica.com\/en\/author\/"},"uagb_comment_info":0,"uagb_excerpt":"P\u00f3ster impresi\u00f3n Art\u00edstica t\u00e9cnica digital y\/\u00f3 Kimono Terciopelo de Seda con estampado de colibr\u00edes\u00a0","jetpack-related-posts":[{"id":4991,"url":"https:\/\/andinabyangelica.com\/en\/productos\/panuelo-colibri\/","url_meta":{"origin":4156,"position":0},"title":"Hummingbird Scarf","author":"andinabyangelica.com","date":"31 August 2024","format":false,"excerpt":"Pa\u00f1uelo estampado de flores y colibr\u00edes","rel":"","context":"Similar post","block_context":{"text":"Similar post","link":""},"img":{"alt_text":"Modelo usando pa\u00f1oleta con flores y colibr\u00edes de colores, mezcla de arte y frescura natural.","src":"https:\/\/i0.wp.com\/andinabyangelica.com\/wp-content\/uploads\/2024\/08\/2024_0228_12574800-1-rotated.jpeg?resize=350%2C200&ssl=1","width":350,"height":200,"srcset":"https:\/\/i0.wp.com\/andinabyangelica.com\/wp-content\/uploads\/2024\/08\/2024_0228_12574800-1-rotated.jpeg?resize=350%2C200&ssl=1 1x, https:\/\/i0.wp.com\/andinabyangelica.com\/wp-content\/uploads\/2024\/08\/2024_0228_12574800-1-rotated.jpeg?resize=525%2C300&ssl=1 1.5x, https:\/\/i0.wp.com\/andinabyangelica.com\/wp-content\/uploads\/2024\/08\/2024_0228_12574800-1-rotated.jpeg?resize=700%2C400&ssl=1 2x, https:\/\/i0.wp.com\/andinabyangelica.com\/wp-content\/uploads\/2024\/08\/2024_0228_12574800-1-rotated.jpeg?resize=1050%2C600&ssl=1 3x"},"classes":[]},{"id":4785,"url":"https:\/\/andinabyangelica.com\/en\/productos\/collar-colibri-brisa-azul\/","url_meta":{"origin":4156,"position":1},"title":"Necklace Blue Breeze Hummingbird","author":"andinabyangelica.com","date":"4 May 2024","format":false,"excerpt":"Handmade necklace, meticulously painted by hand, fusing art and luxury in every detail.","rel":"","context":"Similar post","block_context":{"text":"Similar post","link":""},"img":{"alt_text":"Collar de colibr\u00ed hecho a mano y pigmentado bajo la luz natural del sol con pigmentos art\u00edsticos, una pieza de joyer\u00eda de autor de Andina by Ang\u00e9lica.","src":"https:\/\/i0.wp.com\/andinabyangelica.com\/wp-content\/uploads\/2024\/05\/2024_0328_13302700-1.jpeg?resize=350%2C200&ssl=1","width":350,"height":200,"srcset":"https:\/\/i0.wp.com\/andinabyangelica.com\/wp-content\/uploads\/2024\/05\/2024_0328_13302700-1.jpeg?resize=350%2C200&ssl=1 1x, https:\/\/i0.wp.com\/andinabyangelica.com\/wp-content\/uploads\/2024\/05\/2024_0328_13302700-1.jpeg?resize=525%2C300&ssl=1 1.5x, https:\/\/i0.wp.com\/andinabyangelica.com\/wp-content\/uploads\/2024\/05\/2024_0328_13302700-1.jpeg?resize=700%2C400&ssl=1 2x, https:\/\/i0.wp.com\/andinabyangelica.com\/wp-content\/uploads\/2024\/05\/2024_0328_13302700-1.jpeg?resize=1050%2C600&ssl=1 3x, https:\/\/i0.wp.com\/andinabyangelica.com\/wp-content\/uploads\/2024\/05\/2024_0328_13302700-1.jpeg?resize=1400%2C800&ssl=1 4x"},"classes":[]},{"id":4695,"url":"https:\/\/andinabyangelica.com\/en\/productos\/poster-elegancia-alada-la-belleza-organica-de-la-felicidad\/","url_meta":{"origin":4156,"position":2},"title":"Poster Elegancia Alada: La Belleza Org\u00e1nica de la Felicidad","author":"andinabyangelica.com","date":"1 March 2024","format":false,"excerpt":"Impresi\u00f3n Art\u00edstica. T\u00e9cnica digital.","rel":"","context":"Similar post","block_context":{"text":"Similar post","link":""},"img":{"alt_text":"Poster art\u00edstico de ilustraci\u00f3n de moda de mujer femenina y alegre usando un sombrero de alta costura de colibr\u00edes y flores","src":"https:\/\/i0.wp.com\/andinabyangelica.com\/wp-content\/uploads\/2024\/03\/IMG_3530.png?resize=350%2C200&ssl=1","width":350,"height":200,"srcset":"https:\/\/i0.wp.com\/andinabyangelica.com\/wp-content\/uploads\/2024\/03\/IMG_3530.png?resize=350%2C200&ssl=1 1x, https:\/\/i0.wp.com\/andinabyangelica.com\/wp-content\/uploads\/2024\/03\/IMG_3530.png?resize=525%2C300&ssl=1 1.5x, https:\/\/i0.wp.com\/andinabyangelica.com\/wp-content\/uploads\/2024\/03\/IMG_3530.png?resize=700%2C400&ssl=1 2x, https:\/\/i0.wp.com\/andinabyangelica.com\/wp-content\/uploads\/2024\/03\/IMG_3530.png?resize=1050%2C600&ssl=1 3x"},"classes":[]},{"id":4702,"url":"https:\/\/andinabyangelica.com\/en\/productos\/poster-sonriendo-la-belleza-organica-de-la-felicidad\/","url_meta":{"origin":4156,"position":3},"title":"Smiling Poster: The Organic Beauty of Happiness","author":"andinabyangelica.com","date":"3 March 2024","format":false,"excerpt":"Impresi\u00f3n Art\u00edstica. T\u00e9cnica digital.","rel":"","context":"Similar post","block_context":{"text":"Similar post","link":""},"img":{"alt_text":"Ilustraci\u00f3n de moda mujer femenina feliz sonriendo usando un sombrero de alta costura bordado con colibr\u00edes inspirados en la fauna Colombiana","src":"https:\/\/i0.wp.com\/andinabyangelica.com\/wp-content\/uploads\/2024\/03\/FE4572AF-F2B7-4B0E-80FA-4EE22EA6E8FB.png?resize=350%2C200&ssl=1","width":350,"height":200,"srcset":"https:\/\/i0.wp.com\/andinabyangelica.com\/wp-content\/uploads\/2024\/03\/FE4572AF-F2B7-4B0E-80FA-4EE22EA6E8FB.png?resize=350%2C200&ssl=1 1x, https:\/\/i0.wp.com\/andinabyangelica.com\/wp-content\/uploads\/2024\/03\/FE4572AF-F2B7-4B0E-80FA-4EE22EA6E8FB.png?resize=525%2C300&ssl=1 1.5x, https:\/\/i0.wp.com\/andinabyangelica.com\/wp-content\/uploads\/2024\/03\/FE4572AF-F2B7-4B0E-80FA-4EE22EA6E8FB.png?resize=700%2C400&ssl=1 2x, https:\/\/i0.wp.com\/andinabyangelica.com\/wp-content\/uploads\/2024\/03\/FE4572AF-F2B7-4B0E-80FA-4EE22EA6E8FB.png?resize=1050%2C600&ssl=1 3x"},"classes":[]},{"id":4270,"url":"https:\/\/andinabyangelica.com\/en\/productos\/poster-y-o-camisa-silueta-amplia-para-mujer-con-estampado-de-flores-tropicales\/","url_meta":{"origin":4156,"position":4},"title":"Women\u2019s wide silhouette Shirt with tropical flower print and\/or Poster","author":"andinabyangelica.com","date":"14 January 2024","format":false,"excerpt":"Poster print Artistic digital technique and\/or Shirt silhouette wide long sleeves for women with tropical flower print","rel":"","context":"Similar post","block_context":{"text":"Similar post","link":""},"img":{"alt_text":"P\u00f3ster de ilustraci\u00f3n de moda de mujer rubia con camisa de silueta amplia y estampado floral colorido en fibras naturales, dise\u00f1o de Andina by Ang\u00e9lica.","src":"https:\/\/i0.wp.com\/andinabyangelica.com\/wp-content\/uploads\/2024\/01\/IMG_2520-2.png?resize=350%2C200&ssl=1","width":350,"height":200,"srcset":"https:\/\/i0.wp.com\/andinabyangelica.com\/wp-content\/uploads\/2024\/01\/IMG_2520-2.png?resize=350%2C200&ssl=1 1x, https:\/\/i0.wp.com\/andinabyangelica.com\/wp-content\/uploads\/2024\/01\/IMG_2520-2.png?resize=525%2C300&ssl=1 1.5x, https:\/\/i0.wp.com\/andinabyangelica.com\/wp-content\/uploads\/2024\/01\/IMG_2520-2.png?resize=700%2C400&ssl=1 2x, https:\/\/i0.wp.com\/andinabyangelica.com\/wp-content\/uploads\/2024\/01\/IMG_2520-2.png?resize=1050%2C600&ssl=1 3x, https:\/\/i0.wp.com\/andinabyangelica.com\/wp-content\/uploads\/2024\/01\/IMG_2520-2.png?resize=1400%2C800&ssl=1 4x"},"classes":[]},{"id":5021,"url":"https:\/\/andinabyangelica.com\/en\/productos\/panuelo-flores-del-jardin-encantado\/","url_meta":{"origin":4156,"position":5},"title":"Enchanted Garden Flowers Scarf","author":"andinabyangelica.com","date":"1 September 2024","format":false,"excerpt":"Pa\u00f1uelo Estampado con Flores de un Jard\u00edn Encantado","rel":"","context":"Similar post","block_context":{"text":"Similar post","link":""},"img":{"alt_text":"Pa\u00f1oleta con flores de colores vibrantes, s\u00edmbolo de moda consciente y fantas\u00eda cotidiana.","src":"https:\/\/i0.wp.com\/andinabyangelica.com\/wp-content\/uploads\/2024\/09\/2024_0828_141435002.jpeg?resize=350%2C200&ssl=1","width":350,"height":200,"srcset":"https:\/\/i0.wp.com\/andinabyangelica.com\/wp-content\/uploads\/2024\/09\/2024_0828_141435002.jpeg?resize=350%2C200&ssl=1 1x, https:\/\/i0.wp.com\/andinabyangelica.com\/wp-content\/uploads\/2024\/09\/2024_0828_141435002.jpeg?resize=525%2C300&ssl=1 1.5x, https:\/\/i0.wp.com\/andinabyangelica.com\/wp-content\/uploads\/2024\/09\/2024_0828_141435002.jpeg?resize=700%2C400&ssl=1 2x, https:\/\/i0.wp.com\/andinabyangelica.com\/wp-content\/uploads\/2024\/09\/2024_0828_141435002.jpeg?resize=1050%2C600&ssl=1 3x"},"classes":[]}],"jetpack_likes_enabled":true,"jetpack_sharing_enabled":true,"_links":{"self":[{"href":"https:\/\/andinabyangelica.com\/en\/wp-json\/wp\/v2\/product\/4156","targetHints":{"allow":["GET"]}}],"collection":[{"href":"https:\/\/andinabyangelica.com\/en\/wp-json\/wp\/v2\/product"}],"about":[{"href":"https:\/\/andinabyangelica.com\/en\/wp-json\/wp\/v2\/types\/product"}],"wp:featuredmedia":[{"embeddable":true,"href":"https:\/\/andinabyangelica.com\/en\/wp-json\/wp\/v2\/media\/4192"}],"wp:attachment":[{"href":"https:\/\/andinabyangelica.com\/en\/wp-json\/wp\/v2\/media?parent=4156"}],"wp:term":[{"taxonomy":"product_brand","embeddable":true,"href":"https:\/\/andinabyangelica.com\/en\/wp-json\/wp\/v2\/product_brand?post=4156"},{"taxonomy":"product_cat","embeddable":true,"href":"https:\/\/andinabyangelica.com\/en\/wp-json\/wp\/v2\/product_cat?post=4156"},{"taxonomy":"product_tag","embeddable":true,"href":"https:\/\/andinabyangelica.com\/en\/wp-json\/wp\/v2\/product_tag?post=4156"}],"curies":[{"name":"wp","href":"https:\/\/api.w.org\/{rel}","templated":true}]}}