{"id":4234,"date":"2024-01-14T18:00:50","date_gmt":"2024-01-14T17:00:50","guid":{"rendered":"https:\/\/andinabyangelica.com\/?post_type=product&#038;p=4234"},"modified":"2024-09-02T12:43:18","modified_gmt":"2024-09-02T10:43:18","slug":"poster-y-o-mono-suelto-estampado-titi","status":"publish","type":"product","link":"https:\/\/andinabyangelica.com\/en\/productos\/poster-y-o-mono-suelto-estampado-titi\/","title":{"rendered":"Poster y\/\u00f3 Mono Enterizo Estampado \u00abTiTi\u201d"},"content":{"rendered":"<p><strong>En estas cautivadoras ilustraciones de moda, las mujeres emergen como exquisitas flores tropicales, destacando la diversidad de personalidades y bellezas \u00fanicas. Cada una viste con prendas de dise\u00f1o de autor, que tambi\u00e9n pueden ser adquiridos mediante pedido previo. Los colores de sus atuendos y sus estampados, celebran la alegr\u00eda de la cultura y los vibrantes colores de Colombia y en este caso espec\u00edfico, el encanto de \u00abTiTi\u00bb!. Esta representaci\u00f3n visual no solo a\u00f1ade un toque de elegancia al dise\u00f1o de interiores, sino que tambi\u00e9n eleva la riqueza cultural y la individualidad de cada mujer con un atuendo \u00fanico \ud83e\ude84\u2728<\/strong><\/p>\n<p><strong>I have designed the representation of TiTi while remembering the immense variety of animals that dress the Colombian jungle with its wonderful charms \ud83d\udc12<\/strong><\/p>\n<p><strong>Su nombre completo es \u00abTiTi Cabeciblanco\u00bb es una de las especies nativas que solo se encuentran en Colombia, en la regi\u00f3n Caribe. \ud83c\udf0e<\/strong><\/p>\n<p><strong>Sus grandes ojos y melena despeinada, hacen de esta especie una maravilla del glamour de la Selva Colombiana.<\/strong><\/p>\n<p><strong>One of the main tasks to preserve this beautiful species is to avoid the felling of trees, invasive livestock and of course, the trafficking of wild species.<\/strong><\/p>\n<p><strong>They have got almost 40 inherent sounds and chirps that they use to communicate with each other and are always in a familiar pack.<\/strong><\/p>\n<p><strong><br \/>\nPosters sizes available<br \/>\n<\/strong><\/p>\n<ul>\n<li>70x 100 cm (B1 poster)<\/li>\n<li>60 x 84 cm (A1 poster)<\/li>\n<li>29,7 x 42 cm (Poster A3)<\/li>\n<\/ul>\n<p><strong style=\"font-size: 16px; -webkit-text-size-adjust: 100%;\">Poster Description\u00a0<\/strong><\/p>\n<p>Art print on 135 gr Couche paper<\/p>\n<p>* The poster bears the letterhead of the visible mark printed on the bottom and the certificate of authenticity.<\/p>\n<p><strong>Description and measurement of Jumpsuit<\/strong><\/p>\n<p>The fabric of our jumpsuits is made with fibers from the pineapple!\ud83c\udf4d<\/p>\n<p>This fabric is produced exclusively in the Colombian territory being a form of production that contributes to the families who cultivate the fiber, and to the environment. \ud83c\udf31<\/p>\n<p>This is a plant that does not require irrigation and is grown with very few agro - inputs unlike cotton. In addition to this, the fibers have a production time of 35 to 40 years wich means that only requires  few leaves to be cut from the plant to produce the fibers, and not to raze the entire crop to re-sow as it is in the case of cotton cultivation for which in addition, an excessive amount of irrigation is needed.<\/p>\n<p><b>Jumpsuit Size Guide<\/b><\/p>\n<table width=\"264\">\n<colgroup>\n<col span=\"4\" width=\"66\" \/><\/colgroup>\n<tbody>\n<tr>\n<td class=\"xl224\" width=\"66\" height=\"40\"><strong>Size<\/strong><\/td>\n<td class=\"xl225\" width=\"66\"><strong>Chest (cm)<\/strong><\/td>\n<td class=\"xl225\" width=\"66\"><strong>Waist<\/strong><\/td>\n<td class=\"xl225\" width=\"66\"><strong>Lenght<\/strong><\/td>\n<\/tr>\n<tr>\n<td class=\"xl235\" width=\"66\" height=\"40\">S<\/td>\n<td class=\"xl271\" align=\"right\" width=\"66\">90<\/td>\n<td class=\"xl271\" align=\"right\" width=\"66\">90<\/td>\n<td class=\"xl272\" align=\"right\" width=\"66\">120<\/td>\n<\/tr>\n<tr>\n<td class=\"xl237\" width=\"66\" height=\"40\">M<\/td>\n<td class=\"xl273\" align=\"right\" width=\"66\">96<\/td>\n<td class=\"xl273\" align=\"right\" width=\"66\">96<\/td>\n<td class=\"xl274\" align=\"right\" width=\"66\">120<\/td>\n<\/tr>\n<tr>\n<td class=\"xl235\" width=\"66\" height=\"40\">L<\/td>\n<td class=\"xl271\" align=\"right\" width=\"66\">102<\/td>\n<td class=\"xl275\" style=\"text-align: right;\" width=\"66\">102<\/td>\n<td class=\"xl272\" align=\"right\" width=\"66\">122<\/td>\n<\/tr>\n<tr>\n<td class=\"xl237\" width=\"66\" height=\"40\">XL<\/td>\n<td class=\"xl273\" align=\"right\" width=\"66\">108<\/td>\n<td class=\"xl273\" align=\"right\" width=\"66\">108<\/td>\n<td class=\"xl274\" align=\"right\" width=\"66\">125<\/td>\n<\/tr>\n<tr>\n<td class=\"xl239\" width=\"66\" height=\"40\">2XL<\/td>\n<td class=\"xl276\" align=\"right\" width=\"66\">114<\/td>\n<td class=\"xl276\" align=\"right\" width=\"66\">114<\/td>\n<td class=\"xl277\" align=\"right\" width=\"66\">125<\/td>\n<\/tr>\n<\/tbody>\n<\/table>\n<p><strong style=\"font-size: 16px; -webkit-text-size-adjust: 100%;\"><em>Time of Production\u00a0<\/em><\/strong><\/p>\n<p>Products are made to order due to our sustainability purpose.<\/p>\n<p style=\"font-weight: 400;\">The approximate production time of the posters is 4 days. The production time of the Jumpsuit is 30 days. We maintain a small margin of production. In case the product is already in stock, this time would not be necessary but is subject to notification.<\/p>\n<p>In case your order is for a gift, let us know that super special message you want us to convey for you. We will be happy to transcribe it on a very special card.<\/p>\n<p style=\"font-weight: 400;\">In case the product is not in stock but the urgency is because you forgot a special occasion, and the gift is for the love of your life, message us, We will let you know if We manage to run to have the product on time, since we understand how difficult it is to find love \u2763\ufe0f.\u2763\ufe0f<\/p>\n<p>&nbsp;<\/p>\n<h3>\u00bfFAQ?<\/h3>\n<p>&nbsp;<\/p>\n<p><strong>* \u00bfWhen and how to use this product?<\/strong><\/p>\n<ul>\n<li>Our posters and designer clothing are brushstrokes of light and colour that will transform your spaces and\/or closet into elegant shelters with a touch of fantasy. Each stroke is a window to inspiration, reminding you of special moments or transporting you to magical destinations that await exploration. With its distinctive style, these designs not only adorn your spaces, or enhance your beauty, but also awaken a sense of aspiration, urging you to pursue new horizons and extraordinary experiences, while taking care of yourself ...\u2728<\/li>\n<\/ul>\n<p>&nbsp;<\/p>","protected":false},"excerpt":{"rendered":"<p>Poster Art print digital technique and\/or Jumpsuit for women with TiTi\u2019s print \ud83d\ude4a<\/p>","protected":false},"featured_media":4244,"template":"","meta":{"_uag_custom_page_level_css":"","site-sidebar-layout":"default","site-content-layout":"","ast-site-content-layout":"default","site-content-style":"default","site-sidebar-style":"default","ast-global-header-display":"","ast-banner-title-visibility":"","ast-main-header-display":"","ast-hfb-above-header-display":"","ast-hfb-below-header-display":"","ast-hfb-mobile-header-display":"","site-post-title":"","ast-breadcrumbs-content":"","ast-featured-img":"","footer-sml-layout":"","ast-disable-related-posts":"","theme-transparent-header-meta":"default","adv-header-id-meta":"","stick-header-meta":"","header-above-stick-meta":"","header-main-stick-meta":"","header-below-stick-meta":"","astra-migrate-meta-layouts":"set","ast-page-background-enabled":"default","ast-page-background-meta":{"desktop":{"background-color":"","background-image":"","background-repeat":"repeat","background-position":"center center","background-size":"auto","background-attachment":"scroll","background-type":"","background-media":"","overlay-type":"","overlay-color":"","overlay-opacity":"","overlay-gradient":""},"tablet":{"background-color":"","background-image":"","background-repeat":"repeat","background-position":"center center","background-size":"auto","background-attachment":"scroll","background-type":"","background-media":"","overlay-type":"","overlay-color":"","overlay-opacity":"","overlay-gradient":""},"mobile":{"background-color":"","background-image":"","background-repeat":"repeat","background-position":"center center","background-size":"auto","background-attachment":"scroll","background-type":"","background-media":"","overlay-type":"","overlay-color":"","overlay-opacity":"","overlay-gradient":""}},"ast-content-background-meta":{"desktop":{"background-color":"var(--ast-global-color-5)","background-image":"","background-repeat":"repeat","background-position":"center center","background-size":"auto","background-attachment":"scroll","background-type":"","background-media":"","overlay-type":"","overlay-color":"","overlay-opacity":"","overlay-gradient":""},"tablet":{"background-color":"var(--ast-global-color-5)","background-image":"","background-repeat":"repeat","background-position":"center center","background-size":"auto","background-attachment":"scroll","background-type":"","background-media":"","overlay-type":"","overlay-color":"","overlay-opacity":"","overlay-gradient":""},"mobile":{"background-color":"var(--ast-global-color-5)","background-image":"","background-repeat":"repeat","background-position":"center center","background-size":"auto","background-attachment":"scroll","background-type":"","background-media":"","overlay-type":"","overlay-color":"","overlay-opacity":"","overlay-gradient":""}},"jetpack_post_was_ever_published":false},"product_brand":[],"product_cat":[115,41,42,116],"product_tag":[51,50,58,52,49],"class_list":{"0":"post-4234","1":"product","2":"type-product","3":"status-publish","4":"has-post-thumbnail","6":"product_cat-deco","7":"product_cat-estampados","8":"product_cat-posters","9":"product_cat-textiles","10":"product_tag-art","11":"product_tag-arte","12":"product_tag-kimono-estampado","13":"product_tag-poster-inspirador","14":"product_tag-prints","15":"desktop-align-center","16":"tablet-align-left","17":"mobile-align-left","19":"first","20":"instock","21":"shipping-taxable","22":"purchasable","23":"product-type-variable"},"aioseo_notices":[],"uagb_featured_image_src":{"full":["https:\/\/andinabyangelica.com\/wp-content\/uploads\/2024\/01\/IMG_2484.png",2048,2048,false],"thumbnail":["https:\/\/andinabyangelica.com\/wp-content\/uploads\/2024\/01\/IMG_2484-150x150.png",150,150,true],"medium":["https:\/\/andinabyangelica.com\/wp-content\/uploads\/2024\/01\/IMG_2484-300x300.png",300,300,true],"medium_large":["https:\/\/andinabyangelica.com\/wp-content\/uploads\/2024\/01\/IMG_2484-768x768.png",768,768,true],"large":["https:\/\/andinabyangelica.com\/wp-content\/uploads\/2024\/01\/IMG_2484-1024x1024.png",1024,1024,true],"1536x1536":["https:\/\/andinabyangelica.com\/wp-content\/uploads\/2024\/01\/IMG_2484-1536x1536.png",1536,1536,true],"2048x2048":["https:\/\/andinabyangelica.com\/wp-content\/uploads\/2024\/01\/IMG_2484.png",2048,2048,false],"trp-custom-language-flag":["https:\/\/andinabyangelica.com\/wp-content\/uploads\/2024\/01\/IMG_2484.png",12,12,false],"mailpoet_newsletter_max":["https:\/\/andinabyangelica.com\/wp-content\/uploads\/2024\/01\/IMG_2484-1320x1320.png",1320,1320,true],"woocommerce_thumbnail":["https:\/\/andinabyangelica.com\/wp-content\/uploads\/2024\/01\/IMG_2484-300x300.png",300,300,true],"woocommerce_single":["https:\/\/andinabyangelica.com\/wp-content\/uploads\/2024\/01\/IMG_2484-600x600.png",600,600,true],"woocommerce_gallery_thumbnail":["https:\/\/andinabyangelica.com\/wp-content\/uploads\/2024\/01\/IMG_2484-100x100.png",100,100,true]},"uagb_author_info":{"display_name":"andinabyangelica.com","author_link":"https:\/\/andinabyangelica.com\/en\/author\/"},"uagb_comment_info":0,"uagb_excerpt":"P\u00f3ster impresi\u00f3n Art\u00edstica t\u00e9cnica digital y\/\u00f3 Mono Enterizo para mujer con estampado del Mono TiTi \ud83d\ude4a","jetpack-related-posts":[{"id":4250,"url":"https:\/\/andinabyangelica.com\/en\/productos\/poster-y-o-mono-enterizo-estampado-titi-copia\/","url_meta":{"origin":4234,"position":0},"title":"Women\u2019s wide silhouette Shirt with orchids print \ud83c\udf3a and\/or Poster","author":"andinabyangelica.com","date":"14 January 2024","format":false,"excerpt":"Poster print Artistic digital technique and\/or Shirt silhouette wide medium sleeves for women with orchids print","rel":"","context":"Similar post","block_context":{"text":"Similar post","link":""},"img":{"alt_text":"P\u00f3ster de ilustraci\u00f3n de moda de mujer elegante con camisa de silueta amplia y estampado de orqu\u00eddeas colombianas, dise\u00f1o de autor de Andina by Ang\u00e9lica.","src":"https:\/\/i0.wp.com\/andinabyangelica.com\/wp-content\/uploads\/2024\/01\/IMG_2480.png?resize=350%2C200&ssl=1","width":350,"height":200,"srcset":"https:\/\/i0.wp.com\/andinabyangelica.com\/wp-content\/uploads\/2024\/01\/IMG_2480.png?resize=350%2C200&ssl=1 1x, https:\/\/i0.wp.com\/andinabyangelica.com\/wp-content\/uploads\/2024\/01\/IMG_2480.png?resize=525%2C300&ssl=1 1.5x, https:\/\/i0.wp.com\/andinabyangelica.com\/wp-content\/uploads\/2024\/01\/IMG_2480.png?resize=700%2C400&ssl=1 2x, https:\/\/i0.wp.com\/andinabyangelica.com\/wp-content\/uploads\/2024\/01\/IMG_2480.png?resize=1050%2C600&ssl=1 3x, https:\/\/i0.wp.com\/andinabyangelica.com\/wp-content\/uploads\/2024\/01\/IMG_2480.png?resize=1400%2C800&ssl=1 4x"},"classes":[]},{"id":4270,"url":"https:\/\/andinabyangelica.com\/en\/productos\/poster-y-o-camisa-silueta-amplia-para-mujer-con-estampado-de-flores-tropicales\/","url_meta":{"origin":4234,"position":1},"title":"Women\u2019s wide silhouette Shirt with tropical flower print and\/or Poster","author":"andinabyangelica.com","date":"14 January 2024","format":false,"excerpt":"Poster print Artistic digital technique and\/or Shirt silhouette wide long sleeves for women with tropical flower print","rel":"","context":"Similar post","block_context":{"text":"Similar post","link":""},"img":{"alt_text":"P\u00f3ster de ilustraci\u00f3n de moda de mujer rubia con camisa de silueta amplia y estampado floral colorido en fibras naturales, dise\u00f1o de Andina by Ang\u00e9lica.","src":"https:\/\/i0.wp.com\/andinabyangelica.com\/wp-content\/uploads\/2024\/01\/IMG_2520-2.png?resize=350%2C200&ssl=1","width":350,"height":200,"srcset":"https:\/\/i0.wp.com\/andinabyangelica.com\/wp-content\/uploads\/2024\/01\/IMG_2520-2.png?resize=350%2C200&ssl=1 1x, https:\/\/i0.wp.com\/andinabyangelica.com\/wp-content\/uploads\/2024\/01\/IMG_2520-2.png?resize=525%2C300&ssl=1 1.5x, https:\/\/i0.wp.com\/andinabyangelica.com\/wp-content\/uploads\/2024\/01\/IMG_2520-2.png?resize=700%2C400&ssl=1 2x, https:\/\/i0.wp.com\/andinabyangelica.com\/wp-content\/uploads\/2024\/01\/IMG_2520-2.png?resize=1050%2C600&ssl=1 3x, https:\/\/i0.wp.com\/andinabyangelica.com\/wp-content\/uploads\/2024\/01\/IMG_2520-2.png?resize=1400%2C800&ssl=1 4x"},"classes":[]},{"id":4156,"url":"https:\/\/andinabyangelica.com\/en\/productos\/poster-del-tropico-a-mi-vestido-copia\/","url_meta":{"origin":4234,"position":2},"title":"Poster and\/or Kimono Hummingbirds","author":"andinabyangelica.com","date":"14 January 2024","format":false,"excerpt":"Poster print Artistic digital technique and\/or Silk Velvet Kimono with hummingbird print\u00a0","rel":"","context":"Similar post","block_context":{"text":"Similar post","link":""},"img":{"alt_text":"P\u00f3ster de ilustraci\u00f3n de moda digital con mujer de belleza \u00fanica, cabello negro y facciones marcadas. El kimono que lleva puesto se puede realizar bajo pedido previo en tela de Seda de Sat\u00e9n Natural estampado con colibr\u00edes de colores inspirados en la fauna Colombiana. Las Chicas.","src":"https:\/\/i0.wp.com\/andinabyangelica.com\/wp-content\/uploads\/2024\/01\/IMG_2475.png?resize=350%2C200&ssl=1","width":350,"height":200,"srcset":"https:\/\/i0.wp.com\/andinabyangelica.com\/wp-content\/uploads\/2024\/01\/IMG_2475.png?resize=350%2C200&ssl=1 1x, https:\/\/i0.wp.com\/andinabyangelica.com\/wp-content\/uploads\/2024\/01\/IMG_2475.png?resize=525%2C300&ssl=1 1.5x, https:\/\/i0.wp.com\/andinabyangelica.com\/wp-content\/uploads\/2024\/01\/IMG_2475.png?resize=700%2C400&ssl=1 2x, https:\/\/i0.wp.com\/andinabyangelica.com\/wp-content\/uploads\/2024\/01\/IMG_2475.png?resize=1050%2C600&ssl=1 3x, https:\/\/i0.wp.com\/andinabyangelica.com\/wp-content\/uploads\/2024\/01\/IMG_2475.png?resize=1400%2C800&ssl=1 4x"},"classes":[]},{"id":5021,"url":"https:\/\/andinabyangelica.com\/en\/productos\/panuelo-flores-del-jardin-encantado\/","url_meta":{"origin":4234,"position":3},"title":"Enchanted Garden Flowers Scarf","author":"andinabyangelica.com","date":"1 September 2024","format":false,"excerpt":"Pa\u00f1uelo Estampado con Flores de un Jard\u00edn Encantado","rel":"","context":"Similar post","block_context":{"text":"Similar post","link":""},"img":{"alt_text":"Pa\u00f1oleta con flores de colores vibrantes, s\u00edmbolo de moda consciente y fantas\u00eda cotidiana.","src":"https:\/\/i0.wp.com\/andinabyangelica.com\/wp-content\/uploads\/2024\/09\/2024_0828_141435002.jpeg?resize=350%2C200&ssl=1","width":350,"height":200,"srcset":"https:\/\/i0.wp.com\/andinabyangelica.com\/wp-content\/uploads\/2024\/09\/2024_0828_141435002.jpeg?resize=350%2C200&ssl=1 1x, https:\/\/i0.wp.com\/andinabyangelica.com\/wp-content\/uploads\/2024\/09\/2024_0828_141435002.jpeg?resize=525%2C300&ssl=1 1.5x, https:\/\/i0.wp.com\/andinabyangelica.com\/wp-content\/uploads\/2024\/09\/2024_0828_141435002.jpeg?resize=700%2C400&ssl=1 2x, https:\/\/i0.wp.com\/andinabyangelica.com\/wp-content\/uploads\/2024\/09\/2024_0828_141435002.jpeg?resize=1050%2C600&ssl=1 3x"},"classes":[]},{"id":4991,"url":"https:\/\/andinabyangelica.com\/en\/productos\/panuelo-colibri\/","url_meta":{"origin":4234,"position":4},"title":"Hummingbird Scarf","author":"andinabyangelica.com","date":"31 August 2024","format":false,"excerpt":"Pa\u00f1uelo estampado de flores y colibr\u00edes","rel":"","context":"Similar post","block_context":{"text":"Similar post","link":""},"img":{"alt_text":"Modelo usando pa\u00f1oleta con flores y colibr\u00edes de colores, mezcla de arte y frescura natural.","src":"https:\/\/i0.wp.com\/andinabyangelica.com\/wp-content\/uploads\/2024\/08\/2024_0228_12574800-1-rotated.jpeg?resize=350%2C200&ssl=1","width":350,"height":200,"srcset":"https:\/\/i0.wp.com\/andinabyangelica.com\/wp-content\/uploads\/2024\/08\/2024_0228_12574800-1-rotated.jpeg?resize=350%2C200&ssl=1 1x, https:\/\/i0.wp.com\/andinabyangelica.com\/wp-content\/uploads\/2024\/08\/2024_0228_12574800-1-rotated.jpeg?resize=525%2C300&ssl=1 1.5x, https:\/\/i0.wp.com\/andinabyangelica.com\/wp-content\/uploads\/2024\/08\/2024_0228_12574800-1-rotated.jpeg?resize=700%2C400&ssl=1 2x, https:\/\/i0.wp.com\/andinabyangelica.com\/wp-content\/uploads\/2024\/08\/2024_0228_12574800-1-rotated.jpeg?resize=1050%2C600&ssl=1 3x"},"classes":[]},{"id":5285,"url":"https:\/\/andinabyangelica.com\/en\/productos\/panuelo-nambi-quechua-semilla-de-vida\/","url_meta":{"origin":4234,"position":5},"title":"Scarf \u00d1ambi (Quechua - Seed of Life)","author":"andinabyangelica.com","date":"4 December 2024","format":false,"excerpt":"Scarf printed with cobs inspired by Ancestors","rel":"","context":"Similar post","block_context":{"text":"Similar post","link":""},"img":{"alt_text":"Pa\u00f1uelo \u00d1ambi de Andina by Ang\u00e9lica con estampado de mazorca inspirado en la cultura Quechua.","src":"https:\/\/i0.wp.com\/andinabyangelica.com\/wp-content\/uploads\/2024\/12\/2024_1129_14304200.jpg?resize=350%2C200&ssl=1","width":350,"height":200,"srcset":"https:\/\/i0.wp.com\/andinabyangelica.com\/wp-content\/uploads\/2024\/12\/2024_1129_14304200.jpg?resize=350%2C200&ssl=1 1x, https:\/\/i0.wp.com\/andinabyangelica.com\/wp-content\/uploads\/2024\/12\/2024_1129_14304200.jpg?resize=525%2C300&ssl=1 1.5x, https:\/\/i0.wp.com\/andinabyangelica.com\/wp-content\/uploads\/2024\/12\/2024_1129_14304200.jpg?resize=700%2C400&ssl=1 2x, https:\/\/i0.wp.com\/andinabyangelica.com\/wp-content\/uploads\/2024\/12\/2024_1129_14304200.jpg?resize=1050%2C600&ssl=1 3x"},"classes":[]}],"jetpack_likes_enabled":true,"jetpack_sharing_enabled":true,"_links":{"self":[{"href":"https:\/\/andinabyangelica.com\/en\/wp-json\/wp\/v2\/product\/4234","targetHints":{"allow":["GET"]}}],"collection":[{"href":"https:\/\/andinabyangelica.com\/en\/wp-json\/wp\/v2\/product"}],"about":[{"href":"https:\/\/andinabyangelica.com\/en\/wp-json\/wp\/v2\/types\/product"}],"wp:featuredmedia":[{"embeddable":true,"href":"https:\/\/andinabyangelica.com\/en\/wp-json\/wp\/v2\/media\/4244"}],"wp:attachment":[{"href":"https:\/\/andinabyangelica.com\/en\/wp-json\/wp\/v2\/media?parent=4234"}],"wp:term":[{"taxonomy":"product_brand","embeddable":true,"href":"https:\/\/andinabyangelica.com\/en\/wp-json\/wp\/v2\/product_brand?post=4234"},{"taxonomy":"product_cat","embeddable":true,"href":"https:\/\/andinabyangelica.com\/en\/wp-json\/wp\/v2\/product_cat?post=4234"},{"taxonomy":"product_tag","embeddable":true,"href":"https:\/\/andinabyangelica.com\/en\/wp-json\/wp\/v2\/product_tag?post=4234"}],"curies":[{"name":"wp","href":"https:\/\/api.w.org\/{rel}","templated":true}]}}