{"id":4250,"date":"2024-01-14T18:00:02","date_gmt":"2024-01-14T17:00:02","guid":{"rendered":"https:\/\/andinabyangelica.com\/?post_type=product&#038;p=4250"},"modified":"2024-05-12T18:19:47","modified_gmt":"2024-05-12T16:19:47","slug":"poster-y-o-mono-enterizo-estampado-titi-copia","status":"publish","type":"product","link":"https:\/\/andinabyangelica.com\/en\/productos\/poster-y-o-mono-enterizo-estampado-titi-copia\/","title":{"rendered":"Women\u2019s wide silhouette Shirt with orchids print \ud83c\udf3a and\/or Poster"},"content":{"rendered":"<p><strong>In these captivating fashion illustrations, women emerge as exquisite tropical flowers, highlighting the diversity of personalities and unique beauties. Each one dresses in designer clothes, which can also be purchased by prior order. The colors of their costumes and their prints, celebrate the joy of the culture and the vibrant colors of Colombia and in this specific case the turn is for ... Orchids! \ud83c\udf3a.\ud83c\udf3a <\/strong><\/p>\n<p><strong>This visual representation not only adds a touch of elegance to interior design, but also elevates the cultural richness and individuality of each woman with a unique outfit \ud83e\ude84\u2728<\/strong><\/p>\n<p><strong>I designed the pattern inspired by the Orchids while I had so much fun fascinating with the immense variety of these flowers in Colombia. It is the country with the largest variety of orchids in the world! \ud83d\ude40<br \/>\nThis beautiful flower has been called its national flower<\/strong><span lang=\"en-GB\">\u00a0<strong>because<\/strong><\/span><strong><span lang=\"en-US\"> has more than <\/span><\/strong><span lang=\"en-GB\"><strong>4.270 registered species.<br \/>\n<\/strong><strong>The <\/strong><\/span><strong>Cattleya Trianae are the most popular species. Charles Darwin dedicated entire books to its study \u270d\ud83c\udffe and Vanilla, comes from an orchid. The Andean Region has the most <\/strong><b>Orchids in Colombia.<\/b><\/p>\n<p><strong><br \/>\nPosters sizes available<br \/>\n<\/strong><\/p>\n<ul>\n<li>70x 100 cm (B1 poster)<\/li>\n<li>60 x 84 cm (A1 poster)<\/li>\n<li>29,7 x 42 cm (Poster A3)<\/li>\n<\/ul>\n<p><strong style=\"font-size: 16px; -webkit-text-size-adjust: 100%;\">Poster Description\u00a0<\/strong><\/p>\n<p>Art print on 135 gr Couche paper<\/p>\n<p>* The poster bears the letterhead of the visible mark printed on the bottom and the certificate of authenticity.<\/p>\n<p><strong>Description and size of Wide silhouette shirt for women;<\/strong><\/p>\n<p>Wide silhouette shirt with orchids print in Viscose fabric Ecovero in natural fiber.<\/p>\n<p><b>Wide Silhouette Shirt Size Guide<\/b><\/p>\n<table width=\"264\">\n<colgroup>\n<col span=\"4\" width=\"66\" \/><\/colgroup>\n<tbody>\n<tr>\n<td class=\"xl288\" width=\"66\" height=\"40\"><strong>Size<\/strong><\/td>\n<td class=\"xl225\" width=\"66\"><strong>Chest (cm)<\/strong><\/td>\n<td class=\"xl225\" width=\"66\"><strong>Lenght<\/strong><\/td>\n<td class=\"xl323\" width=\"66\"><strong>Sleeve Length (cm)<\/strong><\/td>\n<\/tr>\n<tr>\n<td class=\"xl289\" width=\"66\" height=\"40\">S<\/td>\n<td class=\"xl290\" align=\"right\" width=\"66\">100<\/td>\n<td class=\"xl292\" align=\"right\" width=\"66\">70<\/td>\n<td class=\"xl292\" align=\"right\" width=\"66\">25<\/td>\n<\/tr>\n<tr>\n<td class=\"xl293\" width=\"66\" height=\"33\">M<\/td>\n<td class=\"xl294\" align=\"right\" width=\"66\">104<\/td>\n<td class=\"xl296\" align=\"right\" width=\"66\">71<\/td>\n<td class=\"xl296\" align=\"right\" width=\"66\">25<\/td>\n<\/tr>\n<tr>\n<td class=\"xl289\" width=\"66\" height=\"40\">L<\/td>\n<td class=\"xl290\" align=\"right\" width=\"66\">110<\/td>\n<td class=\"xl311\" style=\"text-align: right;\" width=\"66\">72<\/td>\n<td class=\"xl292\" align=\"right\" width=\"66\">25<\/td>\n<\/tr>\n<tr>\n<td class=\"xl293\" width=\"66\" height=\"40\">XL<\/td>\n<td class=\"xl294\" align=\"right\" width=\"66\">116<\/td>\n<td class=\"xl296\" align=\"right\" width=\"66\">73<\/td>\n<td class=\"xl296\" align=\"right\" width=\"66\">27<\/td>\n<\/tr>\n<tr>\n<td class=\"xl298\" width=\"66\" height=\"40\">2XL<\/td>\n<td class=\"xl299\" align=\"right\" width=\"66\">122<\/td>\n<td class=\"xl301\" align=\"right\" width=\"66\">74<\/td>\n<td class=\"xl301\" align=\"right\" width=\"66\">27<\/td>\n<\/tr>\n<\/tbody>\n<\/table>\n<p><strong style=\"font-size: 16px; -webkit-text-size-adjust: 100%;\"><em>Time of Production\u00a0<\/em><\/strong><\/p>\n<p>Products are made to order due to our sustainability purpose.<\/p>\n<p style=\"font-weight: 400;\">The approximate production time of the posters is 4 days. The production time of the shirt is 30 days. We maintain a small margin of production. In case the product is already in stock, this time would not be necessary but is subject to notification.<\/p>\n<p>In case your order is for a gift, let us know that super special message you want us to convey for you. We will be happy to transcribe it on a very special card.<\/p>\n<p style=\"font-weight: 400;\">In case the product is not in stock but the urgency is because you forgot a special occasion, and the gift is for the love of your life, message us, We will let you know if We manage to run to have the product on time, since we understand how difficult it is to find love \u2763\ufe0f.\u2763\ufe0f<\/p>\n<p>&nbsp;<\/p>\n<h3>\u00bfFAQ?<\/h3>\n<p>&nbsp;<\/p>\n<p><strong>* \u00bfWhen and how to use this product?<\/strong><\/p>\n<ul>\n<li>Our posters and designer clothing are brushstrokes of light and colour that will transform your spaces and\/or closet into elegant shelters with a touch of fantasy. Each stroke is a window to inspiration, reminding you of special moments or transporting you to magical destinations that await exploration. With its distinctive style, these designs not only adorn your spaces, or enhance your beauty, but also awaken a sense of aspiration, urging you to pursue new horizons and extraordinary experiences, while taking care of yourself ...\u2728<\/li>\n<\/ul>\n<p>&nbsp;<\/p>","protected":false},"excerpt":{"rendered":"<p>Poster print Artistic digital technique and\/or Shirt silhouette wide medium sleeves for women with orchids print<\/p>","protected":false},"featured_media":4264,"template":"","meta":{"_uag_custom_page_level_css":"","site-sidebar-layout":"default","site-content-layout":"","ast-site-content-layout":"default","site-content-style":"default","site-sidebar-style":"default","ast-global-header-display":"","ast-banner-title-visibility":"","ast-main-header-display":"","ast-hfb-above-header-display":"","ast-hfb-below-header-display":"","ast-hfb-mobile-header-display":"","site-post-title":"","ast-breadcrumbs-content":"","ast-featured-img":"","footer-sml-layout":"","ast-disable-related-posts":"","theme-transparent-header-meta":"default","adv-header-id-meta":"","stick-header-meta":"","header-above-stick-meta":"","header-main-stick-meta":"","header-below-stick-meta":"","astra-migrate-meta-layouts":"set","ast-page-background-enabled":"default","ast-page-background-meta":{"desktop":{"background-color":"","background-image":"","background-repeat":"repeat","background-position":"center center","background-size":"auto","background-attachment":"scroll","background-type":"","background-media":"","overlay-type":"","overlay-color":"","overlay-opacity":"","overlay-gradient":""},"tablet":{"background-color":"","background-image":"","background-repeat":"repeat","background-position":"center center","background-size":"auto","background-attachment":"scroll","background-type":"","background-media":"","overlay-type":"","overlay-color":"","overlay-opacity":"","overlay-gradient":""},"mobile":{"background-color":"","background-image":"","background-repeat":"repeat","background-position":"center center","background-size":"auto","background-attachment":"scroll","background-type":"","background-media":"","overlay-type":"","overlay-color":"","overlay-opacity":"","overlay-gradient":""}},"ast-content-background-meta":{"desktop":{"background-color":"var(--ast-global-color-5)","background-image":"","background-repeat":"repeat","background-position":"center center","background-size":"auto","background-attachment":"scroll","background-type":"","background-media":"","overlay-type":"","overlay-color":"","overlay-opacity":"","overlay-gradient":""},"tablet":{"background-color":"var(--ast-global-color-5)","background-image":"","background-repeat":"repeat","background-position":"center center","background-size":"auto","background-attachment":"scroll","background-type":"","background-media":"","overlay-type":"","overlay-color":"","overlay-opacity":"","overlay-gradient":""},"mobile":{"background-color":"var(--ast-global-color-5)","background-image":"","background-repeat":"repeat","background-position":"center center","background-size":"auto","background-attachment":"scroll","background-type":"","background-media":"","overlay-type":"","overlay-color":"","overlay-opacity":"","overlay-gradient":""}},"jetpack_post_was_ever_published":false},"product_brand":[],"product_cat":[115,41,42,116],"product_tag":[51,50,58,52,49],"class_list":{"0":"post-4250","1":"product","2":"type-product","3":"status-publish","4":"has-post-thumbnail","6":"product_cat-deco","7":"product_cat-estampados","8":"product_cat-posters","9":"product_cat-textiles","10":"product_tag-art","11":"product_tag-arte","12":"product_tag-kimono-estampado","13":"product_tag-poster-inspirador","14":"product_tag-prints","15":"desktop-align-center","16":"tablet-align-left","17":"mobile-align-left","19":"first","20":"instock","21":"shipping-taxable","22":"purchasable","23":"product-type-variable"},"aioseo_notices":[],"uagb_featured_image_src":{"full":["https:\/\/andinabyangelica.com\/wp-content\/uploads\/2024\/01\/IMG_2480.png",2048,2048,false],"thumbnail":["https:\/\/andinabyangelica.com\/wp-content\/uploads\/2024\/01\/IMG_2480-150x150.png",150,150,true],"medium":["https:\/\/andinabyangelica.com\/wp-content\/uploads\/2024\/01\/IMG_2480-300x300.png",300,300,true],"medium_large":["https:\/\/andinabyangelica.com\/wp-content\/uploads\/2024\/01\/IMG_2480-768x768.png",768,768,true],"large":["https:\/\/andinabyangelica.com\/wp-content\/uploads\/2024\/01\/IMG_2480-1024x1024.png",1024,1024,true],"1536x1536":["https:\/\/andinabyangelica.com\/wp-content\/uploads\/2024\/01\/IMG_2480-1536x1536.png",1536,1536,true],"2048x2048":["https:\/\/andinabyangelica.com\/wp-content\/uploads\/2024\/01\/IMG_2480.png",2048,2048,false],"trp-custom-language-flag":["https:\/\/andinabyangelica.com\/wp-content\/uploads\/2024\/01\/IMG_2480.png",12,12,false],"mailpoet_newsletter_max":["https:\/\/andinabyangelica.com\/wp-content\/uploads\/2024\/01\/IMG_2480-1320x1320.png",1320,1320,true],"woocommerce_thumbnail":["https:\/\/andinabyangelica.com\/wp-content\/uploads\/2024\/01\/IMG_2480-300x300.png",300,300,true],"woocommerce_single":["https:\/\/andinabyangelica.com\/wp-content\/uploads\/2024\/01\/IMG_2480-600x600.png",600,600,true],"woocommerce_gallery_thumbnail":["https:\/\/andinabyangelica.com\/wp-content\/uploads\/2024\/01\/IMG_2480-100x100.png",100,100,true]},"uagb_author_info":{"display_name":"andinabyangelica.com","author_link":"https:\/\/andinabyangelica.com\/en\/author\/"},"uagb_comment_info":0,"uagb_excerpt":"P\u00f3ster impresi\u00f3n Art\u00edstica t\u00e9cnica digital y\/\u00f3 Camisa silueta amplia para mujer con estampado de orqu\u00eddeas","jetpack-related-posts":[{"id":4270,"url":"https:\/\/andinabyangelica.com\/en\/productos\/poster-y-o-camisa-silueta-amplia-para-mujer-con-estampado-de-flores-tropicales\/","url_meta":{"origin":4250,"position":0},"title":"Women\u2019s wide silhouette Shirt with tropical flower print and\/or Poster","author":"andinabyangelica.com","date":"14 January 2024","format":false,"excerpt":"Poster print Artistic digital technique and\/or Shirt silhouette wide long sleeves for women with tropical flower print","rel":"","context":"Similar post","block_context":{"text":"Similar post","link":""},"img":{"alt_text":"P\u00f3ster de ilustraci\u00f3n de moda de mujer rubia con camisa de silueta amplia y estampado floral colorido en fibras naturales, dise\u00f1o de Andina by Ang\u00e9lica.","src":"https:\/\/i0.wp.com\/andinabyangelica.com\/wp-content\/uploads\/2024\/01\/IMG_2520-2.png?resize=350%2C200&ssl=1","width":350,"height":200,"srcset":"https:\/\/i0.wp.com\/andinabyangelica.com\/wp-content\/uploads\/2024\/01\/IMG_2520-2.png?resize=350%2C200&ssl=1 1x, https:\/\/i0.wp.com\/andinabyangelica.com\/wp-content\/uploads\/2024\/01\/IMG_2520-2.png?resize=525%2C300&ssl=1 1.5x, https:\/\/i0.wp.com\/andinabyangelica.com\/wp-content\/uploads\/2024\/01\/IMG_2520-2.png?resize=700%2C400&ssl=1 2x, https:\/\/i0.wp.com\/andinabyangelica.com\/wp-content\/uploads\/2024\/01\/IMG_2520-2.png?resize=1050%2C600&ssl=1 3x, https:\/\/i0.wp.com\/andinabyangelica.com\/wp-content\/uploads\/2024\/01\/IMG_2520-2.png?resize=1400%2C800&ssl=1 4x"},"classes":[]},{"id":4234,"url":"https:\/\/andinabyangelica.com\/en\/productos\/poster-y-o-mono-suelto-estampado-titi\/","url_meta":{"origin":4250,"position":1},"title":"Poster y\/\u00f3 Mono Enterizo Estampado \u00abTiTi\u201d","author":"andinabyangelica.com","date":"14 January 2024","format":false,"excerpt":"Poster Art print digital technique and\/or Jumpsuit for women with TiTi\u2019s print \ud83d\ude4a","rel":"","context":"Similar post","block_context":{"text":"Similar post","link":""},"img":{"alt_text":"P\u00f3ster de ilustraci\u00f3n de moda de mujer de raza negra con enterizo estampado de mono Tit\u00ed Cabeciblanco, especie end\u00e9mica del Caribe colombiano, dise\u00f1o de Andina by Ang\u00e9lica.","src":"https:\/\/i0.wp.com\/andinabyangelica.com\/wp-content\/uploads\/2024\/01\/IMG_2484.png?resize=350%2C200&ssl=1","width":350,"height":200,"srcset":"https:\/\/i0.wp.com\/andinabyangelica.com\/wp-content\/uploads\/2024\/01\/IMG_2484.png?resize=350%2C200&ssl=1 1x, https:\/\/i0.wp.com\/andinabyangelica.com\/wp-content\/uploads\/2024\/01\/IMG_2484.png?resize=525%2C300&ssl=1 1.5x, https:\/\/i0.wp.com\/andinabyangelica.com\/wp-content\/uploads\/2024\/01\/IMG_2484.png?resize=700%2C400&ssl=1 2x, https:\/\/i0.wp.com\/andinabyangelica.com\/wp-content\/uploads\/2024\/01\/IMG_2484.png?resize=1050%2C600&ssl=1 3x, https:\/\/i0.wp.com\/andinabyangelica.com\/wp-content\/uploads\/2024\/01\/IMG_2484.png?resize=1400%2C800&ssl=1 4x"},"classes":[]},{"id":4156,"url":"https:\/\/andinabyangelica.com\/en\/productos\/poster-del-tropico-a-mi-vestido-copia\/","url_meta":{"origin":4250,"position":2},"title":"Poster and\/or Kimono Hummingbirds","author":"andinabyangelica.com","date":"14 January 2024","format":false,"excerpt":"Poster print Artistic digital technique and\/or Silk Velvet Kimono with hummingbird print\u00a0","rel":"","context":"Similar post","block_context":{"text":"Similar post","link":""},"img":{"alt_text":"P\u00f3ster de ilustraci\u00f3n de moda digital con mujer de belleza \u00fanica, cabello negro y facciones marcadas. El kimono que lleva puesto se puede realizar bajo pedido previo en tela de Seda de Sat\u00e9n Natural estampado con colibr\u00edes de colores inspirados en la fauna Colombiana. Las Chicas.","src":"https:\/\/i0.wp.com\/andinabyangelica.com\/wp-content\/uploads\/2024\/01\/IMG_2475.png?resize=350%2C200&ssl=1","width":350,"height":200,"srcset":"https:\/\/i0.wp.com\/andinabyangelica.com\/wp-content\/uploads\/2024\/01\/IMG_2475.png?resize=350%2C200&ssl=1 1x, https:\/\/i0.wp.com\/andinabyangelica.com\/wp-content\/uploads\/2024\/01\/IMG_2475.png?resize=525%2C300&ssl=1 1.5x, https:\/\/i0.wp.com\/andinabyangelica.com\/wp-content\/uploads\/2024\/01\/IMG_2475.png?resize=700%2C400&ssl=1 2x, https:\/\/i0.wp.com\/andinabyangelica.com\/wp-content\/uploads\/2024\/01\/IMG_2475.png?resize=1050%2C600&ssl=1 3x, https:\/\/i0.wp.com\/andinabyangelica.com\/wp-content\/uploads\/2024\/01\/IMG_2475.png?resize=1400%2C800&ssl=1 4x"},"classes":[]},{"id":4991,"url":"https:\/\/andinabyangelica.com\/en\/productos\/panuelo-colibri\/","url_meta":{"origin":4250,"position":3},"title":"Hummingbird Scarf","author":"andinabyangelica.com","date":"31 August 2024","format":false,"excerpt":"Pa\u00f1uelo estampado de flores y colibr\u00edes","rel":"","context":"Similar post","block_context":{"text":"Similar post","link":""},"img":{"alt_text":"Modelo usando pa\u00f1oleta con flores y colibr\u00edes de colores, mezcla de arte y frescura natural.","src":"https:\/\/i0.wp.com\/andinabyangelica.com\/wp-content\/uploads\/2024\/08\/2024_0228_12574800-1-rotated.jpeg?resize=350%2C200&ssl=1","width":350,"height":200,"srcset":"https:\/\/i0.wp.com\/andinabyangelica.com\/wp-content\/uploads\/2024\/08\/2024_0228_12574800-1-rotated.jpeg?resize=350%2C200&ssl=1 1x, https:\/\/i0.wp.com\/andinabyangelica.com\/wp-content\/uploads\/2024\/08\/2024_0228_12574800-1-rotated.jpeg?resize=525%2C300&ssl=1 1.5x, https:\/\/i0.wp.com\/andinabyangelica.com\/wp-content\/uploads\/2024\/08\/2024_0228_12574800-1-rotated.jpeg?resize=700%2C400&ssl=1 2x, https:\/\/i0.wp.com\/andinabyangelica.com\/wp-content\/uploads\/2024\/08\/2024_0228_12574800-1-rotated.jpeg?resize=1050%2C600&ssl=1 3x"},"classes":[]},{"id":5007,"url":"https:\/\/andinabyangelica.com\/en\/productos\/panuelo-flor-del-cafetal\/","url_meta":{"origin":4250,"position":4},"title":"Scarf Flor del Cafetal","author":"andinabyangelica.com","date":"31 August 2024","format":false,"excerpt":"Printed scarf with Cafetal flower","rel":"","context":"Similar post","block_context":{"text":"Similar post","link":""},"img":{"alt_text":"Modelo con pa\u00f1oleta estampada con la flor del caf\u00e9","src":"https:\/\/i0.wp.com\/andinabyangelica.com\/wp-content\/uploads\/2024\/08\/2024_0228_12512700-1-rotated-e1725184260583.jpeg?resize=350%2C200&ssl=1","width":350,"height":200,"srcset":"https:\/\/i0.wp.com\/andinabyangelica.com\/wp-content\/uploads\/2024\/08\/2024_0228_12512700-1-rotated-e1725184260583.jpeg?resize=350%2C200&ssl=1 1x, https:\/\/i0.wp.com\/andinabyangelica.com\/wp-content\/uploads\/2024\/08\/2024_0228_12512700-1-rotated-e1725184260583.jpeg?resize=525%2C300&ssl=1 1.5x, https:\/\/i0.wp.com\/andinabyangelica.com\/wp-content\/uploads\/2024\/08\/2024_0228_12512700-1-rotated-e1725184260583.jpeg?resize=700%2C400&ssl=1 2x"},"classes":[]},{"id":5021,"url":"https:\/\/andinabyangelica.com\/en\/productos\/panuelo-flores-del-jardin-encantado\/","url_meta":{"origin":4250,"position":5},"title":"Enchanted Garden Flowers Scarf","author":"andinabyangelica.com","date":"1 September 2024","format":false,"excerpt":"Pa\u00f1uelo Estampado con Flores de un Jard\u00edn Encantado","rel":"","context":"Similar post","block_context":{"text":"Similar post","link":""},"img":{"alt_text":"Pa\u00f1oleta con flores de colores vibrantes, s\u00edmbolo de moda consciente y fantas\u00eda cotidiana.","src":"https:\/\/i0.wp.com\/andinabyangelica.com\/wp-content\/uploads\/2024\/09\/2024_0828_141435002.jpeg?resize=350%2C200&ssl=1","width":350,"height":200,"srcset":"https:\/\/i0.wp.com\/andinabyangelica.com\/wp-content\/uploads\/2024\/09\/2024_0828_141435002.jpeg?resize=350%2C200&ssl=1 1x, https:\/\/i0.wp.com\/andinabyangelica.com\/wp-content\/uploads\/2024\/09\/2024_0828_141435002.jpeg?resize=525%2C300&ssl=1 1.5x, https:\/\/i0.wp.com\/andinabyangelica.com\/wp-content\/uploads\/2024\/09\/2024_0828_141435002.jpeg?resize=700%2C400&ssl=1 2x, https:\/\/i0.wp.com\/andinabyangelica.com\/wp-content\/uploads\/2024\/09\/2024_0828_141435002.jpeg?resize=1050%2C600&ssl=1 3x"},"classes":[]}],"jetpack_likes_enabled":true,"jetpack_sharing_enabled":true,"_links":{"self":[{"href":"https:\/\/andinabyangelica.com\/en\/wp-json\/wp\/v2\/product\/4250","targetHints":{"allow":["GET"]}}],"collection":[{"href":"https:\/\/andinabyangelica.com\/en\/wp-json\/wp\/v2\/product"}],"about":[{"href":"https:\/\/andinabyangelica.com\/en\/wp-json\/wp\/v2\/types\/product"}],"wp:featuredmedia":[{"embeddable":true,"href":"https:\/\/andinabyangelica.com\/en\/wp-json\/wp\/v2\/media\/4264"}],"wp:attachment":[{"href":"https:\/\/andinabyangelica.com\/en\/wp-json\/wp\/v2\/media?parent=4250"}],"wp:term":[{"taxonomy":"product_brand","embeddable":true,"href":"https:\/\/andinabyangelica.com\/en\/wp-json\/wp\/v2\/product_brand?post=4250"},{"taxonomy":"product_cat","embeddable":true,"href":"https:\/\/andinabyangelica.com\/en\/wp-json\/wp\/v2\/product_cat?post=4250"},{"taxonomy":"product_tag","embeddable":true,"href":"https:\/\/andinabyangelica.com\/en\/wp-json\/wp\/v2\/product_tag?post=4250"}],"curies":[{"name":"wp","href":"https:\/\/api.w.org\/{rel}","templated":true}]}}