{"id":4695,"date":"2024-03-01T18:27:05","date_gmt":"2024-03-01T17:27:05","guid":{"rendered":"https:\/\/andinabyangelica.com\/?post_type=product&#038;p=4695"},"modified":"2025-11-23T20:45:52","modified_gmt":"2025-11-23T19:45:52","slug":"poster-elegancia-alada-la-belleza-organica-de-la-felicidad","status":"publish","type":"product","link":"https:\/\/andinabyangelica.com\/en\/productos\/poster-elegancia-alada-la-belleza-organica-de-la-felicidad\/","title":{"rendered":"Poster Elegancia Alada: La Belleza Org\u00e1nica de la Felicidad"},"content":{"rendered":"<p><b>This exquisite printed poster <\/b><strong> captures the essence of radiant femininity. A happy, exuberant woman radiates her joy while wearing a couture hat adorned with delicate hummingbirds, whose wings blend harmoniously with the flowers that are already part of her essence.<\/strong><\/p>\n<p><strong>Each stroke, meticulously designed from organic inspiration, reflects the celebration of creativity and natural beauty. Allow us a few minutes of serenity, helps us connect with happiness. In this case as always, I have let the color flow freely. Each illustration is gradually carving out its personality and reminds me of the importance of appreciating every moment and every detail with calm and gratitude.<\/strong><\/p>\n<p><b>Its shades are a play of colours and details that elevate the interior design and add a dose of fantasy, transporting those who contemplate it to a realm of sophistication and inspiration.<\/b><\/p>\n<p><em><strong>Illustration made in my art studio while enjoying each color and allowing calm and gratitude to come into my workspace.\u00a0<\/strong><\/em><\/p>\n<p><strong>Posters sizes available<\/strong><\/p>\n<ul>\n<li>70x 100 cm (B1 poster)<\/li>\n<li>60 x 84 cm (A1 poster)<\/li>\n<li>29,7 x 42 cm (Poster A3)<\/li>\n<\/ul>\n<p><strong>Descripci\u00f3n:\u00a0<\/strong><\/p>\n<p>Art print on 135 gr Couche paper<\/p>\n<p>* The poster bears the letterhead of the visible mark printed on the bottom and the certificate of authenticity.<\/p>\n<p><strong><em>Time of Production\u00a0<\/em><\/strong><\/p>\n<p style=\"font-weight: 400;\">Products are made to order due to our sustainability purpose.<\/p>\n<p>In case your order is for a gift, let us know that super special message you want us to convey for you. We will be happy to transcribe it on a very special card.<\/p>\n<p style=\"font-weight: 400;\">El tiempo de producci\u00f3n aproximado es de 4 d\u00edas. Mantenemos un peque\u00f1o margen de producci\u00f3n. En caso de que el producto ya se encuentre en inventario, este tiempo no ser\u00eda necesario pero esta sujeto a notificaci\u00f3n.<\/p>\n<p style=\"font-weight: 400;\">In case the product is not in stock but the urgency is because you forgot a special occasion, and the gift is for the love of your life, message us, We will let you know if We manage to run to have the product on time, since we understand how difficult it is to find love \u2763\ufe0f.\u2763\ufe0f<\/p>\n<p>&nbsp;<\/p>\n<h3>\u00bfFAQ?<\/h3>\n<p>&nbsp;<\/p>\n<p><strong>* \u00bfWhen and how to use this product?<\/strong><\/p>\n<ul>\n<li>Nuestros P\u00f3sters son pinceladas de luz y color que transformar\u00e1n tus espacios en refugios de elegancia con un toque de fantas\u00eda. Cada imagen es una ventana a la inspiraci\u00f3n, record\u00e1ndote momentos especiales o transport\u00e1ndote a destinos m\u00e1gicos que aguardan ser explorados. Con su estilo distintivo, estos dise\u00f1os no solo adornan tus espacios, sino que tambi\u00e9n despiertan una sensaci\u00f3n de aspiraci\u00f3n, inst\u00e1ndote a perseguir nuevos horizontes y experiencias extraordinarias \u2026<\/li>\n<\/ul>\n<p>&nbsp;<\/p>","protected":false},"excerpt":{"rendered":"<p>Impresi\u00f3n Art\u00edstica. T\u00e9cnica digital.<\/p>","protected":false},"featured_media":4701,"template":"","meta":{"_uag_custom_page_level_css":"","site-sidebar-layout":"default","site-content-layout":"","ast-site-content-layout":"default","site-content-style":"default","site-sidebar-style":"default","ast-global-header-display":"","ast-banner-title-visibility":"","ast-main-header-display":"","ast-hfb-above-header-display":"","ast-hfb-below-header-display":"","ast-hfb-mobile-header-display":"","site-post-title":"","ast-breadcrumbs-content":"","ast-featured-img":"","footer-sml-layout":"","ast-disable-related-posts":"","theme-transparent-header-meta":"default","adv-header-id-meta":"","stick-header-meta":"","header-above-stick-meta":"","header-main-stick-meta":"","header-below-stick-meta":"","astra-migrate-meta-layouts":"set","ast-page-background-enabled":"default","ast-page-background-meta":{"desktop":{"background-color":"","background-image":"","background-repeat":"repeat","background-position":"center center","background-size":"auto","background-attachment":"scroll","background-type":"","background-media":"","overlay-type":"","overlay-color":"","overlay-opacity":"","overlay-gradient":""},"tablet":{"background-color":"","background-image":"","background-repeat":"repeat","background-position":"center center","background-size":"auto","background-attachment":"scroll","background-type":"","background-media":"","overlay-type":"","overlay-color":"","overlay-opacity":"","overlay-gradient":""},"mobile":{"background-color":"","background-image":"","background-repeat":"repeat","background-position":"center center","background-size":"auto","background-attachment":"scroll","background-type":"","background-media":"","overlay-type":"","overlay-color":"","overlay-opacity":"","overlay-gradient":""}},"ast-content-background-meta":{"desktop":{"background-color":"var(--ast-global-color-5)","background-image":"","background-repeat":"repeat","background-position":"center center","background-size":"auto","background-attachment":"scroll","background-type":"","background-media":"","overlay-type":"","overlay-color":"","overlay-opacity":"","overlay-gradient":""},"tablet":{"background-color":"var(--ast-global-color-5)","background-image":"","background-repeat":"repeat","background-position":"center center","background-size":"auto","background-attachment":"scroll","background-type":"","background-media":"","overlay-type":"","overlay-color":"","overlay-opacity":"","overlay-gradient":""},"mobile":{"background-color":"var(--ast-global-color-5)","background-image":"","background-repeat":"repeat","background-position":"center center","background-size":"auto","background-attachment":"scroll","background-type":"","background-media":"","overlay-type":"","overlay-color":"","overlay-opacity":"","overlay-gradient":""}},"jetpack_post_was_ever_published":false},"product_brand":[],"product_cat":[115,46,42],"product_tag":[51,50,130,52,49],"class_list":{"0":"post-4695","1":"product","2":"type-product","3":"status-publish","4":"has-post-thumbnail","6":"product_cat-deco","7":"product_cat-fauna-colombiana","8":"product_cat-posters","9":"product_tag-art","10":"product_tag-arte","11":"product_tag-deco","12":"product_tag-poster-inspirador","13":"product_tag-prints","14":"desktop-align-center","15":"tablet-align-left","16":"mobile-align-left","18":"first","19":"instock","20":"shipping-taxable","21":"purchasable","22":"product-type-variable"},"aioseo_notices":[],"uagb_featured_image_src":{"full":["https:\/\/andinabyangelica.com\/wp-content\/uploads\/2024\/03\/IMG_3530.png",1080,1920,false],"thumbnail":["https:\/\/andinabyangelica.com\/wp-content\/uploads\/2024\/03\/IMG_3530-150x150.png",150,150,true],"medium":["https:\/\/andinabyangelica.com\/wp-content\/uploads\/2024\/03\/IMG_3530-169x300.png",169,300,true],"medium_large":["https:\/\/andinabyangelica.com\/wp-content\/uploads\/2024\/03\/IMG_3530-768x1365.png",768,1365,true],"large":["https:\/\/andinabyangelica.com\/wp-content\/uploads\/2024\/03\/IMG_3530-576x1024.png",576,1024,true],"1536x1536":["https:\/\/andinabyangelica.com\/wp-content\/uploads\/2024\/03\/IMG_3530-864x1536.png",864,1536,true],"2048x2048":["https:\/\/andinabyangelica.com\/wp-content\/uploads\/2024\/03\/IMG_3530.png",1080,1920,false],"trp-custom-language-flag":["https:\/\/andinabyangelica.com\/wp-content\/uploads\/2024\/03\/IMG_3530-7x12.png",7,12,true],"mailpoet_newsletter_max":["https:\/\/andinabyangelica.com\/wp-content\/uploads\/2024\/03\/IMG_3530.png",1080,1920,false],"woocommerce_thumbnail":["https:\/\/andinabyangelica.com\/wp-content\/uploads\/2024\/03\/IMG_3530-300x300.png",300,300,true],"woocommerce_single":["https:\/\/andinabyangelica.com\/wp-content\/uploads\/2024\/03\/IMG_3530-600x1067.png",600,1067,true],"woocommerce_gallery_thumbnail":["https:\/\/andinabyangelica.com\/wp-content\/uploads\/2024\/03\/IMG_3530-100x100.png",100,100,true]},"uagb_author_info":{"display_name":"andinabyangelica.com","author_link":"https:\/\/andinabyangelica.com\/en\/author\/"},"uagb_comment_info":0,"uagb_excerpt":"Impresi\u00f3n Art\u00edstica. T\u00e9cnica digital.","jetpack-related-posts":[{"id":4702,"url":"https:\/\/andinabyangelica.com\/en\/productos\/poster-sonriendo-la-belleza-organica-de-la-felicidad\/","url_meta":{"origin":4695,"position":0},"title":"Smiling Poster: The Organic Beauty of Happiness","author":"andinabyangelica.com","date":"3 March 2024","format":false,"excerpt":"Impresi\u00f3n Art\u00edstica. T\u00e9cnica digital.","rel":"","context":"Similar post","block_context":{"text":"Similar post","link":""},"img":{"alt_text":"Ilustraci\u00f3n de moda mujer femenina feliz sonriendo usando un sombrero de alta costura bordado con colibr\u00edes inspirados en la fauna Colombiana","src":"https:\/\/i0.wp.com\/andinabyangelica.com\/wp-content\/uploads\/2024\/03\/FE4572AF-F2B7-4B0E-80FA-4EE22EA6E8FB.png?resize=350%2C200&ssl=1","width":350,"height":200,"srcset":"https:\/\/i0.wp.com\/andinabyangelica.com\/wp-content\/uploads\/2024\/03\/FE4572AF-F2B7-4B0E-80FA-4EE22EA6E8FB.png?resize=350%2C200&ssl=1 1x, https:\/\/i0.wp.com\/andinabyangelica.com\/wp-content\/uploads\/2024\/03\/FE4572AF-F2B7-4B0E-80FA-4EE22EA6E8FB.png?resize=525%2C300&ssl=1 1.5x, https:\/\/i0.wp.com\/andinabyangelica.com\/wp-content\/uploads\/2024\/03\/FE4572AF-F2B7-4B0E-80FA-4EE22EA6E8FB.png?resize=700%2C400&ssl=1 2x, https:\/\/i0.wp.com\/andinabyangelica.com\/wp-content\/uploads\/2024\/03\/FE4572AF-F2B7-4B0E-80FA-4EE22EA6E8FB.png?resize=1050%2C600&ssl=1 3x"},"classes":[]},{"id":4156,"url":"https:\/\/andinabyangelica.com\/en\/productos\/poster-del-tropico-a-mi-vestido-copia\/","url_meta":{"origin":4695,"position":1},"title":"Poster and\/or Kimono Hummingbirds","author":"andinabyangelica.com","date":"14 January 2024","format":false,"excerpt":"Poster print Artistic digital technique and\/or Silk Velvet Kimono with hummingbird print\u00a0","rel":"","context":"Similar post","block_context":{"text":"Similar post","link":""},"img":{"alt_text":"P\u00f3ster de ilustraci\u00f3n de moda digital con mujer de belleza \u00fanica, cabello negro y facciones marcadas. El kimono que lleva puesto se puede realizar bajo pedido previo en tela de Seda de Sat\u00e9n Natural estampado con colibr\u00edes de colores inspirados en la fauna Colombiana. Las Chicas.","src":"https:\/\/i0.wp.com\/andinabyangelica.com\/wp-content\/uploads\/2024\/01\/IMG_2475.png?resize=350%2C200&ssl=1","width":350,"height":200,"srcset":"https:\/\/i0.wp.com\/andinabyangelica.com\/wp-content\/uploads\/2024\/01\/IMG_2475.png?resize=350%2C200&ssl=1 1x, https:\/\/i0.wp.com\/andinabyangelica.com\/wp-content\/uploads\/2024\/01\/IMG_2475.png?resize=525%2C300&ssl=1 1.5x, https:\/\/i0.wp.com\/andinabyangelica.com\/wp-content\/uploads\/2024\/01\/IMG_2475.png?resize=700%2C400&ssl=1 2x, https:\/\/i0.wp.com\/andinabyangelica.com\/wp-content\/uploads\/2024\/01\/IMG_2475.png?resize=1050%2C600&ssl=1 3x, https:\/\/i0.wp.com\/andinabyangelica.com\/wp-content\/uploads\/2024\/01\/IMG_2475.png?resize=1400%2C800&ssl=1 4x"},"classes":[]},{"id":5030,"url":"https:\/\/andinabyangelica.com\/en\/productos\/5030\/","url_meta":{"origin":4695,"position":2},"title":"Gift bag for jewelry painted and embroidered by hand.","author":"andinabyangelica.com","date":"1 September 2024","format":false,"excerpt":"Bolsa de regalo para joyas bordado y pintado a mano","rel":"","context":"Similar post","block_context":{"text":"Similar post","link":""},"img":{"alt_text":"Bolsa de regalo para empaque de joyas pintada y bordada a mano con ilustraci\u00f3n ic\u00f3nica de \u201cLas Chicas\u201d","src":"https:\/\/i0.wp.com\/andinabyangelica.com\/wp-content\/uploads\/2024\/09\/IMG_20240515_001156-scaled.jpeg?resize=350%2C200&ssl=1","width":350,"height":200,"srcset":"https:\/\/i0.wp.com\/andinabyangelica.com\/wp-content\/uploads\/2024\/09\/IMG_20240515_001156-scaled.jpeg?resize=350%2C200&ssl=1 1x, https:\/\/i0.wp.com\/andinabyangelica.com\/wp-content\/uploads\/2024\/09\/IMG_20240515_001156-scaled.jpeg?resize=525%2C300&ssl=1 1.5x, https:\/\/i0.wp.com\/andinabyangelica.com\/wp-content\/uploads\/2024\/09\/IMG_20240515_001156-scaled.jpeg?resize=700%2C400&ssl=1 2x, https:\/\/i0.wp.com\/andinabyangelica.com\/wp-content\/uploads\/2024\/09\/IMG_20240515_001156-scaled.jpeg?resize=1050%2C600&ssl=1 3x, https:\/\/i0.wp.com\/andinabyangelica.com\/wp-content\/uploads\/2024\/09\/IMG_20240515_001156-scaled.jpeg?resize=1400%2C800&ssl=1 4x"},"classes":[]},{"id":4270,"url":"https:\/\/andinabyangelica.com\/en\/productos\/poster-y-o-camisa-silueta-amplia-para-mujer-con-estampado-de-flores-tropicales\/","url_meta":{"origin":4695,"position":3},"title":"Women\u2019s wide silhouette Shirt with tropical flower print and\/or Poster","author":"andinabyangelica.com","date":"14 January 2024","format":false,"excerpt":"Poster print Artistic digital technique and\/or Shirt silhouette wide long sleeves for women with tropical flower print","rel":"","context":"Similar post","block_context":{"text":"Similar post","link":""},"img":{"alt_text":"P\u00f3ster de ilustraci\u00f3n de moda de mujer rubia con camisa de silueta amplia y estampado floral colorido en fibras naturales, dise\u00f1o de Andina by Ang\u00e9lica.","src":"https:\/\/i0.wp.com\/andinabyangelica.com\/wp-content\/uploads\/2024\/01\/IMG_2520-2.png?resize=350%2C200&ssl=1","width":350,"height":200,"srcset":"https:\/\/i0.wp.com\/andinabyangelica.com\/wp-content\/uploads\/2024\/01\/IMG_2520-2.png?resize=350%2C200&ssl=1 1x, https:\/\/i0.wp.com\/andinabyangelica.com\/wp-content\/uploads\/2024\/01\/IMG_2520-2.png?resize=525%2C300&ssl=1 1.5x, https:\/\/i0.wp.com\/andinabyangelica.com\/wp-content\/uploads\/2024\/01\/IMG_2520-2.png?resize=700%2C400&ssl=1 2x, https:\/\/i0.wp.com\/andinabyangelica.com\/wp-content\/uploads\/2024\/01\/IMG_2520-2.png?resize=1050%2C600&ssl=1 3x, https:\/\/i0.wp.com\/andinabyangelica.com\/wp-content\/uploads\/2024\/01\/IMG_2520-2.png?resize=1400%2C800&ssl=1 4x"},"classes":[]},{"id":4250,"url":"https:\/\/andinabyangelica.com\/en\/productos\/poster-y-o-mono-enterizo-estampado-titi-copia\/","url_meta":{"origin":4695,"position":4},"title":"Women\u2019s wide silhouette Shirt with orchids print \ud83c\udf3a and\/or Poster","author":"andinabyangelica.com","date":"14 January 2024","format":false,"excerpt":"Poster print Artistic digital technique and\/or Shirt silhouette wide medium sleeves for women with orchids print","rel":"","context":"Similar post","block_context":{"text":"Similar post","link":""},"img":{"alt_text":"P\u00f3ster de ilustraci\u00f3n de moda de mujer elegante con camisa de silueta amplia y estampado de orqu\u00eddeas colombianas, dise\u00f1o de autor de Andina by Ang\u00e9lica.","src":"https:\/\/i0.wp.com\/andinabyangelica.com\/wp-content\/uploads\/2024\/01\/IMG_2480.png?resize=350%2C200&ssl=1","width":350,"height":200,"srcset":"https:\/\/i0.wp.com\/andinabyangelica.com\/wp-content\/uploads\/2024\/01\/IMG_2480.png?resize=350%2C200&ssl=1 1x, https:\/\/i0.wp.com\/andinabyangelica.com\/wp-content\/uploads\/2024\/01\/IMG_2480.png?resize=525%2C300&ssl=1 1.5x, https:\/\/i0.wp.com\/andinabyangelica.com\/wp-content\/uploads\/2024\/01\/IMG_2480.png?resize=700%2C400&ssl=1 2x, https:\/\/i0.wp.com\/andinabyangelica.com\/wp-content\/uploads\/2024\/01\/IMG_2480.png?resize=1050%2C600&ssl=1 3x, https:\/\/i0.wp.com\/andinabyangelica.com\/wp-content\/uploads\/2024\/01\/IMG_2480.png?resize=1400%2C800&ssl=1 4x"},"classes":[]},{"id":5296,"url":"https:\/\/andinabyangelica.com\/en\/productos\/panuelo-anu-mutshi-wayuu-colores-de-vida\/","url_meta":{"origin":4695,"position":5},"title":"Scarf An\u00fc M\u00fctshi (Way\u00fau - Colours of Life)","author":"andinabyangelica.com","date":"4 December 2024","format":false,"excerpt":"Scarf printed with figures of Ancestors","rel":"","context":"Similar post","block_context":{"text":"Similar post","link":""},"img":{"alt_text":"Pa\u00f1uelo An\u00fc M\u00fctshi de Andina by Ang\u00e9lica con estampado de autor inspirado en la cultura Way\u00fau.","src":"https:\/\/i0.wp.com\/andinabyangelica.com\/wp-content\/uploads\/2024\/12\/2024_1201_15461100.jpg?resize=350%2C200&ssl=1","width":350,"height":200,"srcset":"https:\/\/i0.wp.com\/andinabyangelica.com\/wp-content\/uploads\/2024\/12\/2024_1201_15461100.jpg?resize=350%2C200&ssl=1 1x, https:\/\/i0.wp.com\/andinabyangelica.com\/wp-content\/uploads\/2024\/12\/2024_1201_15461100.jpg?resize=525%2C300&ssl=1 1.5x, https:\/\/i0.wp.com\/andinabyangelica.com\/wp-content\/uploads\/2024\/12\/2024_1201_15461100.jpg?resize=700%2C400&ssl=1 2x, https:\/\/i0.wp.com\/andinabyangelica.com\/wp-content\/uploads\/2024\/12\/2024_1201_15461100.jpg?resize=1050%2C600&ssl=1 3x"},"classes":[]}],"jetpack_likes_enabled":true,"jetpack_sharing_enabled":true,"_links":{"self":[{"href":"https:\/\/andinabyangelica.com\/en\/wp-json\/wp\/v2\/product\/4695","targetHints":{"allow":["GET"]}}],"collection":[{"href":"https:\/\/andinabyangelica.com\/en\/wp-json\/wp\/v2\/product"}],"about":[{"href":"https:\/\/andinabyangelica.com\/en\/wp-json\/wp\/v2\/types\/product"}],"wp:featuredmedia":[{"embeddable":true,"href":"https:\/\/andinabyangelica.com\/en\/wp-json\/wp\/v2\/media\/4701"}],"wp:attachment":[{"href":"https:\/\/andinabyangelica.com\/en\/wp-json\/wp\/v2\/media?parent=4695"}],"wp:term":[{"taxonomy":"product_brand","embeddable":true,"href":"https:\/\/andinabyangelica.com\/en\/wp-json\/wp\/v2\/product_brand?post=4695"},{"taxonomy":"product_cat","embeddable":true,"href":"https:\/\/andinabyangelica.com\/en\/wp-json\/wp\/v2\/product_cat?post=4695"},{"taxonomy":"product_tag","embeddable":true,"href":"https:\/\/andinabyangelica.com\/en\/wp-json\/wp\/v2\/product_tag?post=4695"}],"curies":[{"name":"wp","href":"https:\/\/api.w.org\/{rel}","templated":true}]}}