{"id":4785,"date":"2024-05-04T16:02:58","date_gmt":"2024-05-04T14:02:58","guid":{"rendered":"https:\/\/andinabyangelica.com\/?post_type=product&#038;p=4785"},"modified":"2025-09-29T19:45:49","modified_gmt":"2025-09-29T17:45:49","slug":"collar-colibri-brisa-azul","status":"publish","type":"product","link":"https:\/\/andinabyangelica.com\/en\/productos\/collar-colibri-brisa-azul\/","title":{"rendered":"Necklace Blue Breeze Hummingbird"},"content":{"rendered":"<p><em><strong>Meticulously crafted necklace. Each piece we create is a unique work of art, fusing elegance and natural wonder into an accessory that celebrates the diversity of Colombia, South America \ud83c\udf0e\u2728<\/strong><\/em><\/p>\n<p><em><strong><span style=\"font-size: 16px; -webkit-text-size-adjust: 100%;\">In the skies dance a spectacle of resplendent plumage; hummingbirds, small jewels in flight, paint rainbows with their rapid flutters, weaving a living canvas of nature that sings in unison with the vast Colombian sky.<\/span><\/strong><\/em><\/p>\n<p><em><strong>Necklace made manually in my art studio, patinated under the natural rays of the sun and soft watercolor strokes.<\/strong><\/em><\/p>\n<p><strong>Product description;<\/strong><\/p>\n<ul>\n<li>Material Brass with brown cord. Approximate dimensions of the hummingbird: 5 cm height and width.<\/li>\n<\/ul>\n<p><strong>Notes*<\/strong> If you want to customize any details of the product let us know and we will be happy to make the corresponding modifications.<\/p>\n<p><strong>Care of the jewels*<\/strong> The jewels are hand painted therefore, the colour and\/or enamel should avoid being wet or scratched abruptly as they could be removed.<\/p>\n<p><strong><em>Time of Production\u00a0<\/em><\/strong><\/p>\n<p style=\"font-weight: 400;\">Products are made to order due to our sustainability purpose.<\/p>\n<p>Our jewels are handcrafted and are unique creations as each brush stroke and cut is hand-crafted, resulting in variations in color, size and shape, ensuring that no two pieces are completely alike.<\/p>\n<p>Given the above, the jewel may have small variations.<\/p>\n<p>In case your order is for a gift, let us know that super special message you want us to convey for you. We will be happy to transcribe it on a very special card.<\/p>\n<p style=\"font-weight: 400;\">The approximate production time is 15 days. We keep a small margin of inventory. In case the product is already in stock, this time would not be necessary but is subject to notification.<\/p>\n<p style=\"font-weight: 400;\">In case the product is not in stock but the urgency is because you forgot a special occasion, and the gift is for the love of your life, message us, We will let you know if we manage to run to have the product on time, since we understand how difficult it is to find love \u2763\ufe0f.\u2763\ufe0f<\/p>\n<p style=\"font-weight: 400;\"><strong><em>Express Production<\/em><\/strong><\/p>\n<p style=\"font-weight: 400;\">We know that emergencies of emergencies can arise, because of this, we have an express production option. The production time is 4 days with an additional cost of 22\u20ac.<\/p>\n<p>&nbsp;<\/p>\n<h3>\u00bfFAQ?<\/h3>\n<p>&nbsp;<\/p>\n<p><strong>* \u00bfWhen and how to use this product?<\/strong><\/p>\n<ul>\n<li>Our products are designed to brighten your look as well as your mood. We believe in the little details of life and therefore, that every second in our life is a super special occasion to be radiant! Take them to that special trip, to your friends' wedding or bring them to that romantic dinner. Even when you\u2019re home and you just want to remind yourself how beautiful you are \u2728<\/li>\n<\/ul>\n<p>&nbsp;<\/p>","protected":false},"excerpt":{"rendered":"<p>Handmade necklace, meticulously painted by hand, fusing art and luxury in every detail.<\/p>","protected":false},"featured_media":4794,"template":"","meta":{"_uag_custom_page_level_css":"","site-sidebar-layout":"default","site-content-layout":"","ast-site-content-layout":"default","site-content-style":"default","site-sidebar-style":"default","ast-global-header-display":"","ast-banner-title-visibility":"","ast-main-header-display":"","ast-hfb-above-header-display":"","ast-hfb-below-header-display":"","ast-hfb-mobile-header-display":"","site-post-title":"","ast-breadcrumbs-content":"","ast-featured-img":"","footer-sml-layout":"","ast-disable-related-posts":"","theme-transparent-header-meta":"default","adv-header-id-meta":"","stick-header-meta":"","header-above-stick-meta":"","header-main-stick-meta":"","header-below-stick-meta":"","astra-migrate-meta-layouts":"set","ast-page-background-enabled":"default","ast-page-background-meta":{"desktop":{"background-color":"","background-image":"","background-repeat":"repeat","background-position":"center center","background-size":"auto","background-attachment":"scroll","background-type":"","background-media":"","overlay-type":"","overlay-color":"","overlay-opacity":"","overlay-gradient":""},"tablet":{"background-color":"","background-image":"","background-repeat":"repeat","background-position":"center center","background-size":"auto","background-attachment":"scroll","background-type":"","background-media":"","overlay-type":"","overlay-color":"","overlay-opacity":"","overlay-gradient":""},"mobile":{"background-color":"","background-image":"","background-repeat":"repeat","background-position":"center center","background-size":"auto","background-attachment":"scroll","background-type":"","background-media":"","overlay-type":"","overlay-color":"","overlay-opacity":"","overlay-gradient":""}},"ast-content-background-meta":{"desktop":{"background-color":"var(--ast-global-color-5)","background-image":"","background-repeat":"repeat","background-position":"center center","background-size":"auto","background-attachment":"scroll","background-type":"","background-media":"","overlay-type":"","overlay-color":"","overlay-opacity":"","overlay-gradient":""},"tablet":{"background-color":"var(--ast-global-color-5)","background-image":"","background-repeat":"repeat","background-position":"center center","background-size":"auto","background-attachment":"scroll","background-type":"","background-media":"","overlay-type":"","overlay-color":"","overlay-opacity":"","overlay-gradient":""},"mobile":{"background-color":"var(--ast-global-color-5)","background-image":"","background-repeat":"repeat","background-position":"center center","background-size":"auto","background-attachment":"scroll","background-type":"","background-media":"","overlay-type":"","overlay-color":"","overlay-opacity":"","overlay-gradient":""}},"jetpack_post_was_ever_published":false},"product_brand":[],"product_cat":[60,114,46],"product_tag":[43],"class_list":{"0":"post-4785","1":"product","2":"type-product","3":"status-publish","4":"has-post-thumbnail","6":"product_cat-accesorios","7":"product_cat-collares","8":"product_cat-fauna-colombiana","9":"product_tag-aves-laton","10":"desktop-align-center","11":"tablet-align-left","12":"mobile-align-left","14":"first","15":"instock","16":"featured","17":"shipping-taxable","18":"purchasable","19":"product-type-simple"},"aioseo_notices":[],"uagb_featured_image_src":{"full":["https:\/\/andinabyangelica.com\/wp-content\/uploads\/2024\/05\/2024_0328_13302700-1.jpeg",2048,1152,false],"thumbnail":["https:\/\/andinabyangelica.com\/wp-content\/uploads\/2024\/05\/2024_0328_13302700-1-150x150.jpeg",150,150,true],"medium":["https:\/\/andinabyangelica.com\/wp-content\/uploads\/2024\/05\/2024_0328_13302700-1-300x169.jpeg",300,169,true],"medium_large":["https:\/\/andinabyangelica.com\/wp-content\/uploads\/2024\/05\/2024_0328_13302700-1-768x432.jpeg",768,432,true],"large":["https:\/\/andinabyangelica.com\/wp-content\/uploads\/2024\/05\/2024_0328_13302700-1-1024x576.jpeg",1024,576,true],"1536x1536":["https:\/\/andinabyangelica.com\/wp-content\/uploads\/2024\/05\/2024_0328_13302700-1-1536x864.jpeg",1536,864,true],"2048x2048":["https:\/\/andinabyangelica.com\/wp-content\/uploads\/2024\/05\/2024_0328_13302700-1.jpeg",2048,1152,false],"trp-custom-language-flag":["https:\/\/andinabyangelica.com\/wp-content\/uploads\/2024\/05\/2024_0328_13302700-1-18x10.jpeg",18,10,true],"mailpoet_newsletter_max":["https:\/\/andinabyangelica.com\/wp-content\/uploads\/2024\/05\/2024_0328_13302700-1-1320x743.jpeg",1320,743,true],"woocommerce_thumbnail":["https:\/\/andinabyangelica.com\/wp-content\/uploads\/2024\/05\/2024_0328_13302700-1-300x300.jpeg",300,300,true],"woocommerce_single":["https:\/\/andinabyangelica.com\/wp-content\/uploads\/2024\/05\/2024_0328_13302700-1-600x338.jpeg",600,338,true],"woocommerce_gallery_thumbnail":["https:\/\/andinabyangelica.com\/wp-content\/uploads\/2024\/05\/2024_0328_13302700-1-100x100.jpeg",100,100,true]},"uagb_author_info":{"display_name":"andinabyangelica.com","author_link":"https:\/\/andinabyangelica.com\/en\/author\/"},"uagb_comment_info":0,"uagb_excerpt":"Collar artesanal, meticulosamente pintados a mano, fusionando arte y lujo en cada detalle.","jetpack-related-posts":[{"id":4956,"url":"https:\/\/andinabyangelica.com\/en\/productos\/collar-blue\/","url_meta":{"origin":4785,"position":0},"title":"Necklace: Blue","author":"andinabyangelica.com","date":"31 August 2024","format":false,"excerpt":"Handmade necklace, meticulously painted by hand, fusing art and luxury in every detail.","rel":"","context":"Similar post","block_context":{"text":"Similar post","link":""},"img":{"alt_text":"Collar artesanal con dije de pez azul, pintado a mano con finos trazos y pigmentos art\u00edsticos, inspirado en la naturaleza y el empoderamiento de la mujer.","src":"https:\/\/i0.wp.com\/andinabyangelica.com\/wp-content\/uploads\/2024\/08\/2024_0828_13573600.jpg?resize=350%2C200&ssl=1","width":350,"height":200,"srcset":"https:\/\/i0.wp.com\/andinabyangelica.com\/wp-content\/uploads\/2024\/08\/2024_0828_13573600.jpg?resize=350%2C200&ssl=1 1x, https:\/\/i0.wp.com\/andinabyangelica.com\/wp-content\/uploads\/2024\/08\/2024_0828_13573600.jpg?resize=525%2C300&ssl=1 1.5x, https:\/\/i0.wp.com\/andinabyangelica.com\/wp-content\/uploads\/2024\/08\/2024_0828_13573600.jpg?resize=700%2C400&ssl=1 2x, https:\/\/i0.wp.com\/andinabyangelica.com\/wp-content\/uploads\/2024\/08\/2024_0828_13573600.jpg?resize=1050%2C600&ssl=1 3x"},"classes":[]},{"id":4695,"url":"https:\/\/andinabyangelica.com\/en\/productos\/poster-elegancia-alada-la-belleza-organica-de-la-felicidad\/","url_meta":{"origin":4785,"position":1},"title":"Poster Elegancia Alada: La Belleza Org\u00e1nica de la Felicidad","author":"andinabyangelica.com","date":"1 March 2024","format":false,"excerpt":"Impresi\u00f3n Art\u00edstica. T\u00e9cnica digital.","rel":"","context":"Similar post","block_context":{"text":"Similar post","link":""},"img":{"alt_text":"Poster art\u00edstico de ilustraci\u00f3n de moda de mujer femenina y alegre usando un sombrero de alta costura de colibr\u00edes y flores","src":"https:\/\/i0.wp.com\/andinabyangelica.com\/wp-content\/uploads\/2024\/03\/IMG_3530.png?resize=350%2C200&ssl=1","width":350,"height":200,"srcset":"https:\/\/i0.wp.com\/andinabyangelica.com\/wp-content\/uploads\/2024\/03\/IMG_3530.png?resize=350%2C200&ssl=1 1x, https:\/\/i0.wp.com\/andinabyangelica.com\/wp-content\/uploads\/2024\/03\/IMG_3530.png?resize=525%2C300&ssl=1 1.5x, https:\/\/i0.wp.com\/andinabyangelica.com\/wp-content\/uploads\/2024\/03\/IMG_3530.png?resize=700%2C400&ssl=1 2x, https:\/\/i0.wp.com\/andinabyangelica.com\/wp-content\/uploads\/2024\/03\/IMG_3530.png?resize=1050%2C600&ssl=1 3x"},"classes":[]},{"id":4702,"url":"https:\/\/andinabyangelica.com\/en\/productos\/poster-sonriendo-la-belleza-organica-de-la-felicidad\/","url_meta":{"origin":4785,"position":2},"title":"Smiling Poster: The Organic Beauty of Happiness","author":"andinabyangelica.com","date":"3 March 2024","format":false,"excerpt":"Impresi\u00f3n Art\u00edstica. T\u00e9cnica digital.","rel":"","context":"Similar post","block_context":{"text":"Similar post","link":""},"img":{"alt_text":"Ilustraci\u00f3n de moda mujer femenina feliz sonriendo usando un sombrero de alta costura bordado con colibr\u00edes inspirados en la fauna Colombiana","src":"https:\/\/i0.wp.com\/andinabyangelica.com\/wp-content\/uploads\/2024\/03\/FE4572AF-F2B7-4B0E-80FA-4EE22EA6E8FB.png?resize=350%2C200&ssl=1","width":350,"height":200,"srcset":"https:\/\/i0.wp.com\/andinabyangelica.com\/wp-content\/uploads\/2024\/03\/FE4572AF-F2B7-4B0E-80FA-4EE22EA6E8FB.png?resize=350%2C200&ssl=1 1x, https:\/\/i0.wp.com\/andinabyangelica.com\/wp-content\/uploads\/2024\/03\/FE4572AF-F2B7-4B0E-80FA-4EE22EA6E8FB.png?resize=525%2C300&ssl=1 1.5x, https:\/\/i0.wp.com\/andinabyangelica.com\/wp-content\/uploads\/2024\/03\/FE4572AF-F2B7-4B0E-80FA-4EE22EA6E8FB.png?resize=700%2C400&ssl=1 2x, https:\/\/i0.wp.com\/andinabyangelica.com\/wp-content\/uploads\/2024\/03\/FE4572AF-F2B7-4B0E-80FA-4EE22EA6E8FB.png?resize=1050%2C600&ssl=1 3x"},"classes":[]},{"id":4156,"url":"https:\/\/andinabyangelica.com\/en\/productos\/poster-del-tropico-a-mi-vestido-copia\/","url_meta":{"origin":4785,"position":3},"title":"Poster and\/or Kimono Hummingbirds","author":"andinabyangelica.com","date":"14 January 2024","format":false,"excerpt":"Poster print Artistic digital technique and\/or Silk Velvet Kimono with hummingbird print\u00a0","rel":"","context":"Similar post","block_context":{"text":"Similar post","link":""},"img":{"alt_text":"P\u00f3ster de ilustraci\u00f3n de moda digital con mujer de belleza \u00fanica, cabello negro y facciones marcadas. El kimono que lleva puesto se puede realizar bajo pedido previo en tela de Seda de Sat\u00e9n Natural estampado con colibr\u00edes de colores inspirados en la fauna Colombiana. Las Chicas.","src":"https:\/\/i0.wp.com\/andinabyangelica.com\/wp-content\/uploads\/2024\/01\/IMG_2475.png?resize=350%2C200&ssl=1","width":350,"height":200,"srcset":"https:\/\/i0.wp.com\/andinabyangelica.com\/wp-content\/uploads\/2024\/01\/IMG_2475.png?resize=350%2C200&ssl=1 1x, https:\/\/i0.wp.com\/andinabyangelica.com\/wp-content\/uploads\/2024\/01\/IMG_2475.png?resize=525%2C300&ssl=1 1.5x, https:\/\/i0.wp.com\/andinabyangelica.com\/wp-content\/uploads\/2024\/01\/IMG_2475.png?resize=700%2C400&ssl=1 2x, https:\/\/i0.wp.com\/andinabyangelica.com\/wp-content\/uploads\/2024\/01\/IMG_2475.png?resize=1050%2C600&ssl=1 3x, https:\/\/i0.wp.com\/andinabyangelica.com\/wp-content\/uploads\/2024\/01\/IMG_2475.png?resize=1400%2C800&ssl=1 4x"},"classes":[]},{"id":4991,"url":"https:\/\/andinabyangelica.com\/en\/productos\/panuelo-colibri\/","url_meta":{"origin":4785,"position":4},"title":"Hummingbird Scarf","author":"andinabyangelica.com","date":"31 August 2024","format":false,"excerpt":"Pa\u00f1uelo estampado de flores y colibr\u00edes","rel":"","context":"Similar post","block_context":{"text":"Similar post","link":""},"img":{"alt_text":"Modelo usando pa\u00f1oleta con flores y colibr\u00edes de colores, mezcla de arte y frescura natural.","src":"https:\/\/i0.wp.com\/andinabyangelica.com\/wp-content\/uploads\/2024\/08\/2024_0228_12574800-1-rotated.jpeg?resize=350%2C200&ssl=1","width":350,"height":200,"srcset":"https:\/\/i0.wp.com\/andinabyangelica.com\/wp-content\/uploads\/2024\/08\/2024_0228_12574800-1-rotated.jpeg?resize=350%2C200&ssl=1 1x, https:\/\/i0.wp.com\/andinabyangelica.com\/wp-content\/uploads\/2024\/08\/2024_0228_12574800-1-rotated.jpeg?resize=525%2C300&ssl=1 1.5x, https:\/\/i0.wp.com\/andinabyangelica.com\/wp-content\/uploads\/2024\/08\/2024_0228_12574800-1-rotated.jpeg?resize=700%2C400&ssl=1 2x, https:\/\/i0.wp.com\/andinabyangelica.com\/wp-content\/uploads\/2024\/08\/2024_0228_12574800-1-rotated.jpeg?resize=1050%2C600&ssl=1 3x"},"classes":[]},{"id":7147,"url":"https:\/\/andinabyangelica.com\/en\/productos\/pendientes-el-cielo-la-luna-las-estrellas-de-maya\/","url_meta":{"origin":4785,"position":5},"title":"Pendientes \u201cEl Cielo, La Luna, Las Estrellas de Noah\u201d","author":"andinabyangelica.com","date":"17 December 2025","format":false,"excerpt":"Handcrafted earrings, meticulously hand-painted, gold-plated, and designed with the serenity of the eternal.","rel":"","context":"Similar post","block_context":{"text":"Similar post","link":""},"img":{"alt_text":"Pendientes artesanales inspirados en estrellas, el cielo pigmentado bajo la luz del sol, con luna ba\u00f1ada en oro, inspirados en el personaje Noa de Andina by Ang\u00e9lica.","src":"https:\/\/i0.wp.com\/andinabyangelica.com\/wp-content\/uploads\/2025\/12\/2025_1109_18451400-1.jpeg?resize=350%2C200&ssl=1","width":350,"height":200,"srcset":"https:\/\/i0.wp.com\/andinabyangelica.com\/wp-content\/uploads\/2025\/12\/2025_1109_18451400-1.jpeg?resize=350%2C200&ssl=1 1x, https:\/\/i0.wp.com\/andinabyangelica.com\/wp-content\/uploads\/2025\/12\/2025_1109_18451400-1.jpeg?resize=525%2C300&ssl=1 1.5x, https:\/\/i0.wp.com\/andinabyangelica.com\/wp-content\/uploads\/2025\/12\/2025_1109_18451400-1.jpeg?resize=700%2C400&ssl=1 2x, https:\/\/i0.wp.com\/andinabyangelica.com\/wp-content\/uploads\/2025\/12\/2025_1109_18451400-1.jpeg?resize=1050%2C600&ssl=1 3x"},"classes":[]}],"jetpack_likes_enabled":true,"jetpack_sharing_enabled":true,"_links":{"self":[{"href":"https:\/\/andinabyangelica.com\/en\/wp-json\/wp\/v2\/product\/4785","targetHints":{"allow":["GET"]}}],"collection":[{"href":"https:\/\/andinabyangelica.com\/en\/wp-json\/wp\/v2\/product"}],"about":[{"href":"https:\/\/andinabyangelica.com\/en\/wp-json\/wp\/v2\/types\/product"}],"wp:featuredmedia":[{"embeddable":true,"href":"https:\/\/andinabyangelica.com\/en\/wp-json\/wp\/v2\/media\/4794"}],"wp:attachment":[{"href":"https:\/\/andinabyangelica.com\/en\/wp-json\/wp\/v2\/media?parent=4785"}],"wp:term":[{"taxonomy":"product_brand","embeddable":true,"href":"https:\/\/andinabyangelica.com\/en\/wp-json\/wp\/v2\/product_brand?post=4785"},{"taxonomy":"product_cat","embeddable":true,"href":"https:\/\/andinabyangelica.com\/en\/wp-json\/wp\/v2\/product_cat?post=4785"},{"taxonomy":"product_tag","embeddable":true,"href":"https:\/\/andinabyangelica.com\/en\/wp-json\/wp\/v2\/product_tag?post=4785"}],"curies":[{"name":"wp","href":"https:\/\/api.w.org\/{rel}","templated":true}]}}