{"id":5021,"date":"2024-09-01T12:41:44","date_gmt":"2024-09-01T10:41:44","guid":{"rendered":"https:\/\/andinabyangelica.com\/?post_type=product&#038;p=5021"},"modified":"2025-11-23T20:43:05","modified_gmt":"2025-11-23T19:43:05","slug":"panuelo-flores-del-jardin-encantado","status":"publish","type":"product","link":"https:\/\/andinabyangelica.com\/en\/productos\/panuelo-flores-del-jardin-encantado\/","title":{"rendered":"Enchanted Garden Flowers Scarf"},"content":{"rendered":"<p><strong>Printed with the joy of culture and vibrant colors of Colombia. A touch of elegance and individuality.<\/strong><\/p>\n<p><em><strong>Pintura hecha en mi estudio de arte mientras recuerdo los bellos colores de la naturaleza en Sur Am\u00e9rica.<\/strong><\/em><\/p>\n<p><strong>Puedo sentir el aroma de las flores y de los campos&#8230; dejo que mis pinceles dancen \ud83e\ude84\ud83c\udf43<\/strong><\/p>\n<p><strong>I can remember the smell of the earth. Yes.. , the earth has an aroma and once you have a chance to smell it, that aroma accompanies you wherever you are and transports you back to that magical place.<\/strong><\/p>\n<p><strong>Available sizes of the scarf;<\/strong><\/p>\n<ul>\n<li>90 x 90 cm<\/li>\n<li>7,5 W X L 134 cm<\/li>\n<\/ul>\n<p><strong>Fabric:<\/strong><\/p>\n<ul>\n<li>Silk<\/li>\n<li>Cotton<\/li>\n<\/ul>\n<p><strong><em>Time of Production\u00a0<\/em><\/strong><\/p>\n<p style=\"font-weight: 400;\">Products are made to order due to our sustainability purpose.<\/p>\n<p>In case your order is for a gift, let us know that super special message you want us to convey for you. We will be happy to transcribe it on a very special card.<\/p>\n<p>The production time of the scarf is 30 days. We keep a small production margin. In case the product is already in stock, this time would not be necessary but it is subject to notification.<\/p>\n<p style=\"font-weight: 400;\">In case the product is not in stock but the urgency is because you forgot a special occasion, and the gift is for the love of your life, message us, We will let you know if We manage to run to have the product on time, since we understand how difficult it is to find love \u2763\ufe0f.\u2763\ufe0f<\/p>\n<p>&nbsp;<\/p>\n<h3>\u00bfFAQ?<\/h3>\n<p>&nbsp;<\/p>\n<p><strong>* \u00bfWhen and how to use this product?<\/strong><\/p>\n<ul>\n<li>Our design garments are brushstrokes of light and color with a touch of fantasy. Each stroke is a window to inspiration, reminding you of special moments or transporting you to magical destinations waiting to be explored. With their distinctive style, these designs not only highlight your beauty, but also awaken a sense of aspiration, urging you to pursue new horizons and extraordinary experiences, taking care of yourself...\u2728<\/li>\n<\/ul>\n<p>&nbsp;<\/p>","protected":false},"excerpt":{"rendered":"<p>Pa\u00f1uelo Estampado con Flores de un Jard\u00edn Encantado<\/p>","protected":false},"featured_media":5028,"template":"","meta":{"_uag_custom_page_level_css":"","site-sidebar-layout":"default","site-content-layout":"","ast-site-content-layout":"default","site-content-style":"default","site-sidebar-style":"default","ast-global-header-display":"","ast-banner-title-visibility":"","ast-main-header-display":"","ast-hfb-above-header-display":"","ast-hfb-below-header-display":"","ast-hfb-mobile-header-display":"","site-post-title":"","ast-breadcrumbs-content":"","ast-featured-img":"","footer-sml-layout":"","ast-disable-related-posts":"","theme-transparent-header-meta":"default","adv-header-id-meta":"","stick-header-meta":"","header-above-stick-meta":"","header-main-stick-meta":"","header-below-stick-meta":"","astra-migrate-meta-layouts":"set","ast-page-background-enabled":"default","ast-page-background-meta":{"desktop":{"background-color":"","background-image":"","background-repeat":"repeat","background-position":"center center","background-size":"auto","background-attachment":"scroll","background-type":"","background-media":"","overlay-type":"","overlay-color":"","overlay-opacity":"","overlay-gradient":""},"tablet":{"background-color":"","background-image":"","background-repeat":"repeat","background-position":"center center","background-size":"auto","background-attachment":"scroll","background-type":"","background-media":"","overlay-type":"","overlay-color":"","overlay-opacity":"","overlay-gradient":""},"mobile":{"background-color":"","background-image":"","background-repeat":"repeat","background-position":"center center","background-size":"auto","background-attachment":"scroll","background-type":"","background-media":"","overlay-type":"","overlay-color":"","overlay-opacity":"","overlay-gradient":""}},"ast-content-background-meta":{"desktop":{"background-color":"var(--ast-global-color-5)","background-image":"","background-repeat":"repeat","background-position":"center center","background-size":"auto","background-attachment":"scroll","background-type":"","background-media":"","overlay-type":"","overlay-color":"","overlay-opacity":"","overlay-gradient":""},"tablet":{"background-color":"var(--ast-global-color-5)","background-image":"","background-repeat":"repeat","background-position":"center center","background-size":"auto","background-attachment":"scroll","background-type":"","background-media":"","overlay-type":"","overlay-color":"","overlay-opacity":"","overlay-gradient":""},"mobile":{"background-color":"var(--ast-global-color-5)","background-image":"","background-repeat":"repeat","background-position":"center center","background-size":"auto","background-attachment":"scroll","background-type":"","background-media":"","overlay-type":"","overlay-color":"","overlay-opacity":"","overlay-gradient":""}},"jetpack_post_was_ever_published":false},"product_brand":[],"product_cat":[60,41,46,47,116],"product_tag":[51,50,129,128],"class_list":{"0":"post-5021","1":"product","2":"type-product","3":"status-publish","4":"has-post-thumbnail","6":"product_cat-accesorios","7":"product_cat-estampados","8":"product_cat-fauna-colombiana","9":"product_cat-flora-colombiana","10":"product_cat-textiles","11":"product_tag-art","12":"product_tag-arte","13":"product_tag-arte-textil","14":"product_tag-textile-art","15":"desktop-align-center","16":"tablet-align-left","17":"mobile-align-left","19":"first","20":"instock","21":"shipping-taxable","22":"purchasable","23":"product-type-variable"},"aioseo_notices":[],"uagb_featured_image_src":{"full":["https:\/\/andinabyangelica.com\/wp-content\/uploads\/2024\/09\/2024_0828_141435002.jpeg",1152,2048,false],"thumbnail":["https:\/\/andinabyangelica.com\/wp-content\/uploads\/2024\/09\/2024_0828_141435002-150x150.jpeg",150,150,true],"medium":["https:\/\/andinabyangelica.com\/wp-content\/uploads\/2024\/09\/2024_0828_141435002-169x300.jpeg",169,300,true],"medium_large":["https:\/\/andinabyangelica.com\/wp-content\/uploads\/2024\/09\/2024_0828_141435002-768x1365.jpeg",768,1365,true],"large":["https:\/\/andinabyangelica.com\/wp-content\/uploads\/2024\/09\/2024_0828_141435002-576x1024.jpeg",576,1024,true],"1536x1536":["https:\/\/andinabyangelica.com\/wp-content\/uploads\/2024\/09\/2024_0828_141435002-864x1536.jpeg",864,1536,true],"2048x2048":["https:\/\/andinabyangelica.com\/wp-content\/uploads\/2024\/09\/2024_0828_141435002.jpeg",1152,2048,false],"trp-custom-language-flag":["https:\/\/andinabyangelica.com\/wp-content\/uploads\/2024\/09\/2024_0828_141435002-7x12.jpeg",7,12,true],"mailpoet_newsletter_max":["https:\/\/andinabyangelica.com\/wp-content\/uploads\/2024\/09\/2024_0828_141435002.jpeg",1152,2048,false],"woocommerce_thumbnail":["https:\/\/andinabyangelica.com\/wp-content\/uploads\/2024\/09\/2024_0828_141435002-300x300.jpeg",300,300,true],"woocommerce_single":["https:\/\/andinabyangelica.com\/wp-content\/uploads\/2024\/09\/2024_0828_141435002-600x1067.jpeg",600,1067,true],"woocommerce_gallery_thumbnail":["https:\/\/andinabyangelica.com\/wp-content\/uploads\/2024\/09\/2024_0828_141435002-100x100.jpeg",100,100,true]},"uagb_author_info":{"display_name":"andinabyangelica.com","author_link":"https:\/\/andinabyangelica.com\/en\/author\/"},"uagb_comment_info":0,"uagb_excerpt":"Pa\u00f1uelo Estampado con Flores de un Jard\u00edn Encantado","jetpack-related-posts":[{"id":5007,"url":"https:\/\/andinabyangelica.com\/en\/productos\/panuelo-flor-del-cafetal\/","url_meta":{"origin":5021,"position":0},"title":"Scarf Flor del Cafetal","author":"andinabyangelica.com","date":"31 August 2024","format":false,"excerpt":"Printed scarf with Cafetal flower","rel":"","context":"Similar post","block_context":{"text":"Similar post","link":""},"img":{"alt_text":"Modelo con pa\u00f1oleta estampada con la flor del caf\u00e9","src":"https:\/\/i0.wp.com\/andinabyangelica.com\/wp-content\/uploads\/2024\/08\/2024_0228_12512700-1-rotated-e1725184260583.jpeg?resize=350%2C200&ssl=1","width":350,"height":200,"srcset":"https:\/\/i0.wp.com\/andinabyangelica.com\/wp-content\/uploads\/2024\/08\/2024_0228_12512700-1-rotated-e1725184260583.jpeg?resize=350%2C200&ssl=1 1x, https:\/\/i0.wp.com\/andinabyangelica.com\/wp-content\/uploads\/2024\/08\/2024_0228_12512700-1-rotated-e1725184260583.jpeg?resize=525%2C300&ssl=1 1.5x, https:\/\/i0.wp.com\/andinabyangelica.com\/wp-content\/uploads\/2024\/08\/2024_0228_12512700-1-rotated-e1725184260583.jpeg?resize=700%2C400&ssl=1 2x"},"classes":[]},{"id":5285,"url":"https:\/\/andinabyangelica.com\/en\/productos\/panuelo-nambi-quechua-semilla-de-vida\/","url_meta":{"origin":5021,"position":1},"title":"Scarf \u00d1ambi (Quechua - Seed of Life)","author":"andinabyangelica.com","date":"4 December 2024","format":false,"excerpt":"Scarf printed with cobs inspired by Ancestors","rel":"","context":"Similar post","block_context":{"text":"Similar post","link":""},"img":{"alt_text":"Pa\u00f1uelo \u00d1ambi de Andina by Ang\u00e9lica con estampado de mazorca inspirado en la cultura Quechua.","src":"https:\/\/i0.wp.com\/andinabyangelica.com\/wp-content\/uploads\/2024\/12\/2024_1129_14304200.jpg?resize=350%2C200&ssl=1","width":350,"height":200,"srcset":"https:\/\/i0.wp.com\/andinabyangelica.com\/wp-content\/uploads\/2024\/12\/2024_1129_14304200.jpg?resize=350%2C200&ssl=1 1x, https:\/\/i0.wp.com\/andinabyangelica.com\/wp-content\/uploads\/2024\/12\/2024_1129_14304200.jpg?resize=525%2C300&ssl=1 1.5x, https:\/\/i0.wp.com\/andinabyangelica.com\/wp-content\/uploads\/2024\/12\/2024_1129_14304200.jpg?resize=700%2C400&ssl=1 2x, https:\/\/i0.wp.com\/andinabyangelica.com\/wp-content\/uploads\/2024\/12\/2024_1129_14304200.jpg?resize=1050%2C600&ssl=1 3x"},"classes":[]},{"id":5296,"url":"https:\/\/andinabyangelica.com\/en\/productos\/panuelo-anu-mutshi-wayuu-colores-de-vida\/","url_meta":{"origin":5021,"position":2},"title":"Scarf An\u00fc M\u00fctshi (Way\u00fau - Colours of Life)","author":"andinabyangelica.com","date":"4 December 2024","format":false,"excerpt":"Scarf printed with figures of Ancestors","rel":"","context":"Similar post","block_context":{"text":"Similar post","link":""},"img":{"alt_text":"Pa\u00f1uelo An\u00fc M\u00fctshi de Andina by Ang\u00e9lica con estampado de autor inspirado en la cultura Way\u00fau.","src":"https:\/\/i0.wp.com\/andinabyangelica.com\/wp-content\/uploads\/2024\/12\/2024_1201_15461100.jpg?resize=350%2C200&ssl=1","width":350,"height":200,"srcset":"https:\/\/i0.wp.com\/andinabyangelica.com\/wp-content\/uploads\/2024\/12\/2024_1201_15461100.jpg?resize=350%2C200&ssl=1 1x, https:\/\/i0.wp.com\/andinabyangelica.com\/wp-content\/uploads\/2024\/12\/2024_1201_15461100.jpg?resize=525%2C300&ssl=1 1.5x, https:\/\/i0.wp.com\/andinabyangelica.com\/wp-content\/uploads\/2024\/12\/2024_1201_15461100.jpg?resize=700%2C400&ssl=1 2x, https:\/\/i0.wp.com\/andinabyangelica.com\/wp-content\/uploads\/2024\/12\/2024_1201_15461100.jpg?resize=1050%2C600&ssl=1 3x"},"classes":[]},{"id":5274,"url":"https:\/\/andinabyangelica.com\/en\/productos\/panuelo-kui-wain-arhuaco-cielo-alegre-copia\/","url_meta":{"origin":5021,"position":3},"title":"Se\u00edn Scarf (Ember\u00e1 - Sun)","author":"andinabyangelica.com","date":"4 December 2024","format":false,"excerpt":"Scarf printed with figures of Ancestors","rel":"","context":"Similar post","block_context":{"text":"Similar post","link":""},"img":{"alt_text":"Pa\u00f1uelo Se\u00edn de Andina by Ang\u00e9lica con estampado de autor inspirado en el Sol y la lengua Ember\u00e1.","src":"https:\/\/i0.wp.com\/andinabyangelica.com\/wp-content\/uploads\/2024\/12\/2024_1201_15395400-e1733314782179.jpg?resize=350%2C200&ssl=1","width":350,"height":200,"srcset":"https:\/\/i0.wp.com\/andinabyangelica.com\/wp-content\/uploads\/2024\/12\/2024_1201_15395400-e1733314782179.jpg?resize=350%2C200&ssl=1 1x, https:\/\/i0.wp.com\/andinabyangelica.com\/wp-content\/uploads\/2024\/12\/2024_1201_15395400-e1733314782179.jpg?resize=525%2C300&ssl=1 1.5x, https:\/\/i0.wp.com\/andinabyangelica.com\/wp-content\/uploads\/2024\/12\/2024_1201_15395400-e1733314782179.jpg?resize=700%2C400&ssl=1 2x, https:\/\/i0.wp.com\/andinabyangelica.com\/wp-content\/uploads\/2024\/12\/2024_1201_15395400-e1733314782179.jpg?resize=1050%2C600&ssl=1 3x"},"classes":[]},{"id":5265,"url":"https:\/\/andinabyangelica.com\/en\/productos\/panuelo-kui-wain-arhuaco-cielo-alegre\/","url_meta":{"origin":5021,"position":4},"title":"K\u00fci Wain (Arhuaco Language - Sky Light Scarf)","author":"andinabyangelica.com","date":"4 December 2024","format":false,"excerpt":"Scarf printed with figures of Ancestors","rel":"","context":"Similar post","block_context":{"text":"Similar post","link":""},"img":{"alt_text":"Accesorio de lujo con dise\u00f1o ancestral y moderno: Pa\u00f1uelo K\u00fci Wain por Andina by Ang\u00e9lica.","src":"https:\/\/i0.wp.com\/andinabyangelica.com\/wp-content\/uploads\/2024\/12\/2024_1129_14120300.jpg?resize=350%2C200&ssl=1","width":350,"height":200,"srcset":"https:\/\/i0.wp.com\/andinabyangelica.com\/wp-content\/uploads\/2024\/12\/2024_1129_14120300.jpg?resize=350%2C200&ssl=1 1x, https:\/\/i0.wp.com\/andinabyangelica.com\/wp-content\/uploads\/2024\/12\/2024_1129_14120300.jpg?resize=525%2C300&ssl=1 1.5x, https:\/\/i0.wp.com\/andinabyangelica.com\/wp-content\/uploads\/2024\/12\/2024_1129_14120300.jpg?resize=700%2C400&ssl=1 2x, https:\/\/i0.wp.com\/andinabyangelica.com\/wp-content\/uploads\/2024\/12\/2024_1129_14120300.jpg?resize=1050%2C600&ssl=1 3x"},"classes":[]},{"id":4991,"url":"https:\/\/andinabyangelica.com\/en\/productos\/panuelo-colibri\/","url_meta":{"origin":5021,"position":5},"title":"Hummingbird Scarf","author":"andinabyangelica.com","date":"31 August 2024","format":false,"excerpt":"Pa\u00f1uelo estampado de flores y colibr\u00edes","rel":"","context":"Similar post","block_context":{"text":"Similar post","link":""},"img":{"alt_text":"Modelo usando pa\u00f1oleta con flores y colibr\u00edes de colores, mezcla de arte y frescura natural.","src":"https:\/\/i0.wp.com\/andinabyangelica.com\/wp-content\/uploads\/2024\/08\/2024_0228_12574800-1-rotated.jpeg?resize=350%2C200&ssl=1","width":350,"height":200,"srcset":"https:\/\/i0.wp.com\/andinabyangelica.com\/wp-content\/uploads\/2024\/08\/2024_0228_12574800-1-rotated.jpeg?resize=350%2C200&ssl=1 1x, https:\/\/i0.wp.com\/andinabyangelica.com\/wp-content\/uploads\/2024\/08\/2024_0228_12574800-1-rotated.jpeg?resize=525%2C300&ssl=1 1.5x, https:\/\/i0.wp.com\/andinabyangelica.com\/wp-content\/uploads\/2024\/08\/2024_0228_12574800-1-rotated.jpeg?resize=700%2C400&ssl=1 2x, https:\/\/i0.wp.com\/andinabyangelica.com\/wp-content\/uploads\/2024\/08\/2024_0228_12574800-1-rotated.jpeg?resize=1050%2C600&ssl=1 3x"},"classes":[]}],"jetpack_likes_enabled":true,"jetpack_sharing_enabled":true,"_links":{"self":[{"href":"https:\/\/andinabyangelica.com\/en\/wp-json\/wp\/v2\/product\/5021","targetHints":{"allow":["GET"]}}],"collection":[{"href":"https:\/\/andinabyangelica.com\/en\/wp-json\/wp\/v2\/product"}],"about":[{"href":"https:\/\/andinabyangelica.com\/en\/wp-json\/wp\/v2\/types\/product"}],"wp:featuredmedia":[{"embeddable":true,"href":"https:\/\/andinabyangelica.com\/en\/wp-json\/wp\/v2\/media\/5028"}],"wp:attachment":[{"href":"https:\/\/andinabyangelica.com\/en\/wp-json\/wp\/v2\/media?parent=5021"}],"wp:term":[{"taxonomy":"product_brand","embeddable":true,"href":"https:\/\/andinabyangelica.com\/en\/wp-json\/wp\/v2\/product_brand?post=5021"},{"taxonomy":"product_cat","embeddable":true,"href":"https:\/\/andinabyangelica.com\/en\/wp-json\/wp\/v2\/product_cat?post=5021"},{"taxonomy":"product_tag","embeddable":true,"href":"https:\/\/andinabyangelica.com\/en\/wp-json\/wp\/v2\/product_tag?post=5021"}],"curies":[{"name":"wp","href":"https:\/\/api.w.org\/{rel}","templated":true}]}}