{"id":5196,"date":"2024-10-14T17:52:59","date_gmt":"2024-10-14T15:52:59","guid":{"rendered":"https:\/\/andinabyangelica.com\/?post_type=product&#038;p=5196"},"modified":"2024-10-16T13:43:09","modified_gmt":"2024-10-16T11:43:09","slug":"pendientes-flores-verde-azul-turquesa","status":"publish","type":"product","link":"https:\/\/andinabyangelica.com\/en\/productos\/pendientes-flores-verde-azul-turquesa\/","title":{"rendered":"Earrings: Flowers Green Blue Turquoise"},"content":{"rendered":"<p style=\"font-weight: 400;\"><em><strong>Flowers in turquoise blue green tones. <span style=\"-webkit-text-size-adjust: 100%;\">Inspired by the Colombian flora. A biodiverse paradise that houses approximately 50 thousand species of flowers located in Colombia, South America.\ud83e\ude84\u2728\ud83c\udf3a<\/span><\/strong><\/em><\/p>\n<p><em><strong>Earrings made in my art studio patina under the sunlight and fine touches of watercolor. 18 kt gold plated hooks 1.2 mm.<\/strong><\/em><\/p>\n<p><strong>Product description;<\/strong><\/p>\n<ul>\n<li>Handmade earrings patinated in the sunlight and artistic pigments. Material Brass with 18kt gold plated holes of 1.2 mm. Approximate measurements: 4 cm flower height 3 cm wide. 2 cm holes height.<\/li>\n<\/ul>\n<p><strong>Notes*<\/strong> If you want to customize some detail of the earrings let us know and we will be happy to make the corresponding modifications.<\/p>\n<p><strong>Care of the jewels*<\/strong> The jewels are hand painted therefore, the colour and\/or enamel should avoid being wet or scratched abruptly as they could be removed.<\/p>\n<p><strong><em>Time of Production\u00a0<\/em><\/strong><\/p>\n<p style=\"font-weight: 400;\">Products are made to order due to our sustainability purpose.<\/p>\n<p>Our jewels are handcrafted and are unique creations as each brush stroke and cut is hand-crafted, resulting in variations in color, size and shape, ensuring that no two pieces are completely alike.<\/p>\n<p>Please note that there may be minor differences due to the methods described above.<\/p>\n<p>In case your order is for a gift, let us know that super special message you want us to convey for you. We will be happy to transcribe it on a very special card.<\/p>\n<p style=\"font-weight: 400;\">The approximate production time is 15 days. We maintain a small production margin. In case the product is already in stock, this time would not be necessary but is subject to notification.<\/p>\n<p style=\"font-weight: 400;\">In case the product is not in stock but the urgency is because you forgot a special occasion, and the gift is for the love of your life, message us, We will let you know if we manage to run to have the product on time, since we understand how difficult it is to find love \u2763\ufe0f.\u2763\ufe0f<\/p>\n<p style=\"font-weight: 400;\"><strong><em>Express Production<\/em><\/strong><\/p>\n<p style=\"font-weight: 400;\">We know that emergencies of emergencies can arise, because of this, we have an express production option. The production time is 4 days with an additional cost of 22\u20ac.<\/p>\n<p>&nbsp;<\/p>\n<h3>\u00bfFAQ?<\/h3>\n<p>&nbsp;<\/p>\n<p><strong>* \u00bfWhen and how to use this product?<\/strong><\/p>\n<ul>\n<li>Our products are designed to brighten your look as well as your mood. We believe in the little details of life and therefore, that every second in our life is a super special occasion to be radiant! Take them to that special trip, to your friends' wedding or bring them to that romantic dinner. Even when you\u2019re home and you just want to remind yourself how beautiful you are \u2728<\/li>\n<\/ul>\n<p>&nbsp;<\/p>","protected":false},"excerpt":{"rendered":"<p>Handmade earrings, meticulously painted by hand, fusing art and luxury in every detail.<\/p>","protected":false},"featured_media":5197,"template":"","meta":{"_uag_custom_page_level_css":"","site-sidebar-layout":"default","site-content-layout":"","ast-site-content-layout":"default","site-content-style":"default","site-sidebar-style":"default","ast-global-header-display":"","ast-banner-title-visibility":"","ast-main-header-display":"","ast-hfb-above-header-display":"","ast-hfb-below-header-display":"","ast-hfb-mobile-header-display":"","site-post-title":"","ast-breadcrumbs-content":"","ast-featured-img":"","footer-sml-layout":"","ast-disable-related-posts":"","theme-transparent-header-meta":"default","adv-header-id-meta":"","stick-header-meta":"","header-above-stick-meta":"","header-main-stick-meta":"","header-below-stick-meta":"","astra-migrate-meta-layouts":"set","ast-page-background-enabled":"default","ast-page-background-meta":{"desktop":{"background-color":"","background-image":"","background-repeat":"repeat","background-position":"center center","background-size":"auto","background-attachment":"scroll","background-type":"","background-media":"","overlay-type":"","overlay-color":"","overlay-opacity":"","overlay-gradient":""},"tablet":{"background-color":"","background-image":"","background-repeat":"repeat","background-position":"center center","background-size":"auto","background-attachment":"scroll","background-type":"","background-media":"","overlay-type":"","overlay-color":"","overlay-opacity":"","overlay-gradient":""},"mobile":{"background-color":"","background-image":"","background-repeat":"repeat","background-position":"center center","background-size":"auto","background-attachment":"scroll","background-type":"","background-media":"","overlay-type":"","overlay-color":"","overlay-opacity":"","overlay-gradient":""}},"ast-content-background-meta":{"desktop":{"background-color":"var(--ast-global-color-5)","background-image":"","background-repeat":"repeat","background-position":"center center","background-size":"auto","background-attachment":"scroll","background-type":"","background-media":"","overlay-type":"","overlay-color":"","overlay-opacity":"","overlay-gradient":""},"tablet":{"background-color":"var(--ast-global-color-5)","background-image":"","background-repeat":"repeat","background-position":"center center","background-size":"auto","background-attachment":"scroll","background-type":"","background-media":"","overlay-type":"","overlay-color":"","overlay-opacity":"","overlay-gradient":""},"mobile":{"background-color":"var(--ast-global-color-5)","background-image":"","background-repeat":"repeat","background-position":"center center","background-size":"auto","background-attachment":"scroll","background-type":"","background-media":"","overlay-type":"","overlay-color":"","overlay-opacity":"","overlay-gradient":""}},"jetpack_post_was_ever_published":false},"product_brand":[],"product_cat":[60,37,61],"product_tag":[38],"class_list":{"0":"post-5196","1":"product","2":"type-product","3":"status-publish","4":"has-post-thumbnail","6":"product_cat-accesorios","7":"product_cat-flores","8":"product_cat-pendientes","9":"product_tag-flores-laton","10":"desktop-align-center","11":"tablet-align-left","12":"mobile-align-left","14":"first","15":"instock","16":"shipping-taxable","17":"purchasable","18":"product-type-simple"},"aioseo_notices":[],"uagb_featured_image_src":{"full":["https:\/\/andinabyangelica.com\/wp-content\/uploads\/2024\/10\/IMG_7094_1.jpeg",1152,2048,false],"thumbnail":["https:\/\/andinabyangelica.com\/wp-content\/uploads\/2024\/10\/IMG_7094_1-150x150.jpeg",150,150,true],"medium":["https:\/\/andinabyangelica.com\/wp-content\/uploads\/2024\/10\/IMG_7094_1-169x300.jpeg",169,300,true],"medium_large":["https:\/\/andinabyangelica.com\/wp-content\/uploads\/2024\/10\/IMG_7094_1-768x1365.jpeg",768,1365,true],"large":["https:\/\/andinabyangelica.com\/wp-content\/uploads\/2024\/10\/IMG_7094_1-576x1024.jpeg",576,1024,true],"1536x1536":["https:\/\/andinabyangelica.com\/wp-content\/uploads\/2024\/10\/IMG_7094_1-864x1536.jpeg",864,1536,true],"2048x2048":["https:\/\/andinabyangelica.com\/wp-content\/uploads\/2024\/10\/IMG_7094_1.jpeg",1152,2048,false],"trp-custom-language-flag":["https:\/\/andinabyangelica.com\/wp-content\/uploads\/2024\/10\/IMG_7094_1-7x12.jpeg",7,12,true],"mailpoet_newsletter_max":["https:\/\/andinabyangelica.com\/wp-content\/uploads\/2024\/10\/IMG_7094_1.jpeg",1152,2048,false],"woocommerce_thumbnail":["https:\/\/andinabyangelica.com\/wp-content\/uploads\/2024\/10\/IMG_7094_1-300x300.jpeg",300,300,true],"woocommerce_single":["https:\/\/andinabyangelica.com\/wp-content\/uploads\/2024\/10\/IMG_7094_1-600x1067.jpeg",600,1067,true],"woocommerce_gallery_thumbnail":["https:\/\/andinabyangelica.com\/wp-content\/uploads\/2024\/10\/IMG_7094_1-100x100.jpeg",100,100,true]},"uagb_author_info":{"display_name":"andinabyangelica.com","author_link":"https:\/\/andinabyangelica.com\/en\/author\/"},"uagb_comment_info":0,"uagb_excerpt":"Pendientes artesanales, meticulosamente pintados a mano, fusionando arte y lujo en cada detalle.","jetpack-related-posts":[{"id":4668,"url":"https:\/\/andinabyangelica.com\/en\/productos\/pendientes-portal-de-sol\/","url_meta":{"origin":5196,"position":0},"title":"Earrings Sunshine Portal","author":"andinabyangelica.com","date":"14 February 2024","format":false,"excerpt":"Handcrafted earrings, meticulously hand-painted, gold-plated, and designed with the serenity of the eternal.","rel":"","context":"Similar post","block_context":{"text":"Similar post","link":""},"img":{"alt_text":"Pendientes en forma de espiral ba\u00f1ados en oro y pigmentados bajo la luz del sol, inspirados en el s\u00edmbolo del Portal del Sol del pueblo ind\u00edgena Wayuu de Colombia tono verde azul turquesa","src":"https:\/\/i0.wp.com\/andinabyangelica.com\/wp-content\/uploads\/2024\/02\/2024_0213_12283500-1.jpeg?resize=350%2C200&ssl=1","width":350,"height":200,"srcset":"https:\/\/i0.wp.com\/andinabyangelica.com\/wp-content\/uploads\/2024\/02\/2024_0213_12283500-1.jpeg?resize=350%2C200&ssl=1 1x, https:\/\/i0.wp.com\/andinabyangelica.com\/wp-content\/uploads\/2024\/02\/2024_0213_12283500-1.jpeg?resize=525%2C300&ssl=1 1.5x, https:\/\/i0.wp.com\/andinabyangelica.com\/wp-content\/uploads\/2024\/02\/2024_0213_12283500-1.jpeg?resize=700%2C400&ssl=1 2x, https:\/\/i0.wp.com\/andinabyangelica.com\/wp-content\/uploads\/2024\/02\/2024_0213_12283500-1.jpeg?resize=1050%2C600&ssl=1 3x"},"classes":[]},{"id":6941,"url":"https:\/\/andinabyangelica.com\/en\/productos\/pendientes-flores-azul-aguamarina-florencia-celeste\/","url_meta":{"origin":5196,"position":1},"title":"Earring Blue\u2013aquamarine flowers \u201c Celestial Florencia\"","author":"andinabyangelica.com","date":"23 November 2025","format":false,"excerpt":"Handcrafted earrings, meticulously hand-painted, gold-plated, and designed with the serenity of the eternal.","rel":"","context":"Similar post","block_context":{"text":"Similar post","link":""},"img":{"alt_text":"Pendientes de flores hechos a mano en tono azul aguamarina y celeste, pigmentados bajo los rayos del sol con finos trazos art\u00edsticos y detalles de hojas en oro.","src":"https:\/\/i0.wp.com\/andinabyangelica.com\/wp-content\/uploads\/2025\/11\/20251113_155442-scaled.jpeg?resize=350%2C200&ssl=1","width":350,"height":200,"srcset":"https:\/\/i0.wp.com\/andinabyangelica.com\/wp-content\/uploads\/2025\/11\/20251113_155442-scaled.jpeg?resize=350%2C200&ssl=1 1x, https:\/\/i0.wp.com\/andinabyangelica.com\/wp-content\/uploads\/2025\/11\/20251113_155442-scaled.jpeg?resize=525%2C300&ssl=1 1.5x, https:\/\/i0.wp.com\/andinabyangelica.com\/wp-content\/uploads\/2025\/11\/20251113_155442-scaled.jpeg?resize=700%2C400&ssl=1 2x, https:\/\/i0.wp.com\/andinabyangelica.com\/wp-content\/uploads\/2025\/11\/20251113_155442-scaled.jpeg?resize=1050%2C600&ssl=1 3x, https:\/\/i0.wp.com\/andinabyangelica.com\/wp-content\/uploads\/2025\/11\/20251113_155442-scaled.jpeg?resize=1400%2C800&ssl=1 4x"},"classes":[]},{"id":6930,"url":"https:\/\/andinabyangelica.com\/en\/productos\/pendientes-flores-preservadas-florencia-en-reposo\/","url_meta":{"origin":5196,"position":2},"title":"Earrings. Flowers facing downward, like preserved botanical specimens | \u201cFlorencia at Rest\u201d","author":"andinabyangelica.com","date":"23 November 2025","format":false,"excerpt":"Handcrafted earrings, meticulously hand-painted, gold-plated, and designed with the serenity of the eternal.","rel":"","context":"Similar post","block_context":{"text":"Similar post","link":""},"img":{"alt_text":"Pieza de joyer\u00eda artesanal Flores en Reposo, pintada a mano con pigmentos art\u00edsticos y trazos finos, inspirada en la biodiversidad andina y la feminidad empoderada.","src":"https:\/\/i0.wp.com\/andinabyangelica.com\/wp-content\/uploads\/2025\/11\/20251111_154527_1-scaled.jpeg?resize=350%2C200&ssl=1","width":350,"height":200,"srcset":"https:\/\/i0.wp.com\/andinabyangelica.com\/wp-content\/uploads\/2025\/11\/20251111_154527_1-scaled.jpeg?resize=350%2C200&ssl=1 1x, https:\/\/i0.wp.com\/andinabyangelica.com\/wp-content\/uploads\/2025\/11\/20251111_154527_1-scaled.jpeg?resize=525%2C300&ssl=1 1.5x, https:\/\/i0.wp.com\/andinabyangelica.com\/wp-content\/uploads\/2025\/11\/20251111_154527_1-scaled.jpeg?resize=700%2C400&ssl=1 2x, https:\/\/i0.wp.com\/andinabyangelica.com\/wp-content\/uploads\/2025\/11\/20251111_154527_1-scaled.jpeg?resize=1050%2C600&ssl=1 3x, https:\/\/i0.wp.com\/andinabyangelica.com\/wp-content\/uploads\/2025\/11\/20251111_154527_1-scaled.jpeg?resize=1400%2C800&ssl=1 4x"},"classes":[]},{"id":3473,"url":"https:\/\/andinabyangelica.com\/en\/productos\/pendientes-bosque-encantado\/","url_meta":{"origin":5196,"position":3},"title":"Earrings Leaves of the Enchanted Forest","author":"andinabyangelica.com","date":"14 January 2023","format":false,"excerpt":"Handmade earrings, meticulously painted by hand, fusing art and luxury in every detail.","rel":"","context":"Similar post","block_context":{"text":"Similar post","link":""},"img":{"alt_text":"Pendientes elaborados de manera artesanal pintados a mano de hojas con tonos azules inspirados en un Bosque encantado de la flora Colombiana material cobre","src":"https:\/\/i0.wp.com\/andinabyangelica.com\/wp-content\/uploads\/2023\/12\/2023_1210_18245700.jpg?resize=350%2C200&ssl=1","width":350,"height":200,"srcset":"https:\/\/i0.wp.com\/andinabyangelica.com\/wp-content\/uploads\/2023\/12\/2023_1210_18245700.jpg?resize=350%2C200&ssl=1 1x, https:\/\/i0.wp.com\/andinabyangelica.com\/wp-content\/uploads\/2023\/12\/2023_1210_18245700.jpg?resize=525%2C300&ssl=1 1.5x, https:\/\/i0.wp.com\/andinabyangelica.com\/wp-content\/uploads\/2023\/12\/2023_1210_18245700.jpg?resize=700%2C400&ssl=1 2x, https:\/\/i0.wp.com\/andinabyangelica.com\/wp-content\/uploads\/2023\/12\/2023_1210_18245700.jpg?resize=1050%2C600&ssl=1 3x, https:\/\/i0.wp.com\/andinabyangelica.com\/wp-content\/uploads\/2023\/12\/2023_1210_18245700.jpg?resize=1400%2C800&ssl=1 4x"},"classes":[]},{"id":3383,"url":"https:\/\/andinabyangelica.com\/en\/productos\/pendientes-flores-del-mar-copia-2\/","url_meta":{"origin":5196,"position":4},"title":"The Earrings of the Queen","author":"andinabyangelica.com","date":"13 January 2024","format":false,"excerpt":"Handmade earrings, meticulously painted by hand, fusing art and luxury in every detail.","rel":"","context":"Similar post","block_context":{"text":"Similar post","link":""},"img":{"alt_text":"Pendientes de flores artesanales pintados a mano, inspirados en la flora de Pasto, Colombia.","src":"https:\/\/i0.wp.com\/andinabyangelica.com\/wp-content\/uploads\/2023\/12\/IMG_20230913_1757132_1.jpg?resize=350%2C200&ssl=1","width":350,"height":200,"srcset":"https:\/\/i0.wp.com\/andinabyangelica.com\/wp-content\/uploads\/2023\/12\/IMG_20230913_1757132_1.jpg?resize=350%2C200&ssl=1 1x, https:\/\/i0.wp.com\/andinabyangelica.com\/wp-content\/uploads\/2023\/12\/IMG_20230913_1757132_1.jpg?resize=525%2C300&ssl=1 1.5x, https:\/\/i0.wp.com\/andinabyangelica.com\/wp-content\/uploads\/2023\/12\/IMG_20230913_1757132_1.jpg?resize=700%2C400&ssl=1 2x, https:\/\/i0.wp.com\/andinabyangelica.com\/wp-content\/uploads\/2023\/12\/IMG_20230913_1757132_1.jpg?resize=1050%2C600&ssl=1 3x, https:\/\/i0.wp.com\/andinabyangelica.com\/wp-content\/uploads\/2023\/12\/IMG_20230913_1757132_1.jpg?resize=1400%2C800&ssl=1 4x"},"classes":[]},{"id":2889,"url":"https:\/\/andinabyangelica.com\/en\/productos\/pendientes-flores-del-mar\/","url_meta":{"origin":5196,"position":5},"title":"Floral Caribbean Sea Earrings","author":"andinabyangelica.com","date":"13 January 2024","format":false,"excerpt":"Handmade earrings, meticulously painted by hand, fusing art and luxury in every detail.","rel":"","context":"Similar post","block_context":{"text":"Similar post","link":""},"img":{"alt_text":"","src":"https:\/\/i0.wp.com\/andinabyangelica.com\/wp-content\/uploads\/2023\/12\/2023_1218_14130600_1-e1702910969168.jpg?resize=350%2C200&ssl=1","width":350,"height":200,"srcset":"https:\/\/i0.wp.com\/andinabyangelica.com\/wp-content\/uploads\/2023\/12\/2023_1218_14130600_1-e1702910969168.jpg?resize=350%2C200&ssl=1 1x, https:\/\/i0.wp.com\/andinabyangelica.com\/wp-content\/uploads\/2023\/12\/2023_1218_14130600_1-e1702910969168.jpg?resize=525%2C300&ssl=1 1.5x, https:\/\/i0.wp.com\/andinabyangelica.com\/wp-content\/uploads\/2023\/12\/2023_1218_14130600_1-e1702910969168.jpg?resize=700%2C400&ssl=1 2x, https:\/\/i0.wp.com\/andinabyangelica.com\/wp-content\/uploads\/2023\/12\/2023_1218_14130600_1-e1702910969168.jpg?resize=1050%2C600&ssl=1 3x, https:\/\/i0.wp.com\/andinabyangelica.com\/wp-content\/uploads\/2023\/12\/2023_1218_14130600_1-e1702910969168.jpg?resize=1400%2C800&ssl=1 4x"},"classes":[]}],"jetpack_likes_enabled":true,"jetpack_sharing_enabled":true,"_links":{"self":[{"href":"https:\/\/andinabyangelica.com\/en\/wp-json\/wp\/v2\/product\/5196","targetHints":{"allow":["GET"]}}],"collection":[{"href":"https:\/\/andinabyangelica.com\/en\/wp-json\/wp\/v2\/product"}],"about":[{"href":"https:\/\/andinabyangelica.com\/en\/wp-json\/wp\/v2\/types\/product"}],"wp:featuredmedia":[{"embeddable":true,"href":"https:\/\/andinabyangelica.com\/en\/wp-json\/wp\/v2\/media\/5197"}],"wp:attachment":[{"href":"https:\/\/andinabyangelica.com\/en\/wp-json\/wp\/v2\/media?parent=5196"}],"wp:term":[{"taxonomy":"product_brand","embeddable":true,"href":"https:\/\/andinabyangelica.com\/en\/wp-json\/wp\/v2\/product_brand?post=5196"},{"taxonomy":"product_cat","embeddable":true,"href":"https:\/\/andinabyangelica.com\/en\/wp-json\/wp\/v2\/product_cat?post=5196"},{"taxonomy":"product_tag","embeddable":true,"href":"https:\/\/andinabyangelica.com\/en\/wp-json\/wp\/v2\/product_tag?post=5196"}],"curies":[{"name":"wp","href":"https:\/\/api.w.org\/{rel}","templated":true}]}}