{"id":5216,"date":"2024-12-03T19:14:02","date_gmt":"2024-12-03T18:14:02","guid":{"rendered":"https:\/\/andinabyangelica.com\/?post_type=product&#038;p=5216"},"modified":"2025-11-24T15:23:34","modified_gmt":"2025-11-24T14:23:34","slug":"pendientes-pajaros-de-colores","status":"publish","type":"product","link":"https:\/\/andinabyangelica.com\/en\/productos\/pendientes-pajaros-de-colores\/","title":{"rendered":"Earrings Birds of Colours"},"content":{"rendered":"<p><b>Handmade earrings, carefully painted under the natural light of the sun and subtle touches of watercolor. Each piece reflects the connection between past, present and future, while colors dance joyfully as a tribute to our roots and art that transcends time. Inspired by the breeze caressing the leaves and the birds singing, these earrings are designed to celebrate life, accompany special moments and turn them into eternal memories.<br \/>\nBecause in the universe of <i>Happy Couture<\/i>Dressing is an expression of joy and authenticity.<\/b><br \/>\n<em style=\"font-size: 16px; -webkit-text-size-adjust: 100%;\"><strong><br \/>\nEarrings designed recalling the immense green of a paradise of diversity. A place where in the sky you dance with a show of dazzling plumbs and air, is filled with symphonies that elevate the spirit. Close my eyes and I can hear the melodies... \ud83e\udd9c<\/strong><\/em><\/p>\n<p style=\"font-weight: 400;\"><em><strong><span style=\"font-size: 16px; -webkit-text-size-adjust: 100%;\"><b>Thanks to its privileged location in the ecosystem, Colombia won first place at the 2023 Global Big Day, the most important bird watching event in the world<\/b>. Expert and amateur birdwatchers managed to register 1,532 bird species throughout the Colombian territory located in South America.\u00a0<\/span><\/strong><\/em><\/p>\n<p><em><strong>Handmade earrings made in my art studio, hand-painted with  hooks 18 Kt gold covered of 1.2 mm.<\/strong><\/em><\/p>\n<p><strong>Product description;<\/strong><\/p>\n<ul>\n<li>Handmade earrings made in brass <span style=\"font-size: 16px; -webkit-text-size-adjust: 100%;\">carefully painted under the natural light of the sun\u2019s rays with subtle watercolor strokes. Gold-plated details and <\/span>18 Kt gold hooks 1.2 mm.<\/li>\n<li>Measures approximately 8cm long and 2 cm wide.<\/li>\n<\/ul>\n<p>If you want to customize some detail of the earrings let us know and we will be happy to make the corresponding modifications.<\/p>\n<p><strong>Care of the jewels*<\/strong> The jewels are hand painted therefore, the colour and\/or enamel should avoid being wet or scratched abruptly as they could be removed.<\/p>\n<p><strong><em>Time of Production\u00a0<\/em><\/strong><\/p>\n<p style=\"font-weight: 400;\">Products are made to order due to our sustainability purpose.<\/p>\n<p>Our jewelry is crafted by hand, and each piece is truly unique. The natural reaction of the metal under sunlight cannot be controlled, nor can every brushstroke or cut\u2014each is shaped manually. This results in variations in color, size, and form, ensuring that no two pieces are ever exactly alike.<\/p>\n<p><span style=\"font-size: 16px; -webkit-text-size-adjust: 100%;\">Please note that there may be minor differences due to the methods described above.<\/span><\/p>\n<p>In case your order is for a gift, let us know that super special message you want us to convey for you. We will be happy to transcribe it on a very special card.<\/p>\n<p style=\"font-weight: 400;\">The approximate production time is 15 days. We maintain a small production margin. In case the product is already in stock, this time would not be necessary but is subject to notification.<\/p>\n<p style=\"font-weight: 400;\">In case the product is not in stock but the urgency is because you forgot a special occasion, and the gift is for the love of your life, write us, we will tell you if we can run to get the product on time, because we understand how difficult it is to find love. \u2763\ufe0f.\u2763\ufe0f<\/p>\n<p style=\"font-weight: 400;\"><strong><em>Express Production<\/em><\/strong><\/p>\n<p style=\"font-weight: 400;\">We know that emergencies of emergencies can arise, because of this, we have an express production option. The production time is 4 days with an additional cost of 22\u20ac.<\/p>\n<p>&nbsp;<\/p>\n<h3>\u00bfFAQ?<\/h3>\n<p>&nbsp;<\/p>\n<p><strong>* \u00bfWhen and how to use this product?<\/strong><\/p>\n<ul>\n<li>Our products are designed to brighten your look as well as your mood. We believe in the little details of life and therefore, that every second in our life is a super special occasion to be radiant! Take them to that special trip, to your friends' wedding or bring them to that romantic dinner. Even when you\u2019re home and you just want to remind yourself how beautiful you are \u2728<\/li>\n<\/ul>\n<p>&nbsp;<\/p>","protected":false},"excerpt":{"rendered":"<p>Handcrafted earrings, meticulously hand-painted, gold-plated, and designed with the serenity of the eternal.<\/p>","protected":false},"featured_media":5226,"template":"","meta":{"_uag_custom_page_level_css":"","site-sidebar-layout":"default","site-content-layout":"","ast-site-content-layout":"default","site-content-style":"default","site-sidebar-style":"default","ast-global-header-display":"","ast-banner-title-visibility":"","ast-main-header-display":"","ast-hfb-above-header-display":"","ast-hfb-below-header-display":"","ast-hfb-mobile-header-display":"","site-post-title":"","ast-breadcrumbs-content":"","ast-featured-img":"","footer-sml-layout":"","ast-disable-related-posts":"","theme-transparent-header-meta":"default","adv-header-id-meta":"","stick-header-meta":"","header-above-stick-meta":"","header-main-stick-meta":"","header-below-stick-meta":"","astra-migrate-meta-layouts":"set","ast-page-background-enabled":"default","ast-page-background-meta":{"desktop":{"background-color":"","background-image":"","background-repeat":"repeat","background-position":"center center","background-size":"auto","background-attachment":"scroll","background-type":"","background-media":"","overlay-type":"","overlay-color":"","overlay-opacity":"","overlay-gradient":""},"tablet":{"background-color":"","background-image":"","background-repeat":"repeat","background-position":"center center","background-size":"auto","background-attachment":"scroll","background-type":"","background-media":"","overlay-type":"","overlay-color":"","overlay-opacity":"","overlay-gradient":""},"mobile":{"background-color":"","background-image":"","background-repeat":"repeat","background-position":"center center","background-size":"auto","background-attachment":"scroll","background-type":"","background-media":"","overlay-type":"","overlay-color":"","overlay-opacity":"","overlay-gradient":""}},"ast-content-background-meta":{"desktop":{"background-color":"var(--ast-global-color-5)","background-image":"","background-repeat":"repeat","background-position":"center center","background-size":"auto","background-attachment":"scroll","background-type":"","background-media":"","overlay-type":"","overlay-color":"","overlay-opacity":"","overlay-gradient":""},"tablet":{"background-color":"var(--ast-global-color-5)","background-image":"","background-repeat":"repeat","background-position":"center center","background-size":"auto","background-attachment":"scroll","background-type":"","background-media":"","overlay-type":"","overlay-color":"","overlay-opacity":"","overlay-gradient":""},"mobile":{"background-color":"var(--ast-global-color-5)","background-image":"","background-repeat":"repeat","background-position":"center center","background-size":"auto","background-attachment":"scroll","background-type":"","background-media":"","overlay-type":"","overlay-color":"","overlay-opacity":"","overlay-gradient":""}},"jetpack_post_was_ever_published":false},"product_brand":[],"product_cat":[60,15,123,40,61],"product_tag":[139,137,138],"class_list":{"0":"post-5216","1":"product","2":"type-product","3":"status-publish","4":"has-post-thumbnail","6":"product_cat-accesorios","7":"product_cat-art","8":"product_cat-art-to-wear","9":"product_cat-aves","10":"product_cat-pendientes","11":"product_tag-birds","12":"product_tag-pajaritos","13":"product_tag-pajaros","14":"desktop-align-center","15":"tablet-align-left","16":"mobile-align-left","18":"first","19":"instock","20":"shipping-taxable","21":"purchasable","22":"product-type-simple"},"aioseo_notices":[],"uagb_featured_image_src":{"full":["https:\/\/andinabyangelica.com\/wp-content\/uploads\/2024\/12\/2024_1201_14142400-e1733251344687.jpg",1082,1650,false],"thumbnail":["https:\/\/andinabyangelica.com\/wp-content\/uploads\/2024\/12\/2024_1201_14142400-e1733251344687-150x150.jpg",150,150,true],"medium":["https:\/\/andinabyangelica.com\/wp-content\/uploads\/2024\/12\/2024_1201_14142400-e1733251344687-197x300.jpg",197,300,true],"medium_large":["https:\/\/andinabyangelica.com\/wp-content\/uploads\/2024\/12\/2024_1201_14142400-e1733251344687-768x1171.jpg",768,1171,true],"large":["https:\/\/andinabyangelica.com\/wp-content\/uploads\/2024\/12\/2024_1201_14142400-e1733251344687-671x1024.jpg",671,1024,true],"1536x1536":["https:\/\/andinabyangelica.com\/wp-content\/uploads\/2024\/12\/2024_1201_14142400-e1733251344687-1007x1536.jpg",1007,1536,true],"2048x2048":["https:\/\/andinabyangelica.com\/wp-content\/uploads\/2024\/12\/2024_1201_14142400-e1733251344687.jpg",1082,1650,false],"trp-custom-language-flag":["https:\/\/andinabyangelica.com\/wp-content\/uploads\/2024\/12\/2024_1201_14142400-e1733251344687-8x12.jpg",8,12,true],"mailpoet_newsletter_max":["https:\/\/andinabyangelica.com\/wp-content\/uploads\/2024\/12\/2024_1201_14142400-e1733251344687.jpg",1082,1650,false],"woocommerce_thumbnail":["https:\/\/andinabyangelica.com\/wp-content\/uploads\/2024\/12\/2024_1201_14142400-e1733251344687-300x300.jpg",300,300,true],"woocommerce_single":["https:\/\/andinabyangelica.com\/wp-content\/uploads\/2024\/12\/2024_1201_14142400-e1733251344687-600x915.jpg",600,915,true],"woocommerce_gallery_thumbnail":["https:\/\/andinabyangelica.com\/wp-content\/uploads\/2024\/12\/2024_1201_14142400-e1733251344687-100x100.jpg",100,100,true]},"uagb_author_info":{"display_name":"andinabyangelica.com","author_link":"https:\/\/andinabyangelica.com\/en\/author\/"},"uagb_comment_info":0,"uagb_excerpt":"Pendientes artesanales, meticulosamente pintados a mano, ba\u00f1ados en oro y dise\u00f1ados con la calma de lo eterno.","jetpack-related-posts":[{"id":5246,"url":"https:\/\/andinabyangelica.com\/en\/productos\/pendientes-pajaros-de-colores-verde-azul-turquesa\/","url_meta":{"origin":5216,"position":0},"title":"Earrings Birds of Colours Green and Blue Turquoise","author":"andinabyangelica.com","date":"3 December 2024","format":false,"excerpt":"Handcrafted earrings, meticulously hand-painted, gold-plated, and designed with the serenity of the eternal.","rel":"","context":"Similar post","block_context":{"text":"Similar post","link":""},"img":{"alt_text":"Pendientes en forma de p\u00e1jaros, elaborados de manera artesanal pintados bajo los rayos del sol y con sutiles trazos de acuarelas. Terminaciones chapadas en oro de 18 kt.","src":"https:\/\/i0.wp.com\/andinabyangelica.com\/wp-content\/uploads\/2024\/12\/2024_1201_14220400-1.jpg?resize=350%2C200&ssl=1","width":350,"height":200,"srcset":"https:\/\/i0.wp.com\/andinabyangelica.com\/wp-content\/uploads\/2024\/12\/2024_1201_14220400-1.jpg?resize=350%2C200&ssl=1 1x, https:\/\/i0.wp.com\/andinabyangelica.com\/wp-content\/uploads\/2024\/12\/2024_1201_14220400-1.jpg?resize=525%2C300&ssl=1 1.5x, https:\/\/i0.wp.com\/andinabyangelica.com\/wp-content\/uploads\/2024\/12\/2024_1201_14220400-1.jpg?resize=700%2C400&ssl=1 2x, https:\/\/i0.wp.com\/andinabyangelica.com\/wp-content\/uploads\/2024\/12\/2024_1201_14220400-1.jpg?resize=1050%2C600&ssl=1 3x"},"classes":[]},{"id":3378,"url":"https:\/\/andinabyangelica.com\/en\/productos\/pendientes-pajaros-de-colores-copia\/","url_meta":{"origin":5216,"position":1},"title":"Earrings Birds Pearl Colours","author":"andinabyangelica.com","date":"13 January 2024","format":false,"excerpt":"Handmade earrings, meticulously painted by hand, fusing art and luxury in every detail.","rel":"","context":"Similar post","block_context":{"text":"Similar post","link":""},"img":{"alt_text":"Pendientes de p\u00e1jaros elaborados de forma artesanal en lat\u00f3n pintados a mano con terminaciones de oro de 18 Kt inspirados en la fauna Colombiana","src":"https:\/\/i0.wp.com\/andinabyangelica.com\/wp-content\/uploads\/2024\/01\/2024_0513_152901003.jpg?resize=350%2C200&ssl=1","width":350,"height":200,"srcset":"https:\/\/i0.wp.com\/andinabyangelica.com\/wp-content\/uploads\/2024\/01\/2024_0513_152901003.jpg?resize=350%2C200&ssl=1 1x, https:\/\/i0.wp.com\/andinabyangelica.com\/wp-content\/uploads\/2024\/01\/2024_0513_152901003.jpg?resize=525%2C300&ssl=1 1.5x, https:\/\/i0.wp.com\/andinabyangelica.com\/wp-content\/uploads\/2024\/01\/2024_0513_152901003.jpg?resize=700%2C400&ssl=1 2x"},"classes":[]},{"id":7136,"url":"https:\/\/andinabyangelica.com\/en\/productos\/pendientes-pajaros-con-gesto-de-maya\/","url_meta":{"origin":5216,"position":2},"title":"Birds in \u201cMaya\u2019s Gesture Earrings\u201d","author":"andinabyangelica.com","date":"16 December 2025","format":false,"excerpt":"Handcrafted earrings, meticulously hand-painted, gold-plated, and designed with the serenity of the eternal.","rel":"","context":"Similar post","block_context":{"text":"Similar post","link":""},"img":{"alt_text":"Pendientes de aves hechas a mano con texturas de pigmentos art\u00edsticos y lanas de colores, pigmentadas bajo la luz del sol, inspiradas en el personaje Maya.","src":"https:\/\/i0.wp.com\/andinabyangelica.com\/wp-content\/uploads\/2025\/12\/2025_1113_16243800.jpeg?resize=350%2C200&ssl=1","width":350,"height":200,"srcset":"https:\/\/i0.wp.com\/andinabyangelica.com\/wp-content\/uploads\/2025\/12\/2025_1113_16243800.jpeg?resize=350%2C200&ssl=1 1x, https:\/\/i0.wp.com\/andinabyangelica.com\/wp-content\/uploads\/2025\/12\/2025_1113_16243800.jpeg?resize=525%2C300&ssl=1 1.5x, https:\/\/i0.wp.com\/andinabyangelica.com\/wp-content\/uploads\/2025\/12\/2025_1113_16243800.jpeg?resize=700%2C400&ssl=1 2x, https:\/\/i0.wp.com\/andinabyangelica.com\/wp-content\/uploads\/2025\/12\/2025_1113_16243800.jpeg?resize=1050%2C600&ssl=1 3x"},"classes":[]},{"id":7120,"url":"https:\/\/andinabyangelica.com\/en\/productos\/pendientes-aves-con-lana-multicolor-de-maya\/","url_meta":{"origin":5216,"position":3},"title":"Earrings \u201dBirds with Maya\u2019s Multicolor Wool\"","author":"andinabyangelica.com","date":"16 December 2025","format":false,"excerpt":"Handcrafted earrings, meticulously hand-painted, gold-plated, and designed with the serenity of the eternal.","rel":"","context":"Similar post","block_context":{"text":"Similar post","link":""},"img":{"alt_text":"Pendientes de p\u00e1jaros ba\u00f1ados en oro con lanas multicolores, hechos a mano y pigmentados bajo la luz del sol, inspirados en el personaje Maya.","src":"https:\/\/i0.wp.com\/andinabyangelica.com\/wp-content\/uploads\/2025\/12\/2025_1109_15224200.jpeg?resize=350%2C200&ssl=1","width":350,"height":200,"srcset":"https:\/\/i0.wp.com\/andinabyangelica.com\/wp-content\/uploads\/2025\/12\/2025_1109_15224200.jpeg?resize=350%2C200&ssl=1 1x, https:\/\/i0.wp.com\/andinabyangelica.com\/wp-content\/uploads\/2025\/12\/2025_1109_15224200.jpeg?resize=525%2C300&ssl=1 1.5x, https:\/\/i0.wp.com\/andinabyangelica.com\/wp-content\/uploads\/2025\/12\/2025_1109_15224200.jpeg?resize=700%2C400&ssl=1 2x, https:\/\/i0.wp.com\/andinabyangelica.com\/wp-content\/uploads\/2025\/12\/2025_1109_15224200.jpeg?resize=1050%2C600&ssl=1 3x"},"classes":[]},{"id":3326,"url":"https:\/\/andinabyangelica.com\/en\/productos\/pendientes-flores-del-mar-copia\/","url_meta":{"origin":5216,"position":4},"title":"Earrings Birds of Colours","author":"andinabyangelica.com","date":"14 January 2024","format":false,"excerpt":"Handmade earrings, meticulously painted by hand, fusing art and luxury in every detail.","rel":"","context":"Similar post","block_context":{"text":"Similar post","link":""},"img":{"alt_text":"Pendientes de p\u00e1jaros elaborados en Lat\u00f3n pintados a mano inspirados en la biodiversidad de Colombia, Sur Am\u00e9rica","src":"https:\/\/i0.wp.com\/andinabyangelica.com\/wp-content\/uploads\/2024\/01\/2024_0512_150902002.jpg?resize=350%2C200&ssl=1","width":350,"height":200,"srcset":"https:\/\/i0.wp.com\/andinabyangelica.com\/wp-content\/uploads\/2024\/01\/2024_0512_150902002.jpg?resize=350%2C200&ssl=1 1x, https:\/\/i0.wp.com\/andinabyangelica.com\/wp-content\/uploads\/2024\/01\/2024_0512_150902002.jpg?resize=525%2C300&ssl=1 1.5x, https:\/\/i0.wp.com\/andinabyangelica.com\/wp-content\/uploads\/2024\/01\/2024_0512_150902002.jpg?resize=700%2C400&ssl=1 2x, https:\/\/i0.wp.com\/andinabyangelica.com\/wp-content\/uploads\/2024\/01\/2024_0512_150902002.jpg?resize=1050%2C600&ssl=1 3x, https:\/\/i0.wp.com\/andinabyangelica.com\/wp-content\/uploads\/2024\/01\/2024_0512_150902002.jpg?resize=1400%2C800&ssl=1 4x"},"classes":[]},{"id":5256,"url":"https:\/\/andinabyangelica.com\/en\/productos\/pendientes-blue-copia\/","url_meta":{"origin":5216,"position":5},"title":"Fish Earrings Green","author":"andinabyangelica.com","date":"3 December 2024","format":false,"excerpt":"Handmade earrings, meticulously painted by hand, fusing art and luxury in every detail.","rel":"","context":"Similar post","block_context":{"text":"Similar post","link":""},"img":{"alt_text":"Pendientes Green de pececitos pintados a mano con finos trazos de acuarela por Andina by Ang\u00e9lica.","src":"https:\/\/i0.wp.com\/andinabyangelica.com\/wp-content\/uploads\/2024\/12\/2024_1201_14393900.jpg?resize=350%2C200&ssl=1","width":350,"height":200,"srcset":"https:\/\/i0.wp.com\/andinabyangelica.com\/wp-content\/uploads\/2024\/12\/2024_1201_14393900.jpg?resize=350%2C200&ssl=1 1x, https:\/\/i0.wp.com\/andinabyangelica.com\/wp-content\/uploads\/2024\/12\/2024_1201_14393900.jpg?resize=525%2C300&ssl=1 1.5x, https:\/\/i0.wp.com\/andinabyangelica.com\/wp-content\/uploads\/2024\/12\/2024_1201_14393900.jpg?resize=700%2C400&ssl=1 2x, https:\/\/i0.wp.com\/andinabyangelica.com\/wp-content\/uploads\/2024\/12\/2024_1201_14393900.jpg?resize=1050%2C600&ssl=1 3x"},"classes":[]}],"jetpack_likes_enabled":true,"jetpack_sharing_enabled":true,"_links":{"self":[{"href":"https:\/\/andinabyangelica.com\/en\/wp-json\/wp\/v2\/product\/5216","targetHints":{"allow":["GET"]}}],"collection":[{"href":"https:\/\/andinabyangelica.com\/en\/wp-json\/wp\/v2\/product"}],"about":[{"href":"https:\/\/andinabyangelica.com\/en\/wp-json\/wp\/v2\/types\/product"}],"wp:featuredmedia":[{"embeddable":true,"href":"https:\/\/andinabyangelica.com\/en\/wp-json\/wp\/v2\/media\/5226"}],"wp:attachment":[{"href":"https:\/\/andinabyangelica.com\/en\/wp-json\/wp\/v2\/media?parent=5216"}],"wp:term":[{"taxonomy":"product_brand","embeddable":true,"href":"https:\/\/andinabyangelica.com\/en\/wp-json\/wp\/v2\/product_brand?post=5216"},{"taxonomy":"product_cat","embeddable":true,"href":"https:\/\/andinabyangelica.com\/en\/wp-json\/wp\/v2\/product_cat?post=5216"},{"taxonomy":"product_tag","embeddable":true,"href":"https:\/\/andinabyangelica.com\/en\/wp-json\/wp\/v2\/product_tag?post=5216"}],"curies":[{"name":"wp","href":"https:\/\/api.w.org\/{rel}","templated":true}]}}