{"id":5265,"date":"2024-12-04T10:36:08","date_gmt":"2024-12-04T09:36:08","guid":{"rendered":"https:\/\/andinabyangelica.com\/?post_type=product&#038;p=5265"},"modified":"2026-03-14T13:45:35","modified_gmt":"2026-03-14T12:45:35","slug":"panuelo-kui-wain-arhuaco-cielo-alegre","status":"publish","type":"product","link":"https:\/\/andinabyangelica.com\/en\/productos\/panuelo-kui-wain-arhuaco-cielo-alegre\/","title":{"rendered":"K\u00fci Wain (Arhuaco Language - Sky Light Scarf)"},"content":{"rendered":"<p><b>K\u00fci Wain ( Arhuaco Language - <i>Light Sky)<\/i>It represents the connection with nature and joy that comes from celebrating life under an open sky full of possibilities.<\/b><\/p>\n<p><b>* The names of each bandana have been inspired by words from Colombian indigenous languages. Each with a special meaning related to the values of connection, tradition and celebration.<\/b><\/p>\n<p><b style=\"font-style: inherit; -webkit-text-size-adjust: 100%;\">Prints inspired by the legacy of those who preceded us. A piece that honors the essence of our roots, inviting to express themselves with joy and to carry art in each movement.<\/b><\/p>\n<p><b>Designed to remember that every day is a special moment to celebrate life. Because in cheerful dress, roots always bloom.<\/b><\/p>\n<p><strong>Joy and culture with the vibrant colors of Colombia. A touch of elegance and individuality.<\/strong><\/p>\n<p><em><strong>Paintings made in my art studio as I remember South America with its immense cultural wealth.<\/strong><\/em><\/p>\n<p><strong>I can smell the flowers and the fields as my mind recreates joyful melodies that have been sung for centuries ... <\/strong><\/p>\n<p><strong>I let my brushes dance as I model figures of my ancestors <\/strong><strong style=\"font-size: 16px; -webkit-text-size-adjust: 100%;\">\ud83e\ude84\u2728<\/strong><\/p>\n<p><strong>I can remember the smell of the earth. Yes.. , the earth has an aroma and once you have a chance to smell it, that aroma accompanies you wherever you are and transports you back to that magical place.<\/strong><\/p>\n<p><strong>Approximate measurements of the scarf;<\/strong><\/p>\n<ul>\n<li>14 cm width x length 96 cm<\/li>\n<\/ul>\n<p><strong>Fabric:<\/strong><\/p>\n<ul>\n<li>Recycled Semi Silk<\/li>\n<\/ul>\n<p><strong><em>Time of Production\u00a0<\/em><\/strong><\/p>\n<p style=\"font-weight: 400;\">Products are made to order due to our sustainability purpose.<\/p>\n<p>In case your order is for a gift, let us know that super special message you want us to convey for you. We will be happy to transcribe it on a very special card.<\/p>\n<p>The production time of the scarf is 30 days. We keep a small production margin. In case the product is already in stock, this time would not be necessary but it is subject to notification.<\/p>\n<p style=\"font-weight: 400;\">In case the product is not in inventory but the urgency is because you forgot a special occasion, and the gift is for the love of your life, write us, we will tell you if we can run to get the product on time, as we understand how difficult it is to find love\u2763\ufe0f.\u2763\ufe0f<\/p>\n<p>&nbsp;<\/p>\n<h3>\u00bfFAQ?<\/h3>\n<p>&nbsp;<\/p>\n<p><strong>* \u00bfWhen and how to use this product?<\/strong><\/p>\n<ul>\n<li>Our design garments are brushstrokes of light and color with a touch of fantasy. Each stroke is a window to inspiration, reminding you of special moments or transporting you to magical destinations waiting to be explored. With their distinctive style, these designs not only highlight your beauty, but also awaken a sense of aspiration, urging you to pursue new horizons and extraordinary experiences, taking care of yourself...\u2728<\/li>\n<\/ul>\n<p>&nbsp;<\/p>","protected":false},"excerpt":{"rendered":"<p>Scarf printed with figures of Ancestors<\/p>","protected":false},"featured_media":5272,"template":"","meta":{"_uag_custom_page_level_css":"","site-sidebar-layout":"default","site-content-layout":"","ast-site-content-layout":"default","site-content-style":"default","site-sidebar-style":"default","ast-global-header-display":"","ast-banner-title-visibility":"","ast-main-header-display":"","ast-hfb-above-header-display":"","ast-hfb-below-header-display":"","ast-hfb-mobile-header-display":"","site-post-title":"","ast-breadcrumbs-content":"","ast-featured-img":"","footer-sml-layout":"","ast-disable-related-posts":"","theme-transparent-header-meta":"default","adv-header-id-meta":"","stick-header-meta":"","header-above-stick-meta":"","header-main-stick-meta":"","header-below-stick-meta":"","astra-migrate-meta-layouts":"set","ast-page-background-enabled":"default","ast-page-background-meta":{"desktop":{"background-color":"","background-image":"","background-repeat":"repeat","background-position":"center center","background-size":"auto","background-attachment":"scroll","background-type":"","background-media":"","overlay-type":"","overlay-color":"","overlay-opacity":"","overlay-gradient":""},"tablet":{"background-color":"","background-image":"","background-repeat":"repeat","background-position":"center center","background-size":"auto","background-attachment":"scroll","background-type":"","background-media":"","overlay-type":"","overlay-color":"","overlay-opacity":"","overlay-gradient":""},"mobile":{"background-color":"","background-image":"","background-repeat":"repeat","background-position":"center center","background-size":"auto","background-attachment":"scroll","background-type":"","background-media":"","overlay-type":"","overlay-color":"","overlay-opacity":"","overlay-gradient":""}},"ast-content-background-meta":{"desktop":{"background-color":"var(--ast-global-color-5)","background-image":"","background-repeat":"repeat","background-position":"center center","background-size":"auto","background-attachment":"scroll","background-type":"","background-media":"","overlay-type":"","overlay-color":"","overlay-opacity":"","overlay-gradient":""},"tablet":{"background-color":"var(--ast-global-color-5)","background-image":"","background-repeat":"repeat","background-position":"center center","background-size":"auto","background-attachment":"scroll","background-type":"","background-media":"","overlay-type":"","overlay-color":"","overlay-opacity":"","overlay-gradient":""},"mobile":{"background-color":"var(--ast-global-color-5)","background-image":"","background-repeat":"repeat","background-position":"center center","background-size":"auto","background-attachment":"scroll","background-type":"","background-media":"","overlay-type":"","overlay-color":"","overlay-opacity":"","overlay-gradient":""}},"jetpack_post_was_ever_published":false},"product_brand":[],"product_cat":[60,123,112,41,46,116],"product_tag":[51,50,128],"class_list":{"0":"post-5265","1":"product","2":"type-product","3":"status-publish","4":"has-post-thumbnail","6":"product_cat-accesorios","7":"product_cat-art-to-wear","8":"product_cat-cultural","9":"product_cat-estampados","10":"product_cat-fauna-colombiana","11":"product_cat-textiles","12":"product_tag-art","13":"product_tag-arte","14":"product_tag-textile-art","15":"desktop-align-center","16":"tablet-align-left","17":"mobile-align-left","19":"first","20":"instock","21":"shipping-taxable","22":"purchasable","23":"product-type-simple"},"aioseo_notices":[],"uagb_featured_image_src":{"full":["https:\/\/andinabyangelica.com\/wp-content\/uploads\/2024\/12\/2024_1129_14120300.jpg",1152,2048,false],"thumbnail":["https:\/\/andinabyangelica.com\/wp-content\/uploads\/2024\/12\/2024_1129_14120300-150x150.jpg",150,150,true],"medium":["https:\/\/andinabyangelica.com\/wp-content\/uploads\/2024\/12\/2024_1129_14120300-169x300.jpg",169,300,true],"medium_large":["https:\/\/andinabyangelica.com\/wp-content\/uploads\/2024\/12\/2024_1129_14120300-768x1365.jpg",768,1365,true],"large":["https:\/\/andinabyangelica.com\/wp-content\/uploads\/2024\/12\/2024_1129_14120300-576x1024.jpg",576,1024,true],"1536x1536":["https:\/\/andinabyangelica.com\/wp-content\/uploads\/2024\/12\/2024_1129_14120300-864x1536.jpg",864,1536,true],"2048x2048":["https:\/\/andinabyangelica.com\/wp-content\/uploads\/2024\/12\/2024_1129_14120300.jpg",1152,2048,false],"trp-custom-language-flag":["https:\/\/andinabyangelica.com\/wp-content\/uploads\/2024\/12\/2024_1129_14120300-7x12.jpg",7,12,true],"mailpoet_newsletter_max":["https:\/\/andinabyangelica.com\/wp-content\/uploads\/2024\/12\/2024_1129_14120300.jpg",1152,2048,false],"woocommerce_thumbnail":["https:\/\/andinabyangelica.com\/wp-content\/uploads\/2024\/12\/2024_1129_14120300-300x300.jpg",300,300,true],"woocommerce_single":["https:\/\/andinabyangelica.com\/wp-content\/uploads\/2024\/12\/2024_1129_14120300-600x1067.jpg",600,1067,true],"woocommerce_gallery_thumbnail":["https:\/\/andinabyangelica.com\/wp-content\/uploads\/2024\/12\/2024_1129_14120300-100x100.jpg",100,100,true]},"uagb_author_info":{"display_name":"andinabyangelica.com","author_link":"https:\/\/andinabyangelica.com\/en\/author\/"},"uagb_comment_info":0,"uagb_excerpt":"Pa\u00f1oleta estampada con figuras de Ancestros.","jetpack-related-posts":[{"id":5274,"url":"https:\/\/andinabyangelica.com\/en\/productos\/panuelo-kui-wain-arhuaco-cielo-alegre-copia\/","url_meta":{"origin":5265,"position":0},"title":"Se\u00edn Scarf (Ember\u00e1 - Sun)","author":"andinabyangelica.com","date":"4 December 2024","format":false,"excerpt":"Scarf printed with figures of Ancestors","rel":"","context":"Similar post","block_context":{"text":"Similar post","link":""},"img":{"alt_text":"Pa\u00f1uelo Se\u00edn de Andina by Ang\u00e9lica con estampado de autor inspirado en el Sol y la lengua Ember\u00e1.","src":"https:\/\/i0.wp.com\/andinabyangelica.com\/wp-content\/uploads\/2024\/12\/2024_1201_15395400-e1733314782179.jpg?resize=350%2C200&ssl=1","width":350,"height":200,"srcset":"https:\/\/i0.wp.com\/andinabyangelica.com\/wp-content\/uploads\/2024\/12\/2024_1201_15395400-e1733314782179.jpg?resize=350%2C200&ssl=1 1x, https:\/\/i0.wp.com\/andinabyangelica.com\/wp-content\/uploads\/2024\/12\/2024_1201_15395400-e1733314782179.jpg?resize=525%2C300&ssl=1 1.5x, https:\/\/i0.wp.com\/andinabyangelica.com\/wp-content\/uploads\/2024\/12\/2024_1201_15395400-e1733314782179.jpg?resize=700%2C400&ssl=1 2x, https:\/\/i0.wp.com\/andinabyangelica.com\/wp-content\/uploads\/2024\/12\/2024_1201_15395400-e1733314782179.jpg?resize=1050%2C600&ssl=1 3x"},"classes":[]},{"id":5285,"url":"https:\/\/andinabyangelica.com\/en\/productos\/panuelo-nambi-quechua-semilla-de-vida\/","url_meta":{"origin":5265,"position":1},"title":"Scarf \u00d1ambi (Quechua - Seed of Life)","author":"andinabyangelica.com","date":"4 December 2024","format":false,"excerpt":"Scarf printed with cobs inspired by Ancestors","rel":"","context":"Similar post","block_context":{"text":"Similar post","link":""},"img":{"alt_text":"Pa\u00f1uelo \u00d1ambi de Andina by Ang\u00e9lica con estampado de mazorca inspirado en la cultura Quechua.","src":"https:\/\/i0.wp.com\/andinabyangelica.com\/wp-content\/uploads\/2024\/12\/2024_1129_14304200.jpg?resize=350%2C200&ssl=1","width":350,"height":200,"srcset":"https:\/\/i0.wp.com\/andinabyangelica.com\/wp-content\/uploads\/2024\/12\/2024_1129_14304200.jpg?resize=350%2C200&ssl=1 1x, https:\/\/i0.wp.com\/andinabyangelica.com\/wp-content\/uploads\/2024\/12\/2024_1129_14304200.jpg?resize=525%2C300&ssl=1 1.5x, https:\/\/i0.wp.com\/andinabyangelica.com\/wp-content\/uploads\/2024\/12\/2024_1129_14304200.jpg?resize=700%2C400&ssl=1 2x, https:\/\/i0.wp.com\/andinabyangelica.com\/wp-content\/uploads\/2024\/12\/2024_1129_14304200.jpg?resize=1050%2C600&ssl=1 3x"},"classes":[]},{"id":5296,"url":"https:\/\/andinabyangelica.com\/en\/productos\/panuelo-anu-mutshi-wayuu-colores-de-vida\/","url_meta":{"origin":5265,"position":2},"title":"Scarf An\u00fc M\u00fctshi (Way\u00fau - Colours of Life)","author":"andinabyangelica.com","date":"4 December 2024","format":false,"excerpt":"Scarf printed with figures of Ancestors","rel":"","context":"Similar post","block_context":{"text":"Similar post","link":""},"img":{"alt_text":"Pa\u00f1uelo An\u00fc M\u00fctshi de Andina by Ang\u00e9lica con estampado de autor inspirado en la cultura Way\u00fau.","src":"https:\/\/i0.wp.com\/andinabyangelica.com\/wp-content\/uploads\/2024\/12\/2024_1201_15461100.jpg?resize=350%2C200&ssl=1","width":350,"height":200,"srcset":"https:\/\/i0.wp.com\/andinabyangelica.com\/wp-content\/uploads\/2024\/12\/2024_1201_15461100.jpg?resize=350%2C200&ssl=1 1x, https:\/\/i0.wp.com\/andinabyangelica.com\/wp-content\/uploads\/2024\/12\/2024_1201_15461100.jpg?resize=525%2C300&ssl=1 1.5x, https:\/\/i0.wp.com\/andinabyangelica.com\/wp-content\/uploads\/2024\/12\/2024_1201_15461100.jpg?resize=700%2C400&ssl=1 2x, https:\/\/i0.wp.com\/andinabyangelica.com\/wp-content\/uploads\/2024\/12\/2024_1201_15461100.jpg?resize=1050%2C600&ssl=1 3x"},"classes":[]},{"id":5308,"url":"https:\/\/andinabyangelica.com\/en\/productos\/pendientes-jai-nuku-tucano-energia-del-alma\/","url_meta":{"origin":5265,"position":3},"title":"Earrings Jai N\u00fck\u00fc (Tucano - Soul Energy)","author":"andinabyangelica.com","date":"4 December 2024","format":false,"excerpt":"Handmade earrings, meticulously painted by hand, fusing art and luxury in every detail.","rel":"","context":"Similar post","block_context":{"text":"Similar post","link":""},"img":{"alt_text":"Pendientes Jai N\u00fck\u00fc de Andina by Ang\u00e9lica: rostros abor\u00edgenes pintados a mano con finos trazos de pigmentos art\u00edsticos y acabados en oro","src":"https:\/\/i0.wp.com\/andinabyangelica.com\/wp-content\/uploads\/2024\/12\/2024_1201_15253200.jpg?resize=350%2C200&ssl=1","width":350,"height":200,"srcset":"https:\/\/i0.wp.com\/andinabyangelica.com\/wp-content\/uploads\/2024\/12\/2024_1201_15253200.jpg?resize=350%2C200&ssl=1 1x, https:\/\/i0.wp.com\/andinabyangelica.com\/wp-content\/uploads\/2024\/12\/2024_1201_15253200.jpg?resize=525%2C300&ssl=1 1.5x, https:\/\/i0.wp.com\/andinabyangelica.com\/wp-content\/uploads\/2024\/12\/2024_1201_15253200.jpg?resize=700%2C400&ssl=1 2x, https:\/\/i0.wp.com\/andinabyangelica.com\/wp-content\/uploads\/2024\/12\/2024_1201_15253200.jpg?resize=1050%2C600&ssl=1 3x"},"classes":[]},{"id":5345,"url":"https:\/\/andinabyangelica.com\/en\/productos\/pendientes-sikure-wayuu-armonia\/","url_meta":{"origin":5265,"position":4},"title":"Sikur\u00e9 Earrings (Way\u00fau - Harmony)","author":"andinabyangelica.com","date":"4 December 2024","format":false,"excerpt":"Handmade earrings, meticulously painted by hand, fusing art and luxury in every detail.","rel":"","context":"Similar post","block_context":{"text":"Similar post","link":""},"img":{"alt_text":"Primer plano del rostro artesanal Sikur\u00e9, destacando la pintura a mano con pigmentos y los finos detalles en oro - Andina by Ang\u00e9lica.","src":"https:\/\/i0.wp.com\/andinabyangelica.com\/wp-content\/uploads\/2024\/12\/2024_1201_15331200.jpg?resize=350%2C200&ssl=1","width":350,"height":200,"srcset":"https:\/\/i0.wp.com\/andinabyangelica.com\/wp-content\/uploads\/2024\/12\/2024_1201_15331200.jpg?resize=350%2C200&ssl=1 1x, https:\/\/i0.wp.com\/andinabyangelica.com\/wp-content\/uploads\/2024\/12\/2024_1201_15331200.jpg?resize=525%2C300&ssl=1 1.5x, https:\/\/i0.wp.com\/andinabyangelica.com\/wp-content\/uploads\/2024\/12\/2024_1201_15331200.jpg?resize=700%2C400&ssl=1 2x, https:\/\/i0.wp.com\/andinabyangelica.com\/wp-content\/uploads\/2024\/12\/2024_1201_15331200.jpg?resize=1050%2C600&ssl=1 3x"},"classes":[]},{"id":5362,"url":"https:\/\/andinabyangelica.com\/en\/productos\/pendientes-umu-waira-kuna-viento-sagrado\/","url_meta":{"origin":5265,"position":5},"title":"Earrings Um\u00fa Waira (Kuna - Sacred Wind)","author":"andinabyangelica.com","date":"4 December 2024","format":false,"excerpt":"Handmade earrings, meticulously painted by hand, fusing art and luxury in every detail.","rel":"","context":"Similar post","block_context":{"text":"Similar post","link":""},"img":{"alt_text":"Pendientes Um\u00fa waira de Andina by Ang\u00e9lica: rostros abor\u00edgenes inspirados en la cultura Kuna con lanas de colores, pigmentos y oro.","src":"https:\/\/i0.wp.com\/andinabyangelica.com\/wp-content\/uploads\/2024\/12\/2024_1127_13384000.jpg?resize=350%2C200&ssl=1","width":350,"height":200,"srcset":"https:\/\/i0.wp.com\/andinabyangelica.com\/wp-content\/uploads\/2024\/12\/2024_1127_13384000.jpg?resize=350%2C200&ssl=1 1x, https:\/\/i0.wp.com\/andinabyangelica.com\/wp-content\/uploads\/2024\/12\/2024_1127_13384000.jpg?resize=525%2C300&ssl=1 1.5x, https:\/\/i0.wp.com\/andinabyangelica.com\/wp-content\/uploads\/2024\/12\/2024_1127_13384000.jpg?resize=700%2C400&ssl=1 2x, https:\/\/i0.wp.com\/andinabyangelica.com\/wp-content\/uploads\/2024\/12\/2024_1127_13384000.jpg?resize=1050%2C600&ssl=1 3x"},"classes":[]}],"jetpack_likes_enabled":true,"jetpack_sharing_enabled":true,"_links":{"self":[{"href":"https:\/\/andinabyangelica.com\/en\/wp-json\/wp\/v2\/product\/5265","targetHints":{"allow":["GET"]}}],"collection":[{"href":"https:\/\/andinabyangelica.com\/en\/wp-json\/wp\/v2\/product"}],"about":[{"href":"https:\/\/andinabyangelica.com\/en\/wp-json\/wp\/v2\/types\/product"}],"wp:featuredmedia":[{"embeddable":true,"href":"https:\/\/andinabyangelica.com\/en\/wp-json\/wp\/v2\/media\/5272"}],"wp:attachment":[{"href":"https:\/\/andinabyangelica.com\/en\/wp-json\/wp\/v2\/media?parent=5265"}],"wp:term":[{"taxonomy":"product_brand","embeddable":true,"href":"https:\/\/andinabyangelica.com\/en\/wp-json\/wp\/v2\/product_brand?post=5265"},{"taxonomy":"product_cat","embeddable":true,"href":"https:\/\/andinabyangelica.com\/en\/wp-json\/wp\/v2\/product_cat?post=5265"},{"taxonomy":"product_tag","embeddable":true,"href":"https:\/\/andinabyangelica.com\/en\/wp-json\/wp\/v2\/product_tag?post=5265"}],"curies":[{"name":"wp","href":"https:\/\/api.w.org\/{rel}","templated":true}]}}