{"id":5345,"date":"2024-12-04T18:39:08","date_gmt":"2024-12-04T17:39:08","guid":{"rendered":"https:\/\/andinabyangelica.com\/?post_type=product&#038;p=5345"},"modified":"2026-03-14T15:39:38","modified_gmt":"2026-03-14T14:39:38","slug":"pendientes-sikure-wayuu-armonia","status":"publish","type":"product","link":"https:\/\/andinabyangelica.com\/en\/productos\/pendientes-sikure-wayuu-armonia\/","title":{"rendered":"Sikur\u00e9 Earrings (Way\u00fau - Harmony)"},"content":{"rendered":"<p><b>Earrings inspired by Colombian aboriginal figures. Their names carry meanings in indigenous languages of Colombia.<\/b><\/p>\n<p><b>Sikur\u00e9 (Way\u00fau \u2013 <i>harmony<\/i>) <span style=\"font-size: 16px; -webkit-text-size-adjust: 100%;\">Inspired by the balance between nature, art and life, these earrings celebrate inner and outer peace.\u00a0<\/span><\/b><\/p>\n<p><b>Figures inspired by the legacy of those who preceded us. A piece that honors the essence of our roots, inviting to express ourselves with joy and to carry art in each movement.<\/b><\/p>\n<p><b>Designed to remember that every day is a special moment to celebrate life. Because in cheerful dress, roots always bloom.<\/b><\/p>\n<p><strong>Joy and culture with the vibrant colors of Colombia. A touch of elegance and individuality.<\/strong><\/p>\n<p><em style=\"font-size: 16px; -webkit-text-size-adjust: 100%;\"><strong>Like metal and its natural reaction, these earrings take on a life of their own by conveying a sense of magic and mystery.<\/strong><\/em><\/p>\n<p><em><strong>Earrings made in my art studio, painted with traces of artistic pigments manually, with passages plated in gold of 18 Kt of 1,2 mm.<br \/>\nNo piece is completely similar to the other as the natural reaction of the metal and manual cuts cannot be controlled. Magic just happens ...\ud83e\ude84\u2728<\/strong><\/em><\/p>\n<p><strong>As I design them, I can smell the scent of flowers and fields as my mind recreates joyful melodies that have been sung for centuries ... <\/strong><\/p>\n<p><strong>I let my brushes dance as I model the figures of my ancestors.<\/strong><\/p>\n<p><strong>I can remember the smell of the earth. Yes.. , the earth has an aroma and once you have a chance to smell it, that aroma accompanies you wherever you are and transports you back to that magical place.<\/strong><\/p>\n<p><strong>Product description;<\/strong><\/p>\n<p>Aretes elaborados de manera artesanal pintados con trazos de pigmentos art\u00edsticos a mano. Material Lat\u00f3n con partes doradas chapadas en oro y pasantes chapados en oro de 18 Kt de 1,2 mm.<\/p>\n<p><b>Approximate measurements:<\/b><\/p>\n<p><span style=\"font-size: 16px; -webkit-text-size-adjust: 100%;\">6 cm height. Width 3 cm.<\/span><\/p>\n<p><strong>Notes*<\/strong> If you want to customize some detail of the earrings let us know and we will be happy to make the corresponding modifications.<\/p>\n<p><strong>Care of the jewels*<\/strong> The jewels are hand painted therefore, the colour and\/or enamel should avoid being wet or scratched abruptly as they could be removed.<\/p>\n<p><strong><em>Time of Production\u00a0<\/em><\/strong><\/p>\n<p style=\"font-weight: 400;\">Products are made to order due to our sustainability purpose.<\/p>\n<p>Our jewels are handcrafted and are unique creations as each brush stroke and cut is hand-crafted, resulting in variations in color, size and shape, ensuring that no two pieces are completely alike.<\/p>\n<p>Please note that there may be minor differences due to the methods described above.<\/p>\n<p>In case your order is for a gift, let us know that super special message you want us to convey for you. We will be happy to transcribe it on a very special card.<\/p>\n<p style=\"font-weight: 400;\">The approximate production time is 15 days. We keep a small margin of inventory. In case the product is already in stock, this time would not be necessary but is subject to notification.<\/p>\n<p style=\"font-weight: 400;\">In case the product is not in stock but the urgency is because you forgot a special occasion, and the gift is for the love of your life, write us, we will tell you if we can run to get the product on time, because we understand how hard it is to find love\u2763\ufe0f.\u2763\ufe0f<\/p>\n<p style=\"font-weight: 400;\"><strong><em>Express Production<\/em><\/strong><\/p>\n<p style=\"font-weight: 400;\">We know that emergencies can occur for this, we have an express production option in case the product is not in stock and you need it very soon. The production time is 4 days with an additional cost of 22\u20ac.<\/p>\n<p>&nbsp;<\/p>\n<h3>\u00bfFAQ?<\/h3>\n<p>&nbsp;<\/p>\n<p><strong>* \u00bfWhen and how to use this product?<\/strong><\/p>\n<ul>\n<li>Our products are designed to brighten your look as well as your mood. We believe in the little details of life and therefore, that every second in our life is a super special occasion to be radiant! Take them to that special trip, to your friends' wedding or bring them to that romantic dinner. Even when you\u2019re home and you just want to remind yourself how beautiful you are \u2728<\/li>\n<\/ul>\n<p>&nbsp;<\/p>","protected":false},"excerpt":{"rendered":"<p>Handmade earrings, meticulously painted by hand, fusing art and luxury in every detail.<\/p>","protected":false},"featured_media":5354,"template":"","meta":{"_uag_custom_page_level_css":"","site-sidebar-layout":"default","site-content-layout":"","ast-site-content-layout":"default","site-content-style":"default","site-sidebar-style":"default","ast-global-header-display":"","ast-banner-title-visibility":"","ast-main-header-display":"","ast-hfb-above-header-display":"","ast-hfb-below-header-display":"","ast-hfb-mobile-header-display":"","site-post-title":"","ast-breadcrumbs-content":"","ast-featured-img":"","footer-sml-layout":"","ast-disable-related-posts":"","theme-transparent-header-meta":"default","adv-header-id-meta":"","stick-header-meta":"","header-above-stick-meta":"","header-main-stick-meta":"","header-below-stick-meta":"","astra-migrate-meta-layouts":"set","ast-page-background-enabled":"default","ast-page-background-meta":{"desktop":{"background-color":"","background-image":"","background-repeat":"repeat","background-position":"center center","background-size":"auto","background-attachment":"scroll","background-type":"","background-media":"","overlay-type":"","overlay-color":"","overlay-opacity":"","overlay-gradient":""},"tablet":{"background-color":"","background-image":"","background-repeat":"repeat","background-position":"center center","background-size":"auto","background-attachment":"scroll","background-type":"","background-media":"","overlay-type":"","overlay-color":"","overlay-opacity":"","overlay-gradient":""},"mobile":{"background-color":"","background-image":"","background-repeat":"repeat","background-position":"center center","background-size":"auto","background-attachment":"scroll","background-type":"","background-media":"","overlay-type":"","overlay-color":"","overlay-opacity":"","overlay-gradient":""}},"ast-content-background-meta":{"desktop":{"background-color":"var(--ast-global-color-5)","background-image":"","background-repeat":"repeat","background-position":"center center","background-size":"auto","background-attachment":"scroll","background-type":"","background-media":"","overlay-type":"","overlay-color":"","overlay-opacity":"","overlay-gradient":""},"tablet":{"background-color":"var(--ast-global-color-5)","background-image":"","background-repeat":"repeat","background-position":"center center","background-size":"auto","background-attachment":"scroll","background-type":"","background-media":"","overlay-type":"","overlay-color":"","overlay-opacity":"","overlay-gradient":""},"mobile":{"background-color":"var(--ast-global-color-5)","background-image":"","background-repeat":"repeat","background-position":"center center","background-size":"auto","background-attachment":"scroll","background-type":"","background-media":"","overlay-type":"","overlay-color":"","overlay-opacity":"","overlay-gradient":""}},"jetpack_post_was_ever_published":false},"product_brand":[],"product_cat":[60,123,112,61],"product_tag":[113],"class_list":{"0":"post-5345","1":"product","2":"type-product","3":"status-publish","4":"has-post-thumbnail","6":"product_cat-accesorios","7":"product_cat-art-to-wear","8":"product_cat-cultural","9":"product_cat-pendientes","10":"product_tag-cultural","11":"desktop-align-center","12":"tablet-align-left","13":"mobile-align-left","15":"first","16":"instock","17":"featured","18":"shipping-taxable","19":"purchasable","20":"product-type-simple"},"aioseo_notices":[],"uagb_featured_image_src":{"full":["https:\/\/andinabyangelica.com\/wp-content\/uploads\/2024\/12\/2024_1201_15331200.jpg",1152,2048,false],"thumbnail":["https:\/\/andinabyangelica.com\/wp-content\/uploads\/2024\/12\/2024_1201_15331200-150x150.jpg",150,150,true],"medium":["https:\/\/andinabyangelica.com\/wp-content\/uploads\/2024\/12\/2024_1201_15331200-169x300.jpg",169,300,true],"medium_large":["https:\/\/andinabyangelica.com\/wp-content\/uploads\/2024\/12\/2024_1201_15331200-768x1365.jpg",768,1365,true],"large":["https:\/\/andinabyangelica.com\/wp-content\/uploads\/2024\/12\/2024_1201_15331200-576x1024.jpg",576,1024,true],"1536x1536":["https:\/\/andinabyangelica.com\/wp-content\/uploads\/2024\/12\/2024_1201_15331200-864x1536.jpg",864,1536,true],"2048x2048":["https:\/\/andinabyangelica.com\/wp-content\/uploads\/2024\/12\/2024_1201_15331200.jpg",1152,2048,false],"trp-custom-language-flag":["https:\/\/andinabyangelica.com\/wp-content\/uploads\/2024\/12\/2024_1201_15331200-7x12.jpg",7,12,true],"mailpoet_newsletter_max":["https:\/\/andinabyangelica.com\/wp-content\/uploads\/2024\/12\/2024_1201_15331200.jpg",1152,2048,false],"woocommerce_thumbnail":["https:\/\/andinabyangelica.com\/wp-content\/uploads\/2024\/12\/2024_1201_15331200-300x300.jpg",300,300,true],"woocommerce_single":["https:\/\/andinabyangelica.com\/wp-content\/uploads\/2024\/12\/2024_1201_15331200-600x1067.jpg",600,1067,true],"woocommerce_gallery_thumbnail":["https:\/\/andinabyangelica.com\/wp-content\/uploads\/2024\/12\/2024_1201_15331200-100x100.jpg",100,100,true]},"uagb_author_info":{"display_name":"andinabyangelica.com","author_link":"https:\/\/andinabyangelica.com\/en\/author\/"},"uagb_comment_info":0,"uagb_excerpt":"Pendientes artesanales, meticulosamente pintados a mano, fusionando arte y lujo en cada detalle.","jetpack-related-posts":[{"id":5331,"url":"https:\/\/andinabyangelica.com\/en\/productos\/pendientes-chumbale-wayuu-fiesta-viva\/","url_meta":{"origin":5345,"position":0},"title":"Chumbal\u00e9 Earrings (Way\u00fau - Live Party)","author":"andinabyangelica.com","date":"4 December 2024","format":false,"excerpt":"Handmade earrings, meticulously painted by hand, fusing art and luxury in every detail.","rel":"","context":"Similar post","block_context":{"text":"Similar post","link":""},"img":{"alt_text":"Pendientes Chumbal \u00e9 de Andina by Ang\u00e9lica: rostros abor\u00edgenes hechos a mano con pigmentos art\u00edsticos, lanas de colores y oro.","src":"https:\/\/i0.wp.com\/andinabyangelica.com\/wp-content\/uploads\/2024\/12\/2024_1201_15015400.jpg?resize=350%2C200&ssl=1","width":350,"height":200,"srcset":"https:\/\/i0.wp.com\/andinabyangelica.com\/wp-content\/uploads\/2024\/12\/2024_1201_15015400.jpg?resize=350%2C200&ssl=1 1x, https:\/\/i0.wp.com\/andinabyangelica.com\/wp-content\/uploads\/2024\/12\/2024_1201_15015400.jpg?resize=525%2C300&ssl=1 1.5x, https:\/\/i0.wp.com\/andinabyangelica.com\/wp-content\/uploads\/2024\/12\/2024_1201_15015400.jpg?resize=700%2C400&ssl=1 2x, https:\/\/i0.wp.com\/andinabyangelica.com\/wp-content\/uploads\/2024\/12\/2024_1201_15015400.jpg?resize=1050%2C600&ssl=1 3x"},"classes":[]},{"id":5296,"url":"https:\/\/andinabyangelica.com\/en\/productos\/panuelo-anu-mutshi-wayuu-colores-de-vida\/","url_meta":{"origin":5345,"position":1},"title":"Scarf An\u00fc M\u00fctshi (Way\u00fau - Colours of Life)","author":"andinabyangelica.com","date":"4 December 2024","format":false,"excerpt":"Scarf printed with figures of Ancestors","rel":"","context":"Similar post","block_context":{"text":"Similar post","link":""},"img":{"alt_text":"Pa\u00f1uelo An\u00fc M\u00fctshi de Andina by Ang\u00e9lica con estampado de autor inspirado en la cultura Way\u00fau.","src":"https:\/\/i0.wp.com\/andinabyangelica.com\/wp-content\/uploads\/2024\/12\/2024_1201_15461100.jpg?resize=350%2C200&ssl=1","width":350,"height":200,"srcset":"https:\/\/i0.wp.com\/andinabyangelica.com\/wp-content\/uploads\/2024\/12\/2024_1201_15461100.jpg?resize=350%2C200&ssl=1 1x, https:\/\/i0.wp.com\/andinabyangelica.com\/wp-content\/uploads\/2024\/12\/2024_1201_15461100.jpg?resize=525%2C300&ssl=1 1.5x, https:\/\/i0.wp.com\/andinabyangelica.com\/wp-content\/uploads\/2024\/12\/2024_1201_15461100.jpg?resize=700%2C400&ssl=1 2x, https:\/\/i0.wp.com\/andinabyangelica.com\/wp-content\/uploads\/2024\/12\/2024_1201_15461100.jpg?resize=1050%2C600&ssl=1 3x"},"classes":[]},{"id":5322,"url":"https:\/\/andinabyangelica.com\/en\/productos\/pendientes-mia-kankuamo-kankuamo-flor-del-espiritu\/","url_meta":{"origin":5345,"position":2},"title":"Earrings My Kankuamo (Kankuamo - Flower of the Spirit)","author":"andinabyangelica.com","date":"4 December 2024","format":false,"excerpt":"Handmade earrings, meticulously painted by hand, fusing art and luxury in every detail.","rel":"","context":"Similar post","block_context":{"text":"Similar post","link":""},"img":{"alt_text":"Pendientes Mia Kankuam de Andina by Ang\u00e9lica: rostros abor\u00edgenes hechos a mano con pigmentos art\u00edsticos y detalles en oro.","src":"https:\/\/i0.wp.com\/andinabyangelica.com\/wp-content\/uploads\/2024\/12\/2024_1201_15223800.jpg?resize=350%2C200&ssl=1","width":350,"height":200,"srcset":"https:\/\/i0.wp.com\/andinabyangelica.com\/wp-content\/uploads\/2024\/12\/2024_1201_15223800.jpg?resize=350%2C200&ssl=1 1x, https:\/\/i0.wp.com\/andinabyangelica.com\/wp-content\/uploads\/2024\/12\/2024_1201_15223800.jpg?resize=525%2C300&ssl=1 1.5x, https:\/\/i0.wp.com\/andinabyangelica.com\/wp-content\/uploads\/2024\/12\/2024_1201_15223800.jpg?resize=700%2C400&ssl=1 2x, https:\/\/i0.wp.com\/andinabyangelica.com\/wp-content\/uploads\/2024\/12\/2024_1201_15223800.jpg?resize=1050%2C600&ssl=1 3x"},"classes":[]},{"id":5341,"url":"https:\/\/andinabyangelica.com\/en\/productos\/pendientes-yebane-embera-estrella-brillante\/","url_meta":{"origin":5345,"position":3},"title":"Pendientes Yeban\u00e9 (Ember\u00e1 &#8211; Estrella Brillante)","author":"andinabyangelica.com","date":"4 December 2024","format":false,"excerpt":"Handmade earrings, meticulously painted by hand, fusing art and luxury in every detail.","rel":"","context":"Similar post","block_context":{"text":"Similar post","link":""},"img":{"alt_text":"Pendientes artesanales pintados a mano con rostro de figura aborigen con hilos de colores.","src":"https:\/\/i0.wp.com\/andinabyangelica.com\/wp-content\/uploads\/2024\/12\/IMG_7487-scaled.jpeg?resize=350%2C200&ssl=1","width":350,"height":200,"srcset":"https:\/\/i0.wp.com\/andinabyangelica.com\/wp-content\/uploads\/2024\/12\/IMG_7487-scaled.jpeg?resize=350%2C200&ssl=1 1x, https:\/\/i0.wp.com\/andinabyangelica.com\/wp-content\/uploads\/2024\/12\/IMG_7487-scaled.jpeg?resize=525%2C300&ssl=1 1.5x, https:\/\/i0.wp.com\/andinabyangelica.com\/wp-content\/uploads\/2024\/12\/IMG_7487-scaled.jpeg?resize=700%2C400&ssl=1 2x, https:\/\/i0.wp.com\/andinabyangelica.com\/wp-content\/uploads\/2024\/12\/IMG_7487-scaled.jpeg?resize=1050%2C600&ssl=1 3x, https:\/\/i0.wp.com\/andinabyangelica.com\/wp-content\/uploads\/2024\/12\/IMG_7487-scaled.jpeg?resize=1400%2C800&ssl=1 4x"},"classes":[]},{"id":5308,"url":"https:\/\/andinabyangelica.com\/en\/productos\/pendientes-jai-nuku-tucano-energia-del-alma\/","url_meta":{"origin":5345,"position":4},"title":"Earrings Jai N\u00fck\u00fc (Tucano - Soul Energy)","author":"andinabyangelica.com","date":"4 December 2024","format":false,"excerpt":"Handmade earrings, meticulously painted by hand, fusing art and luxury in every detail.","rel":"","context":"Similar post","block_context":{"text":"Similar post","link":""},"img":{"alt_text":"Pendientes Jai N\u00fck\u00fc de Andina by Ang\u00e9lica: rostros abor\u00edgenes pintados a mano con finos trazos de pigmentos art\u00edsticos y acabados en oro","src":"https:\/\/i0.wp.com\/andinabyangelica.com\/wp-content\/uploads\/2024\/12\/2024_1201_15253200.jpg?resize=350%2C200&ssl=1","width":350,"height":200,"srcset":"https:\/\/i0.wp.com\/andinabyangelica.com\/wp-content\/uploads\/2024\/12\/2024_1201_15253200.jpg?resize=350%2C200&ssl=1 1x, https:\/\/i0.wp.com\/andinabyangelica.com\/wp-content\/uploads\/2024\/12\/2024_1201_15253200.jpg?resize=525%2C300&ssl=1 1.5x, https:\/\/i0.wp.com\/andinabyangelica.com\/wp-content\/uploads\/2024\/12\/2024_1201_15253200.jpg?resize=700%2C400&ssl=1 2x, https:\/\/i0.wp.com\/andinabyangelica.com\/wp-content\/uploads\/2024\/12\/2024_1201_15253200.jpg?resize=1050%2C600&ssl=1 3x"},"classes":[]},{"id":4924,"url":"https:\/\/andinabyangelica.com\/en\/productos\/pendientes-portal-de-sol-violeta\/","url_meta":{"origin":5345,"position":5},"title":"Earrings Sunshine Violet Portal","author":"andinabyangelica.com","date":"31 August 2024","format":false,"excerpt":"Handcrafted earrings, meticulously hand-painted, gold-plated, and designed with the serenity of the eternal.","rel":"","context":"Similar post","block_context":{"text":"Similar post","link":""},"img":{"alt_text":"Pendientes Portal de Sol Violeta hechos a mano y pigmentados con t\u00e9cnicas art\u00edsticas manuales, joyer\u00eda de autor de la marca Andina by Ang\u00e9lica.","src":"https:\/\/i0.wp.com\/andinabyangelica.com\/wp-content\/uploads\/2024\/08\/2024_0825_13214100.jpeg?resize=350%2C200&ssl=1","width":350,"height":200,"srcset":"https:\/\/i0.wp.com\/andinabyangelica.com\/wp-content\/uploads\/2024\/08\/2024_0825_13214100.jpeg?resize=350%2C200&ssl=1 1x, https:\/\/i0.wp.com\/andinabyangelica.com\/wp-content\/uploads\/2024\/08\/2024_0825_13214100.jpeg?resize=525%2C300&ssl=1 1.5x, https:\/\/i0.wp.com\/andinabyangelica.com\/wp-content\/uploads\/2024\/08\/2024_0825_13214100.jpeg?resize=700%2C400&ssl=1 2x, https:\/\/i0.wp.com\/andinabyangelica.com\/wp-content\/uploads\/2024\/08\/2024_0825_13214100.jpeg?resize=1050%2C600&ssl=1 3x"},"classes":[]}],"jetpack_likes_enabled":true,"jetpack_sharing_enabled":true,"_links":{"self":[{"href":"https:\/\/andinabyangelica.com\/en\/wp-json\/wp\/v2\/product\/5345","targetHints":{"allow":["GET"]}}],"collection":[{"href":"https:\/\/andinabyangelica.com\/en\/wp-json\/wp\/v2\/product"}],"about":[{"href":"https:\/\/andinabyangelica.com\/en\/wp-json\/wp\/v2\/types\/product"}],"wp:featuredmedia":[{"embeddable":true,"href":"https:\/\/andinabyangelica.com\/en\/wp-json\/wp\/v2\/media\/5354"}],"wp:attachment":[{"href":"https:\/\/andinabyangelica.com\/en\/wp-json\/wp\/v2\/media?parent=5345"}],"wp:term":[{"taxonomy":"product_brand","embeddable":true,"href":"https:\/\/andinabyangelica.com\/en\/wp-json\/wp\/v2\/product_brand?post=5345"},{"taxonomy":"product_cat","embeddable":true,"href":"https:\/\/andinabyangelica.com\/en\/wp-json\/wp\/v2\/product_cat?post=5345"},{"taxonomy":"product_tag","embeddable":true,"href":"https:\/\/andinabyangelica.com\/en\/wp-json\/wp\/v2\/product_tag?post=5345"}],"curies":[{"name":"wp","href":"https:\/\/api.w.org\/{rel}","templated":true}]}}