{"id":6941,"date":"2025-11-23T16:49:09","date_gmt":"2025-11-23T15:49:09","guid":{"rendered":"https:\/\/andinabyangelica.com\/?post_type=product&#038;p=6941"},"modified":"2025-12-05T15:17:50","modified_gmt":"2025-12-05T14:17:50","slug":"pendientes-flores-azul-aguamarina-florencia-celeste","status":"publish","type":"product","link":"https:\/\/andinabyangelica.com\/en\/productos\/pendientes-flores-azul-aguamarina-florencia-celeste\/","title":{"rendered":"Earring Blue\u2013aquamarine flowers \u201c Celestial Florencia\""},"content":{"rendered":"<blockquote><p><strong>\u201c<span style=\"font-size: 17.6px; -webkit-text-size-adjust: 100%;\">\u201cShe wore the sky like an offering,<\/span><\/strong><\/p>\n<p><strong>a soft blue that changed with the light.<\/strong><br \/>\n<strong>For Florencia, even color is alive\u2014<\/strong><br \/>\n<strong>breathing, shifting,<\/strong><br \/>\n<strong>becoming its own quiet miracle.\u201d<\/strong><\/p><\/blockquote>\n<p>A flower that breathes sky. Its petals\u2014blue with a whisper of aquamarine\u2014shift gently with the light, because magic, like the universe itself, never repeats the same way. Golden leaves frame its radiance, creating an ethereal contrast. \u201cCelestial Florencia\u201d is for women who walk wrapped in serenity, delicately bold, and fully aware that the purest beauty appears when light embraces us without trying to define us\u2026 only to honor us.<\/p>\n<p>Within this piece, Florencia breathes \u2014 one of our five forces from our illustrated characters of Las Chicas. Her cosmopolitan, luminous, and self-assured energy guided every stroke and every fragment of its creation.<\/p>\n<p style=\"font-weight: 400;\"><em style=\"font-size: 16px; -webkit-text-size-adjust: 100%;\"><strong>Flower earrings made in my art studio, hand painted, gold plated, <em>hooks <\/em>gold plated 18Kt of 1,2 mm.<\/strong><\/em><\/p>\n<p><strong>Product description;<\/strong><\/p>\n<ul>\n<li>Handmade hand-painted and patinated earrings under the natural light of the sun with soft strokes of artistic pigments. Copper material with gold-plated flower leaves. 18 Kt gold-plated passers of 1.2 mm. Approximate measurements: 3.5 cm wide and 7 cm high.<\/li>\n<\/ul>\n<p><strong>Notes*<\/strong> If you want to customize some detail of the earrings let us know and we will be happy to make the corresponding modifications.<\/p>\n<p><strong>Care of the jewels*<\/strong> The jewels are hand painted therefore, the colour and\/or enamel should avoid being wet or scratched abruptly as they could be removed.<\/p>\n<p><strong><em>Time of Production\u00a0<\/em><\/strong><\/p>\n<p style=\"font-weight: 400;\">Products are made to order due to our sustainability purpose.<\/p>\n<p>Our jewelry is crafted by hand, and each piece is truly unique. The natural reaction of the metal under sunlight cannot be controlled, nor can every brushstroke or cut\u2014each is shaped manually. This results in variations in color, size, and form, ensuring that no two pieces are ever exactly alike.<\/p>\n<p>Please note that there may be minor differences due to the methods described above.<\/p>\n<p>In case your order is for a gift, let us know that super special message you want us to convey for you. We will be happy to transcribe it on a very special card.<\/p>\n<p style=\"font-weight: 400;\">The approximate production time is 15 days. We keep a small margin of inventory. In case the product is already in stock, this time would not be necessary but is subject to notification.<\/p>\n<p style=\"font-weight: 400;\">In case the product is not in stock but the urgency is because you forgot a special occasion, and the gift is for the love of your life, message us, We will let you know if We manage to run to have the product on time, since we understand how difficult it is to find love \u2763\ufe0f.\u2763\ufe0f<\/p>\n<p style=\"font-weight: 400;\"><strong><em>Express Production<\/em><\/strong><\/p>\n<p style=\"font-weight: 400;\">We know that emergencies of emergencies can arise, because of this, we have an express production option. The production time is 4 days with an additional cost of 22\u20ac.<\/p>\n<p>&nbsp;<\/p>\n<h3>\u00bfFAQ?<\/h3>\n<p>&nbsp;<\/p>\n<p><strong>* \u00bfWhen and how to use this product?<\/strong><\/p>\n<ul>\n<li>Our products are designed to brighten your look as well as your mood. We believe in the little details of life and therefore, that every second in our life is a super special occasion to be radiant! Take them to that special trip, to your friends' wedding or bring them to that romantic dinner. Even when you\u2019re home and you just want to remind yourself how beautiful you are \u2728<\/li>\n<\/ul>\n<p>&nbsp;<\/p>","protected":false},"excerpt":{"rendered":"<p>Handcrafted earrings, meticulously hand-painted, gold-plated, and designed with the serenity of the eternal.<\/p>","protected":false},"featured_media":6948,"template":"","meta":{"_uag_custom_page_level_css":"","site-sidebar-layout":"default","site-content-layout":"","ast-site-content-layout":"default","site-content-style":"default","site-sidebar-style":"default","ast-global-header-display":"","ast-banner-title-visibility":"","ast-main-header-display":"","ast-hfb-above-header-display":"","ast-hfb-below-header-display":"","ast-hfb-mobile-header-display":"","site-post-title":"","ast-breadcrumbs-content":"","ast-featured-img":"","footer-sml-layout":"","ast-disable-related-posts":"","theme-transparent-header-meta":"default","adv-header-id-meta":"","stick-header-meta":"","header-above-stick-meta":"","header-main-stick-meta":"","header-below-stick-meta":"","astra-migrate-meta-layouts":"set","ast-page-background-enabled":"default","ast-page-background-meta":{"desktop":{"background-color":"","background-image":"","background-repeat":"repeat","background-position":"center center","background-size":"auto","background-attachment":"scroll","background-type":"","background-media":"","overlay-type":"","overlay-color":"","overlay-opacity":"","overlay-gradient":""},"tablet":{"background-color":"","background-image":"","background-repeat":"repeat","background-position":"center center","background-size":"auto","background-attachment":"scroll","background-type":"","background-media":"","overlay-type":"","overlay-color":"","overlay-opacity":"","overlay-gradient":""},"mobile":{"background-color":"","background-image":"","background-repeat":"repeat","background-position":"center center","background-size":"auto","background-attachment":"scroll","background-type":"","background-media":"","overlay-type":"","overlay-color":"","overlay-opacity":"","overlay-gradient":""}},"ast-content-background-meta":{"desktop":{"background-color":"var(--ast-global-color-5)","background-image":"","background-repeat":"repeat","background-position":"center center","background-size":"auto","background-attachment":"scroll","background-type":"","background-media":"","overlay-type":"","overlay-color":"","overlay-opacity":"","overlay-gradient":""},"tablet":{"background-color":"var(--ast-global-color-5)","background-image":"","background-repeat":"repeat","background-position":"center center","background-size":"auto","background-attachment":"scroll","background-type":"","background-media":"","overlay-type":"","overlay-color":"","overlay-opacity":"","overlay-gradient":""},"mobile":{"background-color":"var(--ast-global-color-5)","background-image":"","background-repeat":"repeat","background-position":"center center","background-size":"auto","background-attachment":"scroll","background-type":"","background-media":"","overlay-type":"","overlay-color":"","overlay-opacity":"","overlay-gradient":""}},"jetpack_post_was_ever_published":false},"product_brand":[],"product_cat":[124,60,123,47,37],"product_tag":[133,132,131],"class_list":{"0":"post-6941","1":"product","2":"type-product","3":"status-publish","4":"has-post-thumbnail","6":"product_cat-accesorios-art-to-wear","7":"product_cat-accesorios","8":"product_cat-art-to-wear","9":"product_cat-flora-colombiana","10":"product_cat-flores","11":"product_tag-florencia","12":"product_tag-flores","13":"product_tag-flowers","14":"desktop-align-center","15":"tablet-align-left","16":"mobile-align-left","18":"first","19":"instock","20":"shipping-taxable","21":"purchasable","22":"product-type-simple"},"aioseo_notices":[],"uagb_featured_image_src":{"full":["https:\/\/andinabyangelica.com\/wp-content\/uploads\/2025\/11\/20251113_155442-scaled.jpeg",1920,2560,false],"thumbnail":["https:\/\/andinabyangelica.com\/wp-content\/uploads\/2025\/11\/20251113_155442-150x150.jpeg",150,150,true],"medium":["https:\/\/andinabyangelica.com\/wp-content\/uploads\/2025\/11\/20251113_155442-225x300.jpeg",225,300,true],"medium_large":["https:\/\/andinabyangelica.com\/wp-content\/uploads\/2025\/11\/20251113_155442-768x1024.jpeg",768,1024,true],"large":["https:\/\/andinabyangelica.com\/wp-content\/uploads\/2025\/11\/20251113_155442-768x1024.jpeg",768,1024,true],"1536x1536":["https:\/\/andinabyangelica.com\/wp-content\/uploads\/2025\/11\/20251113_155442-1152x1536.jpeg",1152,1536,true],"2048x2048":["https:\/\/andinabyangelica.com\/wp-content\/uploads\/2025\/11\/20251113_155442-1536x2048.jpeg",1536,2048,true],"trp-custom-language-flag":["https:\/\/andinabyangelica.com\/wp-content\/uploads\/2025\/11\/20251113_155442-9x12.jpeg",9,12,true],"mailpoet_newsletter_max":["https:\/\/andinabyangelica.com\/wp-content\/uploads\/2025\/11\/20251113_155442-1320x1760.jpeg",1320,1760,true],"woocommerce_thumbnail":["https:\/\/andinabyangelica.com\/wp-content\/uploads\/2025\/11\/20251113_155442-300x300.jpeg",300,300,true],"woocommerce_single":["https:\/\/andinabyangelica.com\/wp-content\/uploads\/2025\/11\/20251113_155442-600x800.jpeg",600,800,true],"woocommerce_gallery_thumbnail":["https:\/\/andinabyangelica.com\/wp-content\/uploads\/2025\/11\/20251113_155442-100x100.jpeg",100,100,true]},"uagb_author_info":{"display_name":"andinabyangelica.com","author_link":"https:\/\/andinabyangelica.com\/en\/author\/"},"uagb_comment_info":0,"uagb_excerpt":"Pendientes artesanales, meticulosamente pintados a mano, ba\u00f1ados en oro y dise\u00f1ados con la calma de lo eterno.","jetpack-related-posts":[{"id":6930,"url":"https:\/\/andinabyangelica.com\/en\/productos\/pendientes-flores-preservadas-florencia-en-reposo\/","url_meta":{"origin":6941,"position":0},"title":"Earrings. Flowers facing downward, like preserved botanical specimens | \u201cFlorencia at Rest\u201d","author":"andinabyangelica.com","date":"23 November 2025","format":false,"excerpt":"Handcrafted earrings, meticulously hand-painted, gold-plated, and designed with the serenity of the eternal.","rel":"","context":"Similar post","block_context":{"text":"Similar post","link":""},"img":{"alt_text":"Pieza de joyer\u00eda artesanal Flores en Reposo, pintada a mano con pigmentos art\u00edsticos y trazos finos, inspirada en la biodiversidad andina y la feminidad empoderada.","src":"https:\/\/i0.wp.com\/andinabyangelica.com\/wp-content\/uploads\/2025\/11\/20251111_154527_1-scaled.jpeg?resize=350%2C200&ssl=1","width":350,"height":200,"srcset":"https:\/\/i0.wp.com\/andinabyangelica.com\/wp-content\/uploads\/2025\/11\/20251111_154527_1-scaled.jpeg?resize=350%2C200&ssl=1 1x, https:\/\/i0.wp.com\/andinabyangelica.com\/wp-content\/uploads\/2025\/11\/20251111_154527_1-scaled.jpeg?resize=525%2C300&ssl=1 1.5x, https:\/\/i0.wp.com\/andinabyangelica.com\/wp-content\/uploads\/2025\/11\/20251111_154527_1-scaled.jpeg?resize=700%2C400&ssl=1 2x, https:\/\/i0.wp.com\/andinabyangelica.com\/wp-content\/uploads\/2025\/11\/20251111_154527_1-scaled.jpeg?resize=1050%2C600&ssl=1 3x, https:\/\/i0.wp.com\/andinabyangelica.com\/wp-content\/uploads\/2025\/11\/20251111_154527_1-scaled.jpeg?resize=1400%2C800&ssl=1 4x"},"classes":[]},{"id":6949,"url":"https:\/\/andinabyangelica.com\/en\/productos\/pendientes-saturno-de-florencia\/","url_meta":{"origin":6941,"position":1},"title":"Earrings \u201cFlorencia\u2019s Saturn\u201d","author":"andinabyangelica.com","date":"23 November 2025","format":false,"excerpt":"Handcrafted earrings, meticulously hand-painted, gold-plated, and designed with the serenity of the eternal.","rel":"","context":"Similar post","block_context":{"text":"Similar post","link":""},"img":{"alt_text":"Pendientes artesanales en forma de Saturno ba\u00f1ados en oro, inspirados en el personaje Florencia de Andina by Ang\u00e9lica, representando anillos de luz y empoderamiento.","src":"https:\/\/i0.wp.com\/andinabyangelica.com\/wp-content\/uploads\/2025\/11\/2025_1113_16474300.jpeg?resize=350%2C200&ssl=1","width":350,"height":200,"srcset":"https:\/\/i0.wp.com\/andinabyangelica.com\/wp-content\/uploads\/2025\/11\/2025_1113_16474300.jpeg?resize=350%2C200&ssl=1 1x, https:\/\/i0.wp.com\/andinabyangelica.com\/wp-content\/uploads\/2025\/11\/2025_1113_16474300.jpeg?resize=525%2C300&ssl=1 1.5x, https:\/\/i0.wp.com\/andinabyangelica.com\/wp-content\/uploads\/2025\/11\/2025_1113_16474300.jpeg?resize=700%2C400&ssl=1 2x, https:\/\/i0.wp.com\/andinabyangelica.com\/wp-content\/uploads\/2025\/11\/2025_1113_16474300.jpeg?resize=1050%2C600&ssl=1 3x"},"classes":[]},{"id":6914,"url":"https:\/\/andinabyangelica.com\/en\/productos\/magazine-las-chicas-edicion-preorder\/","url_meta":{"origin":6941,"position":2},"title":"Magazine | \u201cLas Chicas: Preorder Edition\u201d","author":"andinabyangelica.com","date":"22 November 2025","format":false,"excerpt":"Un objeto editorial para atesorar. Este magazine te invita a entrar en el universo po\u00e9tico de Andina by Ang\u00e9lica: p\u00e1ginas que respiran arte, ilustraciones que cuentan historias y poes\u00edas que celebran la belleza de lo inesperado. Cada edici\u00f3n est\u00e1 creada como un peque\u00f1o ritual est\u00e9tico \u2014 lento, consciente y profundamente\u2026","rel":"","context":"Similar post","block_context":{"text":"Similar post","link":""},"img":{"alt_text":"Art Magazine Impreso","src":"https:\/\/i0.wp.com\/andinabyangelica.com\/wp-content\/uploads\/2025\/11\/IMG_0435.png?resize=350%2C200&ssl=1","width":350,"height":200,"srcset":"https:\/\/i0.wp.com\/andinabyangelica.com\/wp-content\/uploads\/2025\/11\/IMG_0435.png?resize=350%2C200&ssl=1 1x, https:\/\/i0.wp.com\/andinabyangelica.com\/wp-content\/uploads\/2025\/11\/IMG_0435.png?resize=525%2C300&ssl=1 1.5x, https:\/\/i0.wp.com\/andinabyangelica.com\/wp-content\/uploads\/2025\/11\/IMG_0435.png?resize=700%2C400&ssl=1 2x"},"classes":[]},{"id":7147,"url":"https:\/\/andinabyangelica.com\/en\/productos\/pendientes-el-cielo-la-luna-las-estrellas-de-maya\/","url_meta":{"origin":6941,"position":3},"title":"Pendientes \u201cEl Cielo, La Luna, Las Estrellas de Noah\u201d","author":"andinabyangelica.com","date":"17 December 2025","format":false,"excerpt":"Handcrafted earrings, meticulously hand-painted, gold-plated, and designed with the serenity of the eternal.","rel":"","context":"Similar post","block_context":{"text":"Similar post","link":""},"img":{"alt_text":"Pendientes artesanales inspirados en estrellas, el cielo pigmentado bajo la luz del sol, con luna ba\u00f1ada en oro, inspirados en el personaje Noa de Andina by Ang\u00e9lica.","src":"https:\/\/i0.wp.com\/andinabyangelica.com\/wp-content\/uploads\/2025\/12\/2025_1109_18451400-1.jpeg?resize=350%2C200&ssl=1","width":350,"height":200,"srcset":"https:\/\/i0.wp.com\/andinabyangelica.com\/wp-content\/uploads\/2025\/12\/2025_1109_18451400-1.jpeg?resize=350%2C200&ssl=1 1x, https:\/\/i0.wp.com\/andinabyangelica.com\/wp-content\/uploads\/2025\/12\/2025_1109_18451400-1.jpeg?resize=525%2C300&ssl=1 1.5x, https:\/\/i0.wp.com\/andinabyangelica.com\/wp-content\/uploads\/2025\/12\/2025_1109_18451400-1.jpeg?resize=700%2C400&ssl=1 2x, https:\/\/i0.wp.com\/andinabyangelica.com\/wp-content\/uploads\/2025\/12\/2025_1109_18451400-1.jpeg?resize=1050%2C600&ssl=1 3x"},"classes":[]},{"id":5196,"url":"https:\/\/andinabyangelica.com\/en\/productos\/pendientes-flores-verde-azul-turquesa\/","url_meta":{"origin":6941,"position":4},"title":"Earrings: Flowers Green Blue Turquoise","author":"andinabyangelica.com","date":"14 October 2024","format":false,"excerpt":"Handmade earrings, meticulously painted by hand, fusing art and luxury in every detail.","rel":"","context":"Similar post","block_context":{"text":"Similar post","link":""},"img":{"alt_text":"Chica de Andina by Ang\u00e9lica usando Pendientes artesanales en forma de flores pintados a mano con degradados en verde, azul turquesa y detalles en oro, inspirados en la naturaleza","src":"https:\/\/i0.wp.com\/andinabyangelica.com\/wp-content\/uploads\/2024\/10\/IMG_7094_1.jpeg?resize=350%2C200&ssl=1","width":350,"height":200,"srcset":"https:\/\/i0.wp.com\/andinabyangelica.com\/wp-content\/uploads\/2024\/10\/IMG_7094_1.jpeg?resize=350%2C200&ssl=1 1x, https:\/\/i0.wp.com\/andinabyangelica.com\/wp-content\/uploads\/2024\/10\/IMG_7094_1.jpeg?resize=525%2C300&ssl=1 1.5x, https:\/\/i0.wp.com\/andinabyangelica.com\/wp-content\/uploads\/2024\/10\/IMG_7094_1.jpeg?resize=700%2C400&ssl=1 2x, https:\/\/i0.wp.com\/andinabyangelica.com\/wp-content\/uploads\/2024\/10\/IMG_7094_1.jpeg?resize=1050%2C600&ssl=1 3x"},"classes":[]},{"id":7061,"url":"https:\/\/andinabyangelica.com\/en\/productos\/pendientes-luz-tucan-brisa\/","url_meta":{"origin":6941,"position":5},"title":"Earrings \u201cToucan Luz\u2019s Breeze\u201d","author":"andinabyangelica.com","date":"4 December 2025","format":false,"excerpt":"Handcrafted earrings, meticulously hand-painted, gold-plated, and designed with the serenity of the eternal.","rel":"","context":"Similar post","block_context":{"text":"Similar post","link":""},"img":{"alt_text":"Pendientes de tucanes artesanales pigmentados bajo la luz natural del sol, con trazos finos de pigmentos art\u00edsticos, lanas de colores y detalles en oro.","src":"https:\/\/i0.wp.com\/andinabyangelica.com\/wp-content\/uploads\/2025\/12\/2025_1113_14482900.jpeg?resize=350%2C200&ssl=1","width":350,"height":200,"srcset":"https:\/\/i0.wp.com\/andinabyangelica.com\/wp-content\/uploads\/2025\/12\/2025_1113_14482900.jpeg?resize=350%2C200&ssl=1 1x, https:\/\/i0.wp.com\/andinabyangelica.com\/wp-content\/uploads\/2025\/12\/2025_1113_14482900.jpeg?resize=525%2C300&ssl=1 1.5x, https:\/\/i0.wp.com\/andinabyangelica.com\/wp-content\/uploads\/2025\/12\/2025_1113_14482900.jpeg?resize=700%2C400&ssl=1 2x, https:\/\/i0.wp.com\/andinabyangelica.com\/wp-content\/uploads\/2025\/12\/2025_1113_14482900.jpeg?resize=1050%2C600&ssl=1 3x"},"classes":[]}],"jetpack_likes_enabled":true,"jetpack_sharing_enabled":true,"_links":{"self":[{"href":"https:\/\/andinabyangelica.com\/en\/wp-json\/wp\/v2\/product\/6941","targetHints":{"allow":["GET"]}}],"collection":[{"href":"https:\/\/andinabyangelica.com\/en\/wp-json\/wp\/v2\/product"}],"about":[{"href":"https:\/\/andinabyangelica.com\/en\/wp-json\/wp\/v2\/types\/product"}],"wp:featuredmedia":[{"embeddable":true,"href":"https:\/\/andinabyangelica.com\/en\/wp-json\/wp\/v2\/media\/6948"}],"wp:attachment":[{"href":"https:\/\/andinabyangelica.com\/en\/wp-json\/wp\/v2\/media?parent=6941"}],"wp:term":[{"taxonomy":"product_brand","embeddable":true,"href":"https:\/\/andinabyangelica.com\/en\/wp-json\/wp\/v2\/product_brand?post=6941"},{"taxonomy":"product_cat","embeddable":true,"href":"https:\/\/andinabyangelica.com\/en\/wp-json\/wp\/v2\/product_cat?post=6941"},{"taxonomy":"product_tag","embeddable":true,"href":"https:\/\/andinabyangelica.com\/en\/wp-json\/wp\/v2\/product_tag?post=6941"}],"curies":[{"name":"wp","href":"https:\/\/api.w.org\/{rel}","templated":true}]}}