{"id":7176,"date":"2025-12-17T18:10:36","date_gmt":"2025-12-17T17:10:36","guid":{"rendered":"https:\/\/andinabyangelica.com\/?post_type=product&#038;p=7176"},"modified":"2026-03-04T12:25:52","modified_gmt":"2026-03-04T11:25:52","slug":"pendientes-saturnos-intimos-noa","status":"publish","type":"product","link":"https:\/\/andinabyangelica.com\/en\/productos\/pendientes-saturnos-intimos-noa\/","title":{"rendered":"Earrings \u2018Noah\u2019s Intimate Saturns\u201c"},"content":{"rendered":"<blockquote><p><strong>\u201cModest in scale, limitless in significance.<\/strong><\/p>\n<p><strong>Saturns orbiting with her quiet tenacity\u201c.<\/strong><\/p><\/blockquote>\n<p>She speaks softly but says much.\nShe finds beauty in shadows, poetry in silences.<br \/>\nNoah is luminous silence, profound reading, a gaze that observes before speaking.<\/p>\n<p>Between pages and silences, Noa\u2019s pieces do not seek attention: they draw it through depth.<br \/>\nThey are poems hanging from the soul, verses turned into form, jewels for women who read the world slowly.<\/p>\n<p>Within this piece, Noah breathes \u2014 one of our five forces among the illustrated characters of Las Chicas.<\/p>\n<p>Her enigmatic, mysterious, and elegant energy guided every stroke and every fragment of this creation.<\/p>\n<p style=\"font-weight: 400;\"><em style=\"font-size: 16px; -webkit-text-size-adjust: 100%;\"><strong>Earrings crafted in my art studio, hand-painted, gold plated, <em>hooks <\/em>gold plated 18Kt of 1,2 mm.<\/strong><\/em><\/p>\n<p><strong>Product description;<\/strong><\/p>\n<ul>\n<li>Handmade hand-painted and patinated earrings under the natural light of the sun with soft strokes of artistic pigments. Copper material with gold-plated moon.<br \/>\n18 Kt gold-plated hooks, 1.2 mm. Approximate measurements: 3 cm wide and 4 cm high.<\/li>\n<\/ul>\n<p><strong>Notes*<\/strong> If you want to customize some detail of the earrings let us know and we will be happy to make the corresponding modifications.<\/p>\n<p><strong>Care of the jewels*<\/strong> The jewels are hand painted therefore, the colour and\/or enamel should avoid being wet or scratched abruptly as they could be removed.<\/p>\n<p><strong><em>Time of Production\u00a0<\/em><\/strong><\/p>\n<p style=\"font-weight: 400;\">Products are made to order due to our sustainability purpose.<\/p>\n<p>Our jewelry is crafted by hand, and each piece is truly unique. The natural reaction of the metal under sunlight cannot be controlled, nor can every brushstroke or cut\u2014each is shaped manually. This results in variations in color, size, and form, ensuring that no two pieces are ever exactly alike.<\/p>\n<p>Please note that there may be minor differences due to the methods described above.<\/p>\n<p>In case your order is for a gift, let us know that super special message you want us to convey for you. We will be happy to transcribe it on a very special card.<\/p>\n<p style=\"font-weight: 400;\">The approximate production time is 15 days. We keep a small margin of inventory. In case the product is already in stock, this time would not be necessary but is subject to notification.<\/p>\n<p style=\"font-weight: 400;\">In case the product is not in stock but the urgency is because you forgot a special occasion, and the gift is for the love of your life, message us, We will let you know if We manage to run to have the product on time, since we understand how difficult it is to find love \u2763\ufe0f.\u2763\ufe0f<\/p>\n<p style=\"font-weight: 400;\"><strong><em>Express Production<\/em><\/strong><\/p>\n<p style=\"font-weight: 400;\">We know that emergencies of emergencies can arise, because of this, we have an express production option. The production time is 4 days with an additional cost of 22\u20ac.<\/p>\n<p>&nbsp;<\/p>\n<h3>\u00bfFAQ?<\/h3>\n<p>&nbsp;<\/p>\n<p><strong>* \u00bfWhen and how to use this product?<\/strong><\/p>\n<ul>\n<li>Our products are designed to brighten your look as well as your mood. We believe in the little details of life and therefore, that every second in our life is a super special occasion to be radiant! Take them to that special trip, to your friends' wedding or bring them to that romantic dinner. Even when you\u2019re home and you just want to remind yourself how beautiful you are \u2728<\/li>\n<\/ul>\n<p>&nbsp;<\/p>","protected":false},"excerpt":{"rendered":"<p>Handcrafted earrings, meticulously hand-painted, gold-plated, and designed with the serenity of the eternal.<\/p>","protected":false},"featured_media":7185,"template":"","meta":{"_uag_custom_page_level_css":"","site-sidebar-layout":"default","site-content-layout":"","ast-site-content-layout":"default","site-content-style":"default","site-sidebar-style":"default","ast-global-header-display":"","ast-banner-title-visibility":"","ast-main-header-display":"","ast-hfb-above-header-display":"","ast-hfb-below-header-display":"","ast-hfb-mobile-header-display":"","site-post-title":"","ast-breadcrumbs-content":"","ast-featured-img":"","footer-sml-layout":"","ast-disable-related-posts":"","theme-transparent-header-meta":"default","adv-header-id-meta":"","stick-header-meta":"","header-above-stick-meta":"","header-main-stick-meta":"","header-below-stick-meta":"","astra-migrate-meta-layouts":"set","ast-page-background-enabled":"default","ast-page-background-meta":{"desktop":{"background-color":"","background-image":"","background-repeat":"repeat","background-position":"center center","background-size":"auto","background-attachment":"scroll","background-type":"","background-media":"","overlay-type":"","overlay-color":"","overlay-opacity":"","overlay-gradient":""},"tablet":{"background-color":"","background-image":"","background-repeat":"repeat","background-position":"center center","background-size":"auto","background-attachment":"scroll","background-type":"","background-media":"","overlay-type":"","overlay-color":"","overlay-opacity":"","overlay-gradient":""},"mobile":{"background-color":"","background-image":"","background-repeat":"repeat","background-position":"center center","background-size":"auto","background-attachment":"scroll","background-type":"","background-media":"","overlay-type":"","overlay-color":"","overlay-opacity":"","overlay-gradient":""}},"ast-content-background-meta":{"desktop":{"background-color":"var(--ast-global-color-5)","background-image":"","background-repeat":"repeat","background-position":"center center","background-size":"auto","background-attachment":"scroll","background-type":"","background-media":"","overlay-type":"","overlay-color":"","overlay-opacity":"","overlay-gradient":""},"tablet":{"background-color":"var(--ast-global-color-5)","background-image":"","background-repeat":"repeat","background-position":"center center","background-size":"auto","background-attachment":"scroll","background-type":"","background-media":"","overlay-type":"","overlay-color":"","overlay-opacity":"","overlay-gradient":""},"mobile":{"background-color":"var(--ast-global-color-5)","background-image":"","background-repeat":"repeat","background-position":"center center","background-size":"auto","background-attachment":"scroll","background-type":"","background-media":"","overlay-type":"","overlay-color":"","overlay-opacity":"","overlay-gradient":""}},"jetpack_post_was_ever_published":false},"product_brand":[],"product_cat":[124,60,123,134,61,135],"product_tag":[126,51,50,125],"class_list":{"0":"post-7176","1":"product","2":"type-product","3":"status-publish","4":"has-post-thumbnail","6":"product_cat-accesorios-art-to-wear","7":"product_cat-accesorios","8":"product_cat-art-to-wear","9":"product_cat-cosmos","10":"product_cat-pendientes","11":"product_cat-universo","12":"product_tag-accesorios","13":"product_tag-art","14":"product_tag-arte","15":"product_tag-cosmos","16":"desktop-align-center","17":"tablet-align-left","18":"mobile-align-left","20":"first","21":"instock","22":"shipping-taxable","23":"purchasable","24":"product-type-simple"},"aioseo_notices":[],"uagb_featured_image_src":{"full":["https:\/\/andinabyangelica.com\/wp-content\/uploads\/2025\/12\/2025_1113_16500300.jpeg",1152,2048,false],"thumbnail":["https:\/\/andinabyangelica.com\/wp-content\/uploads\/2025\/12\/2025_1113_16500300-150x150.jpeg",150,150,true],"medium":["https:\/\/andinabyangelica.com\/wp-content\/uploads\/2025\/12\/2025_1113_16500300-169x300.jpeg",169,300,true],"medium_large":["https:\/\/andinabyangelica.com\/wp-content\/uploads\/2025\/12\/2025_1113_16500300-768x1365.jpeg",768,1365,true],"large":["https:\/\/andinabyangelica.com\/wp-content\/uploads\/2025\/12\/2025_1113_16500300-576x1024.jpeg",576,1024,true],"1536x1536":["https:\/\/andinabyangelica.com\/wp-content\/uploads\/2025\/12\/2025_1113_16500300-864x1536.jpeg",864,1536,true],"2048x2048":["https:\/\/andinabyangelica.com\/wp-content\/uploads\/2025\/12\/2025_1113_16500300.jpeg",1152,2048,false],"trp-custom-language-flag":["https:\/\/andinabyangelica.com\/wp-content\/uploads\/2025\/12\/2025_1113_16500300-7x12.jpeg",7,12,true],"mailpoet_newsletter_max":["https:\/\/andinabyangelica.com\/wp-content\/uploads\/2025\/12\/2025_1113_16500300.jpeg",1152,2048,false],"woocommerce_thumbnail":["https:\/\/andinabyangelica.com\/wp-content\/uploads\/2025\/12\/2025_1113_16500300-300x300.jpeg",300,300,true],"woocommerce_single":["https:\/\/andinabyangelica.com\/wp-content\/uploads\/2025\/12\/2025_1113_16500300-600x1067.jpeg",600,1067,true],"woocommerce_gallery_thumbnail":["https:\/\/andinabyangelica.com\/wp-content\/uploads\/2025\/12\/2025_1113_16500300-100x100.jpeg",100,100,true]},"uagb_author_info":{"display_name":"andinabyangelica.com","author_link":"https:\/\/andinabyangelica.com\/en\/author\/"},"uagb_comment_info":0,"uagb_excerpt":"Pendientes artesanales, meticulosamente pintados a mano, ba\u00f1ados en oro y dise\u00f1ados con la calma de lo eterno.","jetpack-related-posts":[{"id":7283,"url":"https:\/\/andinabyangelica.com\/en\/productos\/pendientes-flores-de-manzana-verde-noah\/","url_meta":{"origin":7176,"position":0},"title":"Earrings \u201c Green Apple Blossoms \u2014 Noah\u201d","author":"andinabyangelica.com","date":"4 March 2026","format":false,"excerpt":"Handcrafted earrings, meticulously hand-painted, gold-plated, and designed with the serenity of the eternal.","rel":"","context":"Similar post","block_context":{"text":"Similar post","link":""},"img":{"alt_text":"Pendientes de flores de manzana verde hechos a mano y pintados con pigmentos art\u00edsticos, con tallos ba\u00f1ados en oro de la colecci\u00f3n Noa de Andina by Ang\u00e9lica.","src":"https:\/\/i0.wp.com\/andinabyangelica.com\/wp-content\/uploads\/2026\/03\/2025_0830_19233800.jpeg?resize=350%2C200&ssl=1","width":350,"height":200,"srcset":"https:\/\/i0.wp.com\/andinabyangelica.com\/wp-content\/uploads\/2026\/03\/2025_0830_19233800.jpeg?resize=350%2C200&ssl=1 1x, https:\/\/i0.wp.com\/andinabyangelica.com\/wp-content\/uploads\/2026\/03\/2025_0830_19233800.jpeg?resize=525%2C300&ssl=1 1.5x, https:\/\/i0.wp.com\/andinabyangelica.com\/wp-content\/uploads\/2026\/03\/2025_0830_19233800.jpeg?resize=700%2C400&ssl=1 2x, https:\/\/i0.wp.com\/andinabyangelica.com\/wp-content\/uploads\/2026\/03\/2025_0830_19233800.jpeg?resize=1050%2C600&ssl=1 3x"},"classes":[]},{"id":7274,"url":"https:\/\/andinabyangelica.com\/en\/productos\/pendientes-flores-entre-paginas-noa\/","url_meta":{"origin":7176,"position":1},"title":"Earrings \u201c Flowers between pages \u2014 Noah\u201d","author":"andinabyangelica.com","date":"2 March 2026","format":false,"excerpt":"Handcrafted earrings, meticulously hand-painted, gold-plated, and designed with the serenity of the eternal.","rel":"","context":"Similar post","block_context":{"text":"Similar post","link":""},"img":{"alt_text":"Handcrafted and hand painted Flowers earrings | Pendientes en forma de flor hechos de manera artesanal pintados a mano","src":"https:\/\/i0.wp.com\/andinabyangelica.com\/wp-content\/uploads\/2025\/09\/2025_0912_14042100.jpeg?resize=350%2C200&ssl=1","width":350,"height":200,"srcset":"https:\/\/i0.wp.com\/andinabyangelica.com\/wp-content\/uploads\/2025\/09\/2025_0912_14042100.jpeg?resize=350%2C200&ssl=1 1x, https:\/\/i0.wp.com\/andinabyangelica.com\/wp-content\/uploads\/2025\/09\/2025_0912_14042100.jpeg?resize=525%2C300&ssl=1 1.5x, https:\/\/i0.wp.com\/andinabyangelica.com\/wp-content\/uploads\/2025\/09\/2025_0912_14042100.jpeg?resize=700%2C400&ssl=1 2x, https:\/\/i0.wp.com\/andinabyangelica.com\/wp-content\/uploads\/2025\/09\/2025_0912_14042100.jpeg?resize=1050%2C600&ssl=1 3x"},"classes":[]},{"id":7147,"url":"https:\/\/andinabyangelica.com\/en\/productos\/pendientes-el-cielo-la-luna-las-estrellas-de-maya\/","url_meta":{"origin":7176,"position":2},"title":"Pendientes \u201cEl Cielo, La Luna, Las Estrellas de Noah\u201d","author":"andinabyangelica.com","date":"17 December 2025","format":false,"excerpt":"Handcrafted earrings, meticulously hand-painted, gold-plated, and designed with the serenity of the eternal.","rel":"","context":"Similar post","block_context":{"text":"Similar post","link":""},"img":{"alt_text":"Pendientes artesanales inspirados en estrellas, el cielo pigmentado bajo la luz del sol, con luna ba\u00f1ada en oro, inspirados en el personaje Noa de Andina by Ang\u00e9lica.","src":"https:\/\/i0.wp.com\/andinabyangelica.com\/wp-content\/uploads\/2025\/12\/2025_1109_18451400-1.jpeg?resize=350%2C200&ssl=1","width":350,"height":200,"srcset":"https:\/\/i0.wp.com\/andinabyangelica.com\/wp-content\/uploads\/2025\/12\/2025_1109_18451400-1.jpeg?resize=350%2C200&ssl=1 1x, https:\/\/i0.wp.com\/andinabyangelica.com\/wp-content\/uploads\/2025\/12\/2025_1109_18451400-1.jpeg?resize=525%2C300&ssl=1 1.5x, https:\/\/i0.wp.com\/andinabyangelica.com\/wp-content\/uploads\/2025\/12\/2025_1109_18451400-1.jpeg?resize=700%2C400&ssl=1 2x, https:\/\/i0.wp.com\/andinabyangelica.com\/wp-content\/uploads\/2025\/12\/2025_1109_18451400-1.jpeg?resize=1050%2C600&ssl=1 3x"},"classes":[]},{"id":6949,"url":"https:\/\/andinabyangelica.com\/en\/productos\/pendientes-saturno-de-florencia\/","url_meta":{"origin":7176,"position":3},"title":"Earrings \u201cFlorencia\u2019s Saturn\u201d","author":"andinabyangelica.com","date":"23 November 2025","format":false,"excerpt":"Handcrafted earrings, meticulously hand-painted, gold-plated, and designed with the serenity of the eternal.","rel":"","context":"Similar post","block_context":{"text":"Similar post","link":""},"img":{"alt_text":"Pendientes artesanales en forma de Saturno ba\u00f1ados en oro, inspirados en el personaje Florencia de Andina by Ang\u00e9lica, representando anillos de luz y empoderamiento.","src":"https:\/\/i0.wp.com\/andinabyangelica.com\/wp-content\/uploads\/2025\/11\/2025_1113_16474300.jpeg?resize=350%2C200&ssl=1","width":350,"height":200,"srcset":"https:\/\/i0.wp.com\/andinabyangelica.com\/wp-content\/uploads\/2025\/11\/2025_1113_16474300.jpeg?resize=350%2C200&ssl=1 1x, https:\/\/i0.wp.com\/andinabyangelica.com\/wp-content\/uploads\/2025\/11\/2025_1113_16474300.jpeg?resize=525%2C300&ssl=1 1.5x, https:\/\/i0.wp.com\/andinabyangelica.com\/wp-content\/uploads\/2025\/11\/2025_1113_16474300.jpeg?resize=700%2C400&ssl=1 2x, https:\/\/i0.wp.com\/andinabyangelica.com\/wp-content\/uploads\/2025\/11\/2025_1113_16474300.jpeg?resize=1050%2C600&ssl=1 3x"},"classes":[]},{"id":6941,"url":"https:\/\/andinabyangelica.com\/en\/productos\/pendientes-flores-azul-aguamarina-florencia-celeste\/","url_meta":{"origin":7176,"position":4},"title":"Earring Blue\u2013aquamarine flowers \u201c Celestial Florencia\"","author":"andinabyangelica.com","date":"23 November 2025","format":false,"excerpt":"Handcrafted earrings, meticulously hand-painted, gold-plated, and designed with the serenity of the eternal.","rel":"","context":"Similar post","block_context":{"text":"Similar post","link":""},"img":{"alt_text":"Pendientes de flores hechos a mano en tono azul aguamarina y celeste, pigmentados bajo los rayos del sol con finos trazos art\u00edsticos y detalles de hojas en oro.","src":"https:\/\/i0.wp.com\/andinabyangelica.com\/wp-content\/uploads\/2025\/11\/20251113_155442-scaled.jpeg?resize=350%2C200&ssl=1","width":350,"height":200,"srcset":"https:\/\/i0.wp.com\/andinabyangelica.com\/wp-content\/uploads\/2025\/11\/20251113_155442-scaled.jpeg?resize=350%2C200&ssl=1 1x, https:\/\/i0.wp.com\/andinabyangelica.com\/wp-content\/uploads\/2025\/11\/20251113_155442-scaled.jpeg?resize=525%2C300&ssl=1 1.5x, https:\/\/i0.wp.com\/andinabyangelica.com\/wp-content\/uploads\/2025\/11\/20251113_155442-scaled.jpeg?resize=700%2C400&ssl=1 2x, https:\/\/i0.wp.com\/andinabyangelica.com\/wp-content\/uploads\/2025\/11\/20251113_155442-scaled.jpeg?resize=1050%2C600&ssl=1 3x, https:\/\/i0.wp.com\/andinabyangelica.com\/wp-content\/uploads\/2025\/11\/20251113_155442-scaled.jpeg?resize=1400%2C800&ssl=1 4x"},"classes":[]},{"id":7136,"url":"https:\/\/andinabyangelica.com\/en\/productos\/pendientes-pajaros-con-gesto-de-maya\/","url_meta":{"origin":7176,"position":5},"title":"Birds in \u201cMaya\u2019s Gesture Earrings\u201d","author":"andinabyangelica.com","date":"16 December 2025","format":false,"excerpt":"Handcrafted earrings, meticulously hand-painted, gold-plated, and designed with the serenity of the eternal.","rel":"","context":"Similar post","block_context":{"text":"Similar post","link":""},"img":{"alt_text":"Pendientes de aves hechas a mano con texturas de pigmentos art\u00edsticos y lanas de colores, pigmentadas bajo la luz del sol, inspiradas en el personaje Maya.","src":"https:\/\/i0.wp.com\/andinabyangelica.com\/wp-content\/uploads\/2025\/12\/2025_1113_16243800.jpeg?resize=350%2C200&ssl=1","width":350,"height":200,"srcset":"https:\/\/i0.wp.com\/andinabyangelica.com\/wp-content\/uploads\/2025\/12\/2025_1113_16243800.jpeg?resize=350%2C200&ssl=1 1x, https:\/\/i0.wp.com\/andinabyangelica.com\/wp-content\/uploads\/2025\/12\/2025_1113_16243800.jpeg?resize=525%2C300&ssl=1 1.5x, https:\/\/i0.wp.com\/andinabyangelica.com\/wp-content\/uploads\/2025\/12\/2025_1113_16243800.jpeg?resize=700%2C400&ssl=1 2x, https:\/\/i0.wp.com\/andinabyangelica.com\/wp-content\/uploads\/2025\/12\/2025_1113_16243800.jpeg?resize=1050%2C600&ssl=1 3x"},"classes":[]}],"jetpack_likes_enabled":true,"jetpack_sharing_enabled":true,"_links":{"self":[{"href":"https:\/\/andinabyangelica.com\/en\/wp-json\/wp\/v2\/product\/7176","targetHints":{"allow":["GET"]}}],"collection":[{"href":"https:\/\/andinabyangelica.com\/en\/wp-json\/wp\/v2\/product"}],"about":[{"href":"https:\/\/andinabyangelica.com\/en\/wp-json\/wp\/v2\/types\/product"}],"wp:featuredmedia":[{"embeddable":true,"href":"https:\/\/andinabyangelica.com\/en\/wp-json\/wp\/v2\/media\/7185"}],"wp:attachment":[{"href":"https:\/\/andinabyangelica.com\/en\/wp-json\/wp\/v2\/media?parent=7176"}],"wp:term":[{"taxonomy":"product_brand","embeddable":true,"href":"https:\/\/andinabyangelica.com\/en\/wp-json\/wp\/v2\/product_brand?post=7176"},{"taxonomy":"product_cat","embeddable":true,"href":"https:\/\/andinabyangelica.com\/en\/wp-json\/wp\/v2\/product_cat?post=7176"},{"taxonomy":"product_tag","embeddable":true,"href":"https:\/\/andinabyangelica.com\/en\/wp-json\/wp\/v2\/product_tag?post=7176"}],"curies":[{"name":"wp","href":"https:\/\/api.w.org\/{rel}","templated":true}]}}